{"id":961,"date":"2018-05-24T10:21:30","date_gmt":"2018-05-24T08:21:30","guid":{"rendered":"http:\/\/aarsrapport.kristiansund.kommune.no\/a2018\/rammeomrader\/brann-og-redning-copy\/"},"modified":"2019-05-13T14:12:19","modified_gmt":"2019-05-13T12:12:19","slug":"helseinnovasjonssenter","status":"publish","type":"page","link":"https:\/\/aarsrapport.kristiansund.kommune.no\/2018\/rammeomrader\/helseinnovasjonssenter\/","title":{"rendered":"Helseinnovasjonssenter"},"content":{"rendered":"<h2>Fakta<\/h2>\n<p><strong>Regionalt responssenter<\/strong><\/p>\n<ul>\n<li>8,5 \u00e5rsverk<\/li>\n<li>Nye lokaler med oppdatert teknologisk infrastruktur og n\u00f8dstr\u00f8m 2019<\/li>\n<li>D\u00f8gnbemannet sentral<\/li>\n<li>\u00d8kte fra 5 til 11 medlemskommuner i 2017<\/li>\n<li>Tilknyttet velferdsteknologisk laboratorium og egen driftstekniker<\/li>\n<li>Utstrakt samhandlingsaktivitet med medlemskommuner, intern organisasjon i Kristiansund kommune og privat n\u00e6ringsliv<\/li>\n<\/ul>\n<p><strong>Responsteam<\/strong><\/p>\n<ul>\n<li>3 \u00e5rsverk &#8211; spesialsykepleiere innenfor ulike omr\u00e5der<\/li>\n<li>Betjener velferdsteknologiske alarmer for 3 roder i Kristiansund kommune<\/li>\n<li>Assisterer hjemmetjenesten p\u00e5 3 roder ved komplekse situasjoner og\/eller sykepleieveiledning<\/li>\n<li>Gjennomf\u00f8rer oppl\u00e6ring av andre ansatte p\u00e5 tvers av 1. og 2.linjetjenesten<\/li>\n<li>Kompetanseheving\/veiledning og undervisning av annet helsepersonell, b\u00e5de i Kristiansund kommune og ved sykehuset i Kristiansund<\/li>\n<li>F\u00f8lger opp pasienter i \u201cHjemmesykehus\u201d<\/li>\n<\/ul>\n<h2>M\u00e5l og resultater<\/h2>\n<p>Gode tjenester med fokus p\u00e5 kvalitet, tilgjengelighet og brukermedvirkning.<\/p>\n<p><strong>Tjenesteutvikling<\/strong><\/p>\n<ul>\n<li>Komplekst fagomr\u00e5de i en \u00f8kende digital hverdag<\/li>\n<li>Lang oppl\u00e6ringsperiode av nye ansatte f\u00f8r selvstendig virke<\/li>\n<\/ul>\n<ul>\n<li>Etablert plan for nyoppl\u00e6ring av ansatte og egen fadderordning<\/li>\n<li>Anskaffet og implementer nytt, digitalt system for h\u00e5ndtering av velferdsteknologiske alarmer, samt system for lokaliseringsteknologi<\/li>\n<li>Tjenesteinnovasjon gjennom etablering av \u201cresponsteam\u201d<\/li>\n<\/ul>\n<p><strong>Organisasjonsutvikling<\/strong><\/p>\n<ul>\n<li>\u00d8kning p\u00e5 5,5 \u00e5rsverk i 2018 med bakgrunn i \u00f8kt medlemsmasse og etablering av responsteam<\/li>\n<li>Driftstekniker leder eget \u201cnettverk for driftsteknikere\u201d p\u00e5 Nordm\u00f8re. Tjenesteinnovasjon<\/li>\n<li>Opprettet velferdsteknologisk laboratorium<\/li>\n<li>Flere ansatte med p\u00e5g\u00e5ende og relevant videreutdanning<\/li>\n<\/ul>\n<h2>Utfordringer og planer<\/h2>\n<p>Utfordringer og planer tar utgangspunkt i kommuneplanens samfunnsdel og eksisterende handlingsplaner.<\/p>\n<p>Det er f\u00e5 ansatte i regionene med kompetanse p\u00e5 omr\u00e5det. Det gj\u00f8r det krevende \u00e5 rekruttere personell som kan g\u00e5 rett inn \u00e5 heve kvaliteten i tjenesten. \u00c5 bygge opp medarbeidere til \u00e5 lede an i tjenesteut\u00f8velsen og \u2013utviklingen vil v\u00e6re en suksessfaktor fremover.<\/p>\n","protected":false},"excerpt":{"rendered":"<p>Fakta Regionalt responssenter 8,5 \u00e5rsverk Nye lokaler med oppdatert teknologisk infrastruktur og n\u00f8dstr\u00f8m 2019 D\u00f8gnbemannet sentral \u00d8kte fra 5 til 11 medlemskommuner i 2017 Tilknyttet velferdsteknologisk laboratorium og egen driftstekniker Utstrakt samhandlingsaktivitet med medlemskommuner, intern organisasjon i Kristiansund kommune og privat n\u00e6ringsliv Responsteam 3 \u00e5rsverk &#8211; spesialsykepleiere innenfor ulike omr\u00e5der Betjener velferdsteknologiske alarmer for 3 [&hellip;]<\/p>\n","protected":false},"author":2,"featured_media":0,"parent":30,"menu_order":63,"comment_status":"closed","ping_status":"closed","template":"","meta":[],"acf":[],"_links":{"self":[{"href":"https:\/\/aarsrapport.kristiansund.kommune.no\/2018\/wp-json\/wp\/v2\/pages\/961"}],"collection":[{"href":"https:\/\/aarsrapport.kristiansund.kommune.no\/2018\/wp-json\/wp\/v2\/pages"}],"about":[{"href":"https:\/\/aarsrapport.kristiansund.kommune.no\/2018\/wp-json\/wp\/v2\/types\/page"}],"author":[{"embeddable":true,"href":"https:\/\/aarsrapport.kristiansund.kommune.no\/2018\/wp-json\/wp\/v2\/users\/2"}],"replies":[{"embeddable":true,"href":"https:\/\/aarsrapport.kristiansund.kommune.no\/2018\/wp-json\/wp\/v2\/comments?post=961"}],"version-history":[{"count":0,"href":"https:\/\/aarsrapport.kristiansund.kommune.no\/2018\/wp-json\/wp\/v2\/pages\/961\/revisions"}],"up":[{"embeddable":true,"href":"https:\/\/aarsrapport.kristiansund.kommune.no\/2018\/wp-json\/wp\/v2\/pages\/30"}],"wp:attachment":[{"href":"https:\/\/aarsrapport.kristiansund.kommune.no\/2018\/wp-json\/wp\/v2\/media?parent=961"}],"curies":[{"name":"wp","href":"https:\/\/api.w.org\/{rel}","templated":true}]}}