{"id":96,"date":"2016-05-20T13:00:56","date_gmt":"2016-05-20T11:00:56","guid":{"rendered":"http:\/\/ksu.wpengine.com\/ksu-2\/arsregnskap\/statlige-rammebetingelser\/"},"modified":"2019-04-25T12:38:36","modified_gmt":"2019-04-25T10:38:36","slug":"statlige-rammebetingelser","status":"publish","type":"page","link":"https:\/\/aarsrapport.kristiansund.kommune.no\/2018\/arsregnskap\/statlige-rammebetingelser\/","title":{"rendered":"Statlige rammebetingelser"},"content":{"rendered":"<p>I statsbudsjettet for 2018 la regjeringen opp til en nominell vekst i kommunesektorens frie inntekter p\u00e5 2,6\u00a0% i forhold til anslag p\u00e5 regnskap for 2017. Realveksten i kommunesektorens frie inntekter for 2018 ble ansl\u00e5tt til 3,6\u00a0mrd.\u00a0kroner, og ansl\u00e5tt kostnadsvekst i kommunesektoren (deflator) i 2018 var p\u00e5 3,0 % basert p\u00e5 siste vurdering ved framleggelsen av statsbudsjettet 2019.<\/p>\n<h2>Frie inntekter<\/h2>\n<p>I statsbudsjettet defineres frie inntekter som summen av skatt, rammetilskudd og l\u00f8pende inntektsutjevning. I tillegg kan inntekter fra eiendomsskatt, tilskudd til flyktninger og finans p\u00e5 samme linje benyttes fritt etter egne \u00f8nsker, behov og prioriteringer.<\/p>\n<p>Inntektene fra skatt og rammetilskudd \u00f8kte med 41,0 mill. kroner fra 2017 og var p\u00e5 totalt 1 290 mill. kroner i 2018. Det tilsvarer en nominell vekst p\u00e5 3,2 % fra 2017.<\/p>\n<p>Kommunens skatteinntekter ble 637,9 mill. kroner i 2018, en vekst p\u00e5 3,8 % fra 2017. For \u00e5 kunne gi et likeverdig tjenestetilbud til innbyggerne omfordeles skatteinntektene mellom kommunene gjennom s\u00e5kalt inntektsutjevning. Kristiansund har skatteinntekter under landsgjennomsnittet. Dermed kompenseres om lag 90 % av differansen mellom eget niv\u00e5 og landsgjennomsnittet med inntektsutjevning. De frie inntektene ble 14,1 mill. kroner h\u00f8yere enn opprinnelig budsjettert, og 5,2 mill. kroner h\u00f8yere enn revidert budsjett. Hovedsakelig skyldes det at skatteinntektene p\u00e5 nasjonalt niv\u00e5 ble h\u00f8yere enn prognosen, og at det ogs\u00e5 p\u00e5virker inntektsutjevningen og tildelt bel\u00f8p til oss.<\/p>\n<p>Kommunen fikk overf\u00f8rt 652,6 mill. kroner i rammetilskudd fra staten, en vekst p\u00e5 2,6 % fra 2017. \u00d8kningen skal v\u00e6re med \u00e5 dekke \u00f8kte utgifter p\u00e5 grunn av generell l\u00f8nns- og prisstigning. I tillegg skal de \u00f8kte inntektene v\u00e6re med p\u00e5 \u00e5 finansiere nye oppgaver og tjenester kommunen skal utf\u00f8re for innbyggerne.<\/p>\n<p>Utgiftsutjevning i rammetilskuddet skal kompensere kommunene for ulik behovsstruktur, som for eksempel demografiske, geografiske og sosiale forskjeller. Fordi Kristiansund kommune er en relativt lettdrevet kommune gir utgiftsutjevningen en reduksjon i rammetilskuddet. Indeks lavere enn 1 indikerer at utgiftsbehovet er lavere enn landsgjennomsnittet, og for Kristiansund var denne p\u00e5 0,9837 i 2018. Dermed ble kommunen trukket for 19,9 mill. kroner i rammetilskudd i 2018.<\/p>\n<h4 style=\"text-align: center;\">Frie inntekter fra skatt og rammetilskudd<\/h4>\n<table style=\"width: 100.041%;\" width=\"100%\" cellspacing=\"0\" cellpadding=\"10\">\n<thead>\n<tr>\n<th style=\"background-color: #f9f9f9; --darkreader-inline-bgcolor: #292b2c; width: 48%;\" valign=\"bottom\" bgcolor=\"#f2f2f2\" width=\"48%\" data-darkreader-inline-bgcolor=\"\"><\/th>\n<th style=\"background-color: #f9f9f9; --darkreader-inline-bgcolor: #292b2c; width: 10%;\" valign=\"bottom\" bgcolor=\"#f2f2f2\" width=\"10%\" data-darkreader-inline-bgcolor=\"\">\n<p align=\"right\">2014<\/p>\n<\/th>\n<th style=\"background-color: #f9f9f9; --darkreader-inline-bgcolor: #292b2c; width: 10%;\" bgcolor=\"#f2f2f2\" width=\"10%\" data-darkreader-inline-bgcolor=\"\">\n<p align=\"right\">2015<\/p>\n<\/th>\n<th style=\"background-color: #f9f9f9; --darkreader-inline-bgcolor: #292b2c; width: 10%;\" bgcolor=\"#f2f2f2\" width=\"10%\" data-darkreader-inline-bgcolor=\"\">\n<p align=\"right\">2016<\/p>\n<\/th>\n<th style=\"background-color: #f9f9f9; --darkreader-inline-bgcolor: #292b2c; width: 5%;\" bgcolor=\"#c3e0f2\" width=\"10%\" data-darkreader-inline-bgcolor=\"\">\n<p align=\"right\">2017<\/p>\n<\/th>\n<th style=\"background-color: #f9f9f9; --darkreader-inline-bgcolor: #292b2c; width: 5%;\" data-darkreader-inline-bgcolor=\"\">\n<p align=\"right\">2018<\/p>\n<\/th>\n<\/tr>\n<\/thead>\n<colgroup>\n<col width=\"122*\" \/>\n<col width=\"27*\" \/>\n<col width=\"27*\" \/>\n<col width=\"27*\" \/>\n<col width=\"27*\" \/>\n<col width=\"27*\" \/> <\/colgroup>\n<tbody>\n<tr valign=\"bottom\">\n<td style=\"width: 48%;\" width=\"48%\" height=\"1\">Andel av totale inntekter<\/td>\n<td style=\"width: 10%;\" width=\"10%\">\n<p align=\"right\">63,8<\/p>\n<\/td>\n<td style=\"width: 10%;\" width=\"10%\">\n<p align=\"right\">63,1<\/p>\n<\/td>\n<td style=\"width: 10%;\" width=\"10%\">\n<p align=\"right\">65,3<\/p>\n<\/td>\n<td style=\"background-color: #ffffff; width: 10%;\" bgcolor=\"#c3e0f2\" width=\"10%\" data-darkreader-inline-bgcolor=\"\">\n<p align=\"right\">62<\/p>\n<\/td>\n<td style=\"background-color: #f4f9f8; --darkreader-inline-bgcolor: #243431; width: 5%;\" data-darkreader-inline-bgcolor=\"\">\n<p align=\"right\">63,0<\/p>\n<\/td>\n<\/tr>\n<tr valign=\"bottom\">\n<td style=\"width: 48%;\" width=\"48%\" height=\"1\">Skatt og rammetilskudd per innbygger<\/td>\n<td style=\"width: 10%;\" width=\"10%\">\n<p align=\"right\">46 440<\/p>\n<\/td>\n<td style=\"width: 10%;\" width=\"10%\">\n<p align=\"right\">47 395<\/p>\n<\/td>\n<td style=\"width: 10%;\" width=\"10%\">\n<p align=\"right\">49 777<\/p>\n<\/td>\n<td style=\"background-color: #ffffff;\" bgcolor=\"#c3e0f2\" width=\"10%\" data-darkreader-inline-bgcolor=\"\">\n<p align=\"right\">51 416<\/p>\n<\/td>\n<td style=\"background-color: #f4f9f8; --darkreader-inline-bgcolor: #243431; width: 5%;\" data-darkreader-inline-bgcolor=\"\">\n<p align=\"right\">53 162<\/p>\n<\/td>\n<\/tr>\n<tr valign=\"bottom\">\n<td style=\"width: 48%;\" width=\"48%\" height=\"1\">Skatt og rammetilskudd per innbygger i prosent av landsgjennomsnittet<\/td>\n<td style=\"width: 10%;\" width=\"10%\">\n<p align=\"right\">94,5<\/p>\n<\/td>\n<td style=\"width: 10%;\" width=\"10%\">\n<p align=\"right\">93,6<\/p>\n<\/td>\n<td style=\"width: 10%;\" width=\"10%\">\n<p align=\"right\">93,6<\/p>\n<\/td>\n<td style=\"--darkreader-inline-bgcolor: #393c3e; background-color: #ffffff;\" bgcolor=\"#c3e0f2\" width=\"10%\" data-darkreader-inline-bgcolor=\"\">\n<p align=\"right\">93,9<\/p>\n<\/td>\n<td style=\"background-color: #f4f9f8; --darkreader-inline-bgcolor: #243431; width: 5%;\" data-darkreader-inline-bgcolor=\"\">\n<p align=\"right\">94,6<\/p>\n<\/td>\n<\/tr>\n<tr valign=\"bottom\">\n<td style=\"width: 48%;\" width=\"48%\">Andel av driftsutgiftene som dekkes av skatt og rammetilskudd<\/td>\n<td style=\"width: 10%;\" width=\"10%\">\n<p align=\"right\">63,2<\/p>\n<\/td>\n<td style=\"width: 10%;\" width=\"10%\">\n<p align=\"right\">64,0<\/p>\n<\/td>\n<td style=\"width: 10%;\" width=\"10%\">\n<p align=\"right\">65,2<\/p>\n<\/td>\n<td style=\"--darkreader-inline-bgcolor: #393c3e; background-color: #ffffff;\" bgcolor=\"#c3e0f2\" width=\"10%\" data-darkreader-inline-bgcolor=\"\">\n<p align=\"right\">62,5<\/p>\n<\/td>\n<td style=\"background-color: #f4f9f8; --darkreader-inline-bgcolor: #243431; width: 5%;\" data-darkreader-inline-bgcolor=\"\">\n<p align=\"right\">62,1<\/p>\n<\/td>\n<\/tr>\n<\/tbody>\n<\/table>\n<h2>Nye elementer i statsbudsjettet<\/h2>\n<p>Inntektssystemet ble revidert f\u00f8r statsbudsjettet 2017. Av st\u00f8rre endringer var at basistilskuddet ble omgjort til en fast del, og en del som ble fastsatt ut fra befolkningstetthet. Videre ble kostnadsn\u00f8klene oppdatert og det ble foretatt en omlegging av de distriktspolitiske tilskuddene. For Kristiansund kommune ble det isolert en reduksjon i basistilskuddet. Det ble likevel mer enn oppveid gjennom at midlene fra basistilskuddet i stor grad ble omfordelt pr innbygger.<\/p>\n<p>Det var flere nye elementer i statsbudsjettet for 2018 som ble finansiert delvis ved \u00f8kte frie inntekter, delvis ved \u00f8remerkede tilskudd og delvis ved reversering av tidligere satsinger.<\/p>\n<p align=\"justify\">Dette omfattet blant annet:<\/p>\n<ul>\n<li>\u00d8kt faglig og \u00f8konomisk ansvar for barnevernet<\/li>\n<li>Opptrappingsplan for rusfeltet<\/li>\n<li>Satsing p\u00e5 helsestasjon og skolehelsetjenesten<\/li>\n<li>Tilskudd til rekruttering av psykologer<\/li>\n<li>Dagaktivitetsplasser for demente<\/li>\n<li>Tidlig innsats i barnehage og skole<\/li>\n<\/ul>\n","protected":false},"excerpt":{"rendered":"<p>I statsbudsjettet for 2018 la regjeringen opp til en nominell vekst i kommunesektorens frie inntekter p\u00e5 2,6\u00a0% i forhold til anslag p\u00e5 regnskap for 2017. Realveksten i kommunesektorens frie inntekter for 2018 ble ansl\u00e5tt til 3,6\u00a0mrd.\u00a0kroner, og ansl\u00e5tt kostnadsvekst i kommunesektoren (deflator) i 2018 var p\u00e5 3,0 % basert p\u00e5 siste vurdering ved framleggelsen av [&hellip;]<\/p>\n","protected":false},"author":2,"featured_media":0,"parent":29,"menu_order":29,"comment_status":"closed","ping_status":"closed","template":"","meta":[],"acf":[],"_links":{"self":[{"href":"https:\/\/aarsrapport.kristiansund.kommune.no\/2018\/wp-json\/wp\/v2\/pages\/96"}],"collection":[{"href":"https:\/\/aarsrapport.kristiansund.kommune.no\/2018\/wp-json\/wp\/v2\/pages"}],"about":[{"href":"https:\/\/aarsrapport.kristiansund.kommune.no\/2018\/wp-json\/wp\/v2\/types\/page"}],"author":[{"embeddable":true,"href":"https:\/\/aarsrapport.kristiansund.kommune.no\/2018\/wp-json\/wp\/v2\/users\/2"}],"replies":[{"embeddable":true,"href":"https:\/\/aarsrapport.kristiansund.kommune.no\/2018\/wp-json\/wp\/v2\/comments?post=96"}],"version-history":[{"count":0,"href":"https:\/\/aarsrapport.kristiansund.kommune.no\/2018\/wp-json\/wp\/v2\/pages\/96\/revisions"}],"up":[{"embeddable":true,"href":"https:\/\/aarsrapport.kristiansund.kommune.no\/2018\/wp-json\/wp\/v2\/pages\/29"}],"wp:attachment":[{"href":"https:\/\/aarsrapport.kristiansund.kommune.no\/2018\/wp-json\/wp\/v2\/media?parent=96"}],"curies":[{"name":"wp","href":"https:\/\/api.w.org\/{rel}","templated":true}]}}