{"id":92,"date":"2016-05-20T13:00:56","date_gmt":"2016-05-20T11:00:56","guid":{"rendered":"http:\/\/ksu.wpengine.com\/ksu-2\/styring-og-kontroll\/klima-og-miljo\/"},"modified":"2019-05-27T15:11:18","modified_gmt":"2019-05-27T13:11:18","slug":"klima-og-miljo","status":"publish","type":"page","link":"https:\/\/aarsrapport.kristiansund.kommune.no\/2018\/styring-og-kontroll\/klima-og-miljo\/","title":{"rendered":"Klima og milj\u00f8"},"content":{"rendered":"<h1>M\u00e5l og resultater<\/h1>\n<p>Kristiansund skal v\u00e6re en deltaker i det globale arbeidet med \u00e5 redusere utslipp av klimagasser. Vi skal ha klima- og milj\u00f8perspektiv i alt vi gj\u00f8r.<\/p>\n<p>Et overordnet m\u00e5l for alt klimaarbeid er \u00e5 skape st\u00f8rst mulige ringvirkninger og effekter av forbedringstiltakene. Det er nettopp dette vi \u00f8nsker \u00e5 oppn\u00e5 ved \u00e5 inng\u00e5 tverrkommunale samarbeid. Klima- og milj\u00f8arbeidet skal forbedres gjennom bevisstgj\u00f8ring og kompetanseheving.<\/p>\n<p>Klimaregnskap for organisasjonen skal v\u00e6re et verkt\u00f8y som gir oss grunnlag for riktige beslutninger ved valg av klimatiltak. Det har blitt arbeidet med \u00e5 \u00f8ke kvalitet og omfang av inputdata til regnskapet. Bystyret har vedtatt at b\u00e5de klimaregnskap og klimabudsjett skal tas inn som en del av den ordin\u00e6re virksomhetsstyringen fra 2020.<br \/>\nDette skal ansvarliggj\u00f8res i alle deler av kommuneorganisasjonen.<\/p>\n<p>Kommunen skal v\u00e6re en p\u00e5driver for milj\u00f8- og klimaarbeidet i kommunesamfunnet. Samarbeid med n\u00e6ringslivet er avgj\u00f8rende for \u00e5 oppn\u00e5 effektive tiltak.<\/p>\n<p>Alle u\u00f8nskede milj\u00f8tilstander kan ha helsekonsekvenser. Derfor har kommunen kontinuerlig overv\u00e5kning av hav-, vann-, land- og luftforurensning. Klima- og milj\u00f8konsekvenser blir vurdert i alt kommunalt planarbeid.<\/p>\n<h2>ORGANISASJONEN KRISTIANSUND KOMMUNE<\/h2>\n<p>Kommunale enheter har kommet med innspill til klimatiltak. Effektive klimatiltak er avgj\u00f8rende for arbeidet med \u00e5 utvikle klimabudsjett. Bystyret har vedtatt at klimaregnskap og klimabudsjett skal taes med som en del av den ordin\u00e6re virksomhetsstyringen fra 2020.<\/p>\n<p>Kristiansund samarbeider med flere kommuner om klimaarbeid. Kristiansund har her en koordinatorrolle. Dette gj\u00f8res for \u00e5 styrke klimakompetansen ytterligere, og for \u00e5 styrke det interkommunale samarbeidet.<\/p>\n<table width=\"676\">\n<thead>\n<tr>\n<th width=\"338\">M\u00e5l<\/th>\n<th width=\"338\">Resultat og kommentar<\/th>\n<\/tr>\n<\/thead>\n<tbody>\n<tr>\n<td width=\"338\"><strong>Vi skal ha et klima \u2013 og milj\u00f8perspektiv i alt vi gj\u00f8r<\/strong><\/p>\n<p>&nbsp;<\/td>\n<td style=\"text-align: left;\" width=\"338\">Vedtatt i kommuneplanens samfunnsdel.<\/td>\n<\/tr>\n<tr>\n<td width=\"338\"><strong>Klima og milj\u00f8-perspektivet <\/strong><\/td>\n<td style=\"text-align: left;\" width=\"338\">Tatt inn i trafikksikkerhetsplanen<\/td>\n<\/tr>\n<tr>\n<td width=\"338\"><strong>\u00d8kt investeringer i lavutslippsbiler<\/strong><\/p>\n<p><strong>\u00a0<\/strong><\/td>\n<td style=\"text-align: left;\" width=\"338\">Kommunen har n\u00e5 15 eklektiske biler, Av disse er 11 tatt i bruk i 2018.<\/td>\n<\/tr>\n<tr>\n<td width=\"338\"><strong>Redusert reiseaktivitet ved \u00f8kt bruk av elektronisk kommunikasjon<\/strong><\/td>\n<td style=\"text-align: left;\" width=\"338\">Teams og Skype4b er tatt i bruk i hele organisasjonen og har effektivisert<\/p>\n<p>kommunikasjon og samhandling i organisasjonen. Mindre behov for reiser.<\/td>\n<\/tr>\n<tr>\n<td width=\"338\"><strong>\u00d8kt bruk av sky-l\u00f8sninger <\/strong><\/td>\n<td style=\"text-align: left;\" width=\"338\">Utfasing av serversentral i r\u00e5dhuset Redusert str\u00f8mforbruk<\/td>\n<\/tr>\n<tr>\n<td width=\"338\"><strong>Redusere energibruken ved bruk av LED-gatelys.<\/strong><\/td>\n<td style=\"text-align: left;\" width=\"338\">&nbsp;<\/p>\n<p>Montert 716 nye ledlys\u00a0 i 2018, tilsvarer \u00e5rlig 200.000 kwh pr \u00e5r i bespart str\u00f8m.<\/td>\n<\/tr>\n<tr>\n<td width=\"338\"><strong>Overv\u00e5kning av deponi p\u00e5 Hagelin<\/strong><\/td>\n<td style=\"text-align: left;\" width=\"338\">Kommunen overv\u00e5ker giftlekkasje fra deponiet til Dalabukta.<\/td>\n<\/tr>\n<tr>\n<td width=\"338\"><strong>Redusert energibruken ved<\/strong><\/td>\n<td style=\"text-align: left;\" width=\"338\">Effektivisere drift av biooljekjeler og elkjeler , utarbeide planer for utfasing av fossile energikilder.<\/p>\n<p>Totalt sett har vi et m\u00e5l om \u00e5 spare 5,5 mill kWh, ved \u00e5 tune allerede installerte SD anlegg og forbedre infrastrukturen og utstyr i byggene v\u00e5re.<\/p>\n<p>Ved alle nye bygg prosjekteres varmepumpeteknologi og andre energil\u00f8sninger og automatikk, som i hvert enkelt tilfelle er det mest \u00f8konomiske og effektive.<\/p>\n<p>12 Ulike EN\u00d8K-investeringsprosjekt er igangsatt i tillegg til energisparefokus i alle driftsprosjekter.<\/p>\n<p>&nbsp;<\/td>\n<\/tr>\n<tr>\n<td width=\"338\"><strong>Redusere energibruken ved aktiv lekkasjereduksjon i drikkevannsnettet<\/strong><\/p>\n<p><strong>\u00a0<\/strong><\/td>\n<td style=\"text-align: left;\" width=\"338\">Tradisjonelt er lekkasjeniv\u00e5et p\u00e5 drikkevann i Norge h\u00f8yt, Kristiansund kommune har satset mye p\u00e5 lekkasjes\u00f8k og -reduserende tiltak som reduserer energiforbruk knyttet til rensing og transport av vann.<\/p>\n<p>&nbsp;<\/td>\n<\/tr>\n<tr>\n<td width=\"338\"><strong>Nytt kloakkanlegg<\/strong><\/td>\n<td style=\"text-align: left;\" width=\"338\">&nbsp;<\/p>\n<p>Resipientunders\u00f8kelse er utf\u00f8rt, rapport gjenst\u00e5r. Neste er planlagt i 2023.<\/p>\n<p>&nbsp;<\/p>\n<p>Strengere regelverk for p\u00e5slipp p\u00e5 offentlig avl\u00f8psnett har v\u00e6rt under utarbeidelse i 2018, og iverksatt tidlig i 2019. Fokus p\u00e5 olje- og fettp\u00e5slipp fra n\u00e6ringsdrivende abonnenter<\/td>\n<\/tr>\n<tr>\n<td width=\"338\"><strong>Forbedret varsling av byluftkvalitet<\/strong><\/p>\n<p><strong>\u00a0<\/strong><\/td>\n<td style=\"text-align: left;\" width=\"338\">Modell fra milj\u00f8direktoratet og Statens Vegvesen er lansert, og implementert p\u00e5 kommunen sine nettsider. Lokale radiostasjoner er dessuten oppfordret til \u00e5 formidle kvaliteten sammen med v\u00e6rvarselet.<\/p>\n<p>&nbsp;<\/td>\n<\/tr>\n<tr>\n<td width=\"338\"><strong>\u00a0<\/strong><\/p>\n<p><strong>Milj\u00f8- og klimaplan for offentlige anskaffelser<\/strong><\/td>\n<td style=\"text-align: left;\" width=\"338\">\u00a0Vi har startet et prosjekt for utarbeidelse av en klima- og milj\u00f8plan for offentlige anskaffelser. Klimafotavtrykk fra anskaffelser utgj\u00f8r den langt st\u00f8rste andelen av klimafotavtrykket fra en kommune.<\/p>\n<p>&nbsp;<\/td>\n<\/tr>\n<tr>\n<td width=\"338\"><strong>\u00a0<\/strong><\/p>\n<p><strong>\u00d8ke v\u00e5r klima- og milj\u00f8kompetanse.<\/strong><\/p>\n<p><strong>Dele kunnskap og erfaring.<\/strong><\/td>\n<td style=\"text-align: left;\" width=\"338\">Administrasjonen styrker sin kompetanse gjennom tverrkommunalt og tverrsektorielt samarbeid.<\/p>\n<p>&nbsp;<\/p>\n<p>Utredninger og vurdering av milj\u00f8-, energi- og klimakonsekvenser gjennomf\u00f8res i alle kommunale planer.<\/p>\n<p>&nbsp;<\/p>\n<p>Tiltaksplan er under utarbeidelse<\/td>\n<\/tr>\n<tr>\n<td width=\"338\"><strong>Forenklet datainnsamling til klimaregnskapet<\/strong><\/td>\n<td style=\"text-align: left;\" width=\"338\">Automatisk innhenting av data fra dieselpumpe og fra NEAS (str\u00f8mm\u00e5lere)<\/td>\n<\/tr>\n<\/tbody>\n<\/table>\n<h2>KRISTIANSUND SOM SAMFUNN<\/h2>\n<table width=\"628\">\n<thead>\n<tr>\n<th style=\"width: 328px;\">M\u00e5l<\/th>\n<th style=\"width: 284px;\">Resultat og kommentar<\/th>\n<\/tr>\n<\/thead>\n<tbody>\n<tr>\n<td style=\"width: 328px;\"><strong>Redusere klimagassutslippene<\/strong><\/td>\n<td style=\"width: 284px;\"><\/td>\n<\/tr>\n<tr>\n<td style=\"width: 328px;\"><strong>Innen 2050: 80-90\u00a0% reduksjon i Norge, det vil si 1-2 tonn per innbygger per \u00e5r. <\/strong><\/td>\n<td style=\"width: 284px; text-align: left;\">Temperatur\u00f8kning m\u00e5 stoppes ved redusert utslipp av klimagasser. Norge har underskrevet Parisavtalen (2015).<\/td>\n<\/tr>\n<tr>\n<td style=\"width: 328px;\"><strong>\u00abFjerne klimaendring som en alvorlig trussel mot global velstand og helse\u00bb <\/strong><\/td>\n<td style=\"width: 284px; text-align: left;\">Kommunal samfunnsplan.<\/p>\n<p>Alles ansvar, men s\u00e6rdeles ansvar har politikere og statsledere.<\/td>\n<\/tr>\n<tr>\n<td style=\"width: 328px;\"><strong>Redusere klimautslippene ved \u00e5 gj\u00f8re klimavennlige valg til de enkleste valgene for befolkningen.<\/strong><\/p>\n<p><strong>\u00a0<\/strong><\/td>\n<td style=\"width: 284px; text-align: left;\">Bystyret \u00f8nsker at kommuneorganisasjonen skal v\u00e6re en p\u00e5driver for \u00e5 redusere utslipp fra hele kommunesamfunnet.<\/td>\n<\/tr>\n<tr>\n<td style=\"width: 328px;\"><strong>Arealplanlegginga skal vektlegge behovet for \u00e5 minimalisere samlet transportarbeid i kommunen.<\/strong><\/td>\n<td style=\"width: 284px; text-align: left;\">Det er fokus p\u00e5 transportl\u00f8sninger som skal bidra til klima- og milj\u00f8forbedringer ved utarbeidelse av alle areal- og reguleringsplaner.<\/p>\n<p>Med utgangspunkt i kommunens \u00absykkelplan\u00bb fra 2014 arbeides det kontinuerlig med \u00e5 tilrettelegge for \u00e5 f\u00e5 en aktiv sykkelby.<\/td>\n<\/tr>\n<tr>\n<td style=\"width: 328px;\"><strong>\u00d8ke v\u00e5r klima- og energikompetanse.<\/strong><\/p>\n<p>Kommunens bedrifter, politikere og innbyggere skal kjenne til milj\u00f8konsekvensene av sin atferd og virksomhetsdeltakelse.<\/td>\n<td style=\"width: 284px; text-align: left;\">Klima- og milj\u00f8konsekvenser vurderes i alle saker som behandles i politiske fora<\/td>\n<\/tr>\n<\/tbody>\n<\/table>\n<h1>Utfordringer og planer<\/h1>\n<p>Den st\u00f8rste utfordringen er i \u00e5 sikre god implementering av klimaarbeidet i organisasjonen, og skape engasjement og bevisstgj\u00f8ring i kommunesamfunnet. Dette f\u00e5r \u00f8kt fokus i 2019.<\/p>\n<p><img decoding=\"async\" class=\"alignnone size-full wp-image-1050\" src=\"http:\/\/aarsrapport.kristiansund.kommune.no\/2018\/wp-content\/uploads\/sites\/11\/2019\/05\/32-Klimagassutslipp-for-2018.jpg\" alt=\"\" width=\"1890\" srcset=\"https:\/\/aarsrapport.kristiansund.kommune.no\/2018\/wp-content\/uploads\/sites\/11\/2019\/05\/32-Klimagassutslipp-for-2018.jpg 1890w, https:\/\/aarsrapport.kristiansund.kommune.no\/2018\/wp-content\/uploads\/sites\/11\/2019\/05\/32-Klimagassutslipp-for-2018-300x190.jpg 300w, https:\/\/aarsrapport.kristiansund.kommune.no\/2018\/wp-content\/uploads\/sites\/11\/2019\/05\/32-Klimagassutslipp-for-2018-768x488.jpg 768w, https:\/\/aarsrapport.kristiansund.kommune.no\/2018\/wp-content\/uploads\/sites\/11\/2019\/05\/32-Klimagassutslipp-for-2018-1024x650.jpg 1024w\" sizes=\"(max-width: 1890px) 100vw, 1890px\" \/><\/p>\n<div class=\"table-description\">Klimagassutslipp blir oppgitt som CO2-enheter. Scope 1 er direkte utslipp fra egne kilder. Scope 2 er indirekte utslipp fra egne kilder. Scope 3 er utslipp fra kilder som ikke er eid eller kontrollert. I tidligere regnskap er utslipp fra avfall i mindre grad tatt hensyn til. Derfor vil dette gi et uriktig bilde av endringen i utslipp fra avfall. Regnskapet utvikles etter hvert. Regnskapsanalysen vil presenteres i egen klimarapport.<\/div>\n","protected":false},"excerpt":{"rendered":"<p>M\u00e5l og resultater Kristiansund skal v\u00e6re en deltaker i det globale arbeidet med \u00e5 redusere utslipp av klimagasser. Vi skal ha klima- og milj\u00f8perspektiv i alt vi gj\u00f8r. Et overordnet m\u00e5l for alt klimaarbeid er \u00e5 skape st\u00f8rst mulige ringvirkninger og effekter av forbedringstiltakene. Det er nettopp dette vi \u00f8nsker \u00e5 oppn\u00e5 ved \u00e5 inng\u00e5 [&hellip;]<\/p>\n","protected":false},"author":2,"featured_media":0,"parent":27,"menu_order":11,"comment_status":"closed","ping_status":"closed","template":"","meta":[],"acf":[],"_links":{"self":[{"href":"https:\/\/aarsrapport.kristiansund.kommune.no\/2018\/wp-json\/wp\/v2\/pages\/92"}],"collection":[{"href":"https:\/\/aarsrapport.kristiansund.kommune.no\/2018\/wp-json\/wp\/v2\/pages"}],"about":[{"href":"https:\/\/aarsrapport.kristiansund.kommune.no\/2018\/wp-json\/wp\/v2\/types\/page"}],"author":[{"embeddable":true,"href":"https:\/\/aarsrapport.kristiansund.kommune.no\/2018\/wp-json\/wp\/v2\/users\/2"}],"replies":[{"embeddable":true,"href":"https:\/\/aarsrapport.kristiansund.kommune.no\/2018\/wp-json\/wp\/v2\/comments?post=92"}],"version-history":[{"count":0,"href":"https:\/\/aarsrapport.kristiansund.kommune.no\/2018\/wp-json\/wp\/v2\/pages\/92\/revisions"}],"up":[{"embeddable":true,"href":"https:\/\/aarsrapport.kristiansund.kommune.no\/2018\/wp-json\/wp\/v2\/pages\/27"}],"wp:attachment":[{"href":"https:\/\/aarsrapport.kristiansund.kommune.no\/2018\/wp-json\/wp\/v2\/media?parent=92"}],"curies":[{"name":"wp","href":"https:\/\/api.w.org\/{rel}","templated":true}]}}