{"id":24,"date":"2016-05-11T12:52:53","date_gmt":"2016-05-11T10:52:53","guid":{"rendered":"http:\/\/ksu.wpengine.com\/ksu-2\/?page_id=24"},"modified":"2019-05-23T09:43:36","modified_gmt":"2019-05-23T07:43:36","slug":"dette-er-kristiansund","status":"publish","type":"page","link":"https:\/\/aarsrapport.kristiansund.kommune.no\/2018\/om-kristiansund\/dette-er-kristiansund\/","title":{"rendered":"Dette er Kristiansund"},"content":{"rendered":"<h2>Slik st\u00e5r det til i kommunen<\/h2>\n<p>N\u00e6ringslivet g\u00e5r bedre og bedre, og n\u00e5 med en lav arbeidsledighet. Folketallet har g\u00e5tt ned i Kristiansund, men er positivt i flere av kommunene i regionen. Vi har god privat\u00f8konomi, kommune\u00f8konomien er i balanse og vi kan selv prioritere v\u00e5re investeringer. Idrettslivet har b\u00e5de bredde og topp, kulturlivet blomstrer, folk investerer i nye boliger og handelsn\u00e6ringa presenterer stadig nye tilbud.<\/p>\n<p>Bak det positive f\u00f8rsteinntrykket, m\u00e5 det ogs\u00e5 vites om utfordringer i \u00e5rene som kommer. Den positive utviklingen i befolkningsveksten har snudd, og Kristiansund og resten av fylket f\u00e5r en redusert andel av landets befolkning. Dette betyr at vi f\u00e5r en mindre andel av den samlede samfunnskaka som fordeles etter folketall.<\/p>\n<h2>I 2030 skal Kristiansund ha<\/h2>\n<ul>\n<li>god helse og livskvalitet for alle, uansett alder<\/li>\n<li>inkluderende, rettferdig og god utdanning, og muligheter for livslang l\u00e6ring for alle<\/li>\n<li>et inkluderende og b\u00e6rekraftig arbeidsliv<\/li>\n<li>etablert Kristiansundskvaliteten ved \u00e5 gi like muligheter for alle til tross for ulike forutsetninger, med spesielt fokus p\u00e5 barnefattigdom<\/li>\n<li>en trygg by som er tilgjengelig for alle<\/li>\n<li>en fremtidsrettet by og region<\/li>\n<li>m\u00f8teplasser der kunnskap deles, der tanker utfordres og der sp\u00f8rsm\u00e5l stilles<\/li>\n<li>styrket byen som regional motor gjennom handlekraftige og forpliktende partnerskap<\/li>\n<li>blitt den foretrukne og mest innovative samarbeidspartner for v\u00e5re naboer<\/li>\n<li>en mangfoldig frivillig sektor som samarbeider tett med oss om \u00e5 skape gode lokalsamfunn, tjenester og tilbud til befolkningen<\/li>\n<li>en plan for bevaring av matjorda og l\u00e6rer av v\u00e5re nabokommuner<\/li>\n<li>en solid infrastruktur<\/li>\n<li>bevart v\u00e5re marine ressurser og bruker havet p\u00e5 en m\u00e5te som fremmer v\u00e5re naturgitte forutsetninger og utvikling<\/li>\n<li>kontroll p\u00e5 v\u00e5r gjeld i et langsiktig perspektiv<\/li>\n<li>en effektiv, attraktiv og moderne by<\/li>\n<li>arenaer som stimulerer til kulturell skaperkraft og plasserer byen i det internasjonale milj\u00f8et<\/li>\n<li>en gjennomg\u00e5ende entrepren\u00f8r- og innovasjonskultur<\/li>\n<li>en sterk delingskultur og har samarbeidsprosjekter mellom offentlig sektor, kunnskapsmilj\u00f8er og n\u00e6ringsliv<\/li>\n<li>etablert et kompetansemilj\u00f8 for toppidrett<\/li>\n<li>etabler et senter for kunst og kreative n\u00e6ringer i v\u00e5r region<\/li>\n<li>funnet og tatt i bruk gullet i v\u00e5r egen bakg\u00e5rd<\/li>\n<li>et milj\u00f8- og klimaperspektiv p\u00e5 alt vi gj\u00f8r<\/li>\n<\/ul>\n<p>&nbsp;<\/p>\n<table width=\"447\" cellspacing=\"0\" cellpadding=\"6\">\n<thead>\n<tr>\n<th style=\"text-align: right;\" width=\"130\"><\/th>\n<th style=\"text-align: right;\" width=\"66\">2014<\/th>\n<th style=\"text-align: right;\" width=\"63\">2015<\/th>\n<th style=\"text-align: right;\" width=\"63\">2016<\/th>\n<th style=\"text-align: right;\" width=\"63\">2017<\/th>\n<th style=\"text-align: right;\" width=\"62\">2018<\/th>\n<\/tr>\n<\/thead>\n<tbody>\n<tr>\n<td width=\"130\">Innbyggertall<\/td>\n<td width=\"66\">24 507<\/td>\n<td width=\"63\">24 526<\/td>\n<td width=\"63\">24 442<\/td>\n<td width=\"63\">24 300<\/td>\n<td width=\"62\">24 274<\/td>\n<\/tr>\n<tr>\n<td width=\"130\">Driftsinntekter (1000 kr)<\/td>\n<td width=\"66\">1 785 140<\/td>\n<td width=\"63\">1\u00a0837 404<\/td>\n<td width=\"63\">1\u00a0951 535<\/td>\n<td width=\"63\">2 015 958<\/td>\n<td width=\"62\">2 047 948<\/td>\n<\/tr>\n<tr>\n<td width=\"130\">Driftsutgifter (1 000 kr)<\/td>\n<td width=\"66\">1 802 216<\/td>\n<td width=\"63\">1\u00a0816 072<\/td>\n<td width=\"63\">1\u00a0865\u00a0898<\/td>\n<td width=\"63\">1 997 868<\/td>\n<td width=\"62\">2 076 479<\/td>\n<\/tr>\n<\/tbody>\n<\/table>\n<p>&nbsp;<\/p>\n<h4 style=\"text-align: center;\"><\/h4>\n","protected":false},"excerpt":{"rendered":"<p>Slik st\u00e5r det til i kommunen N\u00e6ringslivet g\u00e5r bedre og bedre, og n\u00e5 med en lav arbeidsledighet. Folketallet har g\u00e5tt ned i Kristiansund, men er positivt i flere av kommunene i regionen. Vi har god privat\u00f8konomi, kommune\u00f8konomien er i balanse og vi kan selv prioritere v\u00e5re investeringer. Idrettslivet har b\u00e5de bredde og topp, kulturlivet blomstrer, [&hellip;]<\/p>\n","protected":false},"author":2,"featured_media":0,"parent":23,"menu_order":10,"comment_status":"closed","ping_status":"closed","template":"","meta":[],"acf":[],"_links":{"self":[{"href":"https:\/\/aarsrapport.kristiansund.kommune.no\/2018\/wp-json\/wp\/v2\/pages\/24"}],"collection":[{"href":"https:\/\/aarsrapport.kristiansund.kommune.no\/2018\/wp-json\/wp\/v2\/pages"}],"about":[{"href":"https:\/\/aarsrapport.kristiansund.kommune.no\/2018\/wp-json\/wp\/v2\/types\/page"}],"author":[{"embeddable":true,"href":"https:\/\/aarsrapport.kristiansund.kommune.no\/2018\/wp-json\/wp\/v2\/users\/2"}],"replies":[{"embeddable":true,"href":"https:\/\/aarsrapport.kristiansund.kommune.no\/2018\/wp-json\/wp\/v2\/comments?post=24"}],"version-history":[{"count":0,"href":"https:\/\/aarsrapport.kristiansund.kommune.no\/2018\/wp-json\/wp\/v2\/pages\/24\/revisions"}],"up":[{"embeddable":true,"href":"https:\/\/aarsrapport.kristiansund.kommune.no\/2018\/wp-json\/wp\/v2\/pages\/23"}],"wp:attachment":[{"href":"https:\/\/aarsrapport.kristiansund.kommune.no\/2018\/wp-json\/wp\/v2\/media?parent=24"}],"curies":[{"name":"wp","href":"https:\/\/api.w.org\/{rel}","templated":true}]}}