{"id":17,"date":"2016-05-11T10:10:28","date_gmt":"2016-05-11T08:10:28","guid":{"rendered":"http:\/\/ksu.wpengine.com\/ksu-2\/?page_id=17"},"modified":"2019-04-25T10:50:32","modified_gmt":"2019-04-25T08:50:32","slug":"ordforerens-kommentar","status":"publish","type":"page","link":"https:\/\/aarsrapport.kristiansund.kommune.no\/2018\/lederkommentarer\/ordforerens-kommentar\/","title":{"rendered":"Ordf\u00f8rerens kommentar"},"content":{"rendered":"<p>2018 ble \u00e5ret da vi tok et byks fremover med disse to kraftige l\u00f8ftene som vi har brukt mange \u00e5r p\u00e5 \u00e5 f\u00e5 til. Som regionsenter vil Kristiansund bli attraktivt som studiested og med kvalitetsl\u00f8ft p\u00e5 kultursiden. For kulturen p\u00e5 hele Nordm\u00f8re vil et nytt bygg for opera, museum og bibliotek ta oss videre p\u00e5 flere plan. Store prosjekter tar det tid \u00e5 l\u00f8se. Mange har vist t\u00e5lmodighet.<\/p>\n<p>Vi regner med at den siste s\u00f8knaden vil bli positivt vurdert av regjeringen, og da skjer det store inngrep i Langveien\/Kongens Plass n\u00e5r storstua vil bli reist. Vi er naturligvis sv\u00e6rt forn\u00f8yd med \u00e5 f\u00e5 midler til Helseinnovasjonssenteret over statsbudsjettet.\u00a0Det jeg bruker mest tid p\u00e5 som ordf\u00f8rer, er \u00e5 sikre helsetilbudet n\u00e5 som farlige krefter legger ned og sentraliserer tilbudene som vi har hatt i lang tid. Dette blir ogs\u00e5 det viktigste omr\u00e5det \u00e5 sl\u00e5ss for i tiden som kommer. 2019 blir et t\u00f8ffere \u00e5r p\u00e5 dette feltet enn det vi m\u00f8tte i \u00e5ret vi har bak oss. Det er oppgangstider i havn\u00e6ringene. Innen marin sektor vokser det frem dyktige teknologiselskaper. Service p\u00e5 m\u00e6rkanten har nordm\u00f8ringene taket p\u00e5. Positivt er det innen olje og gass ogs\u00e5. Felt under utbygging er Dvalin, Trestakk, Njord, Bauge og Fenja. OKEA kj\u00f8pte Draugen fra Shell og fikk en flott inntreden p\u00e5 driftskontoret R\u00e5ket.<\/p>\n<p>Shell flyttet til Vikang\u00e5rden der de har driftsorganisasjonen for Ormen Lange. Neptun Energy har overtatt operat\u00f8rskapet i Fenja. I driftsmilj\u00f8et har Kristiansund styrket sin posisjon. \u00c5pningen av Polarled og gassknutepunkt Nyhamna vil ha stor betydning for st\u00f8rre gasseksport til utlandet.<\/p>\n<p>P\u00e5 investeringssiden var \u00e5pningen av nye Karihola barnehage en viktig begivenhet. Samtidig ble Nordlandet barnehage vedtatt og kom raskt p\u00e5 plass som byggeprosjekt. Vi satser p\u00e5 de unge. Ogs\u00e5 f\u00f8dselsstatistikken var positiv dette \u00e5ret. Det var en liten \u00f8kning i antall nye verdensborger, med 223 nye kristiansundere som kom til verden p\u00e5 f\u00f8destuen. Mer av dette!<\/p>\n<p>Vielsene skjer n\u00e5 hos oss her p\u00e5 r\u00e5dhuset. Kanskje er det noe som setter fart p\u00e5 sakene?<\/p>\n<p>Barn og unge er v\u00e5r fremtid. Mot slutten av 2018 fikk vi p\u00e5 plass ordningen med barnevakt som akutt hjelp i 14 kommuner p\u00e5 Nordm\u00f8re og i Romsdal. Det betyr mye. Barnevernet har mange tunge saker.<\/p>\n<p>KBK samler regionen v\u00e5r. Igjen var det en sesong med tidenes beste posisjon p\u00e5 tabellen. Det er imponerende hva klubben f\u00e5r til. Prestasjonen betyr mye for s\u00e5 mange. Stemningen p\u00e5 kamparenaen er det s\u00e5 flott \u00e5 v\u00e6re en del av. Fotball setter Kristiansund p\u00e5 kartet. Klubben har skapt et flott milj\u00f8. Vi sl\u00e5r dem som har st\u00f8rre \u00f8konomiske muskler.<\/p>\n<p>I det politiske milj\u00f8et har budsjettarbeidet v\u00e6rt vanskelig. Vi fikk \u00f8konomiske utfordringer og en vanskelig innspurt. Det kostet oss mye \u00e5 skyve arbeidet ut i tid og inn i romjula. Slik kan vi ikke holde p\u00e5. Det ble en uansvarlig og uklar politisk prosess.<\/p>\n<p>Vi m\u00e5 forvente en bedre politisk leveranse neste gang n\u00e5r vi tross alt bruker hele h\u00f8sten p\u00e5 \u00e5 vedta \u00f8konomi og planer for neste \u00e5r.<\/p>\n<p>Det utf\u00f8res sv\u00e6rt mye godt arbeid i Kristiansund kommunes organisasjon. Fra min posisjon ser jeg hvor mye arbeid som blir utf\u00f8rt, og at det er mange ting som fungerer utmerket til beste for innbyggerne.<\/p>\n<p>Jeg vil rose alle ansatte som bidrar til at kommunen v\u00e5r er under utvikling. Vi ettersp\u00f8r kompetanse og flinke medarbeidere.<\/p>\n","protected":false},"excerpt":{"rendered":"<p>2018 ble \u00e5ret da vi tok et byks fremover med disse to kraftige l\u00f8ftene som vi har brukt mange \u00e5r p\u00e5 \u00e5 f\u00e5 til. Som regionsenter vil Kristiansund bli attraktivt som studiested og med kvalitetsl\u00f8ft p\u00e5 kultursiden. For kulturen p\u00e5 hele Nordm\u00f8re vil et nytt bygg for opera, museum og bibliotek ta oss videre p\u00e5 [&hellip;]<\/p>\n","protected":false},"author":2,"featured_media":0,"parent":10,"menu_order":50,"comment_status":"closed","ping_status":"closed","template":"","meta":[],"acf":[],"_links":{"self":[{"href":"https:\/\/aarsrapport.kristiansund.kommune.no\/2018\/wp-json\/wp\/v2\/pages\/17"}],"collection":[{"href":"https:\/\/aarsrapport.kristiansund.kommune.no\/2018\/wp-json\/wp\/v2\/pages"}],"about":[{"href":"https:\/\/aarsrapport.kristiansund.kommune.no\/2018\/wp-json\/wp\/v2\/types\/page"}],"author":[{"embeddable":true,"href":"https:\/\/aarsrapport.kristiansund.kommune.no\/2018\/wp-json\/wp\/v2\/users\/2"}],"replies":[{"embeddable":true,"href":"https:\/\/aarsrapport.kristiansund.kommune.no\/2018\/wp-json\/wp\/v2\/comments?post=17"}],"version-history":[{"count":0,"href":"https:\/\/aarsrapport.kristiansund.kommune.no\/2018\/wp-json\/wp\/v2\/pages\/17\/revisions"}],"up":[{"embeddable":true,"href":"https:\/\/aarsrapport.kristiansund.kommune.no\/2018\/wp-json\/wp\/v2\/pages\/10"}],"wp:attachment":[{"href":"https:\/\/aarsrapport.kristiansund.kommune.no\/2018\/wp-json\/wp\/v2\/media?parent=17"}],"curies":[{"name":"wp","href":"https:\/\/api.w.org\/{rel}","templated":true}]}}