{"id":119,"date":"2016-05-20T13:02:08","date_gmt":"2016-05-20T11:02:08","guid":{"rendered":"http:\/\/ksu.wpengine.com\/ksu-2\/rammeomrader\/brann-og-redning\/"},"modified":"2019-05-23T11:09:51","modified_gmt":"2019-05-23T09:09:51","slug":"brann-og-redning","status":"publish","type":"page","link":"https:\/\/aarsrapport.kristiansund.kommune.no\/2018\/rammeomrader\/brann-og-redning\/","title":{"rendered":"Brann og redning"},"content":{"rendered":"<h2>Fakta<\/h2>\n<p>Rammeomr\u00e5det omfatter<\/p>\n<ul>\n<li>operativ og forebyggende brann- og redningstjeneste<\/li>\n<li>feiing og boligtilsyn i private boliger<\/li>\n<li>tilsyn i s\u00e6rskilte objekt som hotell og sykehjem<\/li>\n<li>vertskommune mot akutt forurensning p\u00e5 sj\u00f8 og land for 11 kommuner<\/li>\n<li>Vertskommune for kjemikalieberedskap for 11 kommuner<\/li>\n<li>beredskap for hendelser p\u00e5 sj\u00f8 og ferskvann i egen kommune<\/li>\n<\/ul>\n<p>Tjenesten skal sikre en effektiv beredskap og god samfunnssikkerhet for befolkningen, hvor form\u00e5let er \u00e5 sikre mennesker, dyr og materielle verdier mot brann samt begrense skadevirkningene i branntilfeller og andre ulykkessituasjoner. Tjenesten ivaretar ogs\u00e5 innbyggernes behov p\u00e5 andre omr\u00e5der p\u00e5 vegne av kommunen, selv om det ikke dekkes av brannlovgivningen.<\/p>\n<h2>M\u00e5l og resultater<\/h2>\n<p>Gode tjenester med fokus p\u00e5 kvalitet, tilgjengelighet og brukermedvirkning.<\/p>\n<p><strong>Tjenesteut\u00f8velse<\/strong><\/p>\n<ul>\n<li>Vi leverer gode tjenester til innbyggerne som ogs\u00e5 er i tr\u00e5d med de krav som stilles i lov og forskrift som gjelder for brann- og redningstjenester i kommunene.<\/li>\n<\/ul>\n<p><strong>Tjenesteutvikling<\/strong><\/p>\n<ul>\n<li>Vi har en \u00f8kt satsning p\u00e5 forebyggende arbeid, basert p\u00e5 risikovurderinger i 2018.<\/li>\n<\/ul>\n<p><strong>Organisasjonsutvikling<\/strong><\/p>\n<ul>\n<li>Vi har planlagt nytt brannsamarbeid, sammen med kommunene Aure, Aver\u00f8y og Sm\u00f8la.<\/li>\n<li>Vi har planlagt ny brannstasjon med lokalisering.<\/li>\n<li>Der ikke foretatt organisasjonsendringer i enheten i 2018.<\/li>\n<\/ul>\n<h2>Utfordringer og planer<\/h2>\n<p>R\u00e5dmannen vil ivareta befolkningens trygghet og sikkerhet blant annet gjennom at forebyggende arbeid og beredskap ved ulykker og krise vektlegges.<\/p>\n<p>Kompetanseutvikling og \u00f8velser p\u00e5 alle omr\u00e5der som tilligger enheten skal intensiveres og dokumenteres.<\/p>\n<hr \/>\n<h3 style=\"text-align: center;\">Netto driftsutgifter i kr pr innbygger for beredskap mot branner og andre ulykker<\/h3>\n<div id=\"attachment_1117\" style=\"width: 924px\" class=\"wp-caption alignnone\"><img aria-describedby=\"caption-attachment-1117\" decoding=\"async\" loading=\"lazy\" class=\" wp-image-1117\" src=\"http:\/\/aarsrapport.kristiansund.kommune.no\/2018\/wp-content\/uploads\/sites\/11\/2019\/05\/35-Netto-driftsutgifter-i-kr-pr-innbygger-for-beredskap-mot-branner-og-andre-ulykker.jpg\" alt=\"\" width=\"914\" height=\"580\" srcset=\"https:\/\/aarsrapport.kristiansund.kommune.no\/2018\/wp-content\/uploads\/sites\/11\/2019\/05\/35-Netto-driftsutgifter-i-kr-pr-innbygger-for-beredskap-mot-branner-og-andre-ulykker.jpg 1890w, https:\/\/aarsrapport.kristiansund.kommune.no\/2018\/wp-content\/uploads\/sites\/11\/2019\/05\/35-Netto-driftsutgifter-i-kr-pr-innbygger-for-beredskap-mot-branner-og-andre-ulykker-300x190.jpg 300w, https:\/\/aarsrapport.kristiansund.kommune.no\/2018\/wp-content\/uploads\/sites\/11\/2019\/05\/35-Netto-driftsutgifter-i-kr-pr-innbygger-for-beredskap-mot-branner-og-andre-ulykker-768x488.jpg 768w, https:\/\/aarsrapport.kristiansund.kommune.no\/2018\/wp-content\/uploads\/sites\/11\/2019\/05\/35-Netto-driftsutgifter-i-kr-pr-innbygger-for-beredskap-mot-branner-og-andre-ulykker-1024x650.jpg 1024w\" sizes=\"(max-width: 914px) 100vw, 914px\" \/><p id=\"caption-attachment-1117\" class=\"wp-caption-text\">Brann og redning har arbeidet strukturert over flere \u00e5r for \u00e5 yte kvalitativt gode tjenester effektivt. Utviklingen viser lavere forbruk i kr pr innbygger, og at niv\u00e5et n\u00e6rmer seg kommunegruppe 13.<\/p><\/div>\n","protected":false},"excerpt":{"rendered":"<p>Fakta Rammeomr\u00e5det omfatter operativ og forebyggende brann- og redningstjeneste feiing og boligtilsyn i private boliger tilsyn i s\u00e6rskilte objekt som hotell og sykehjem vertskommune mot akutt forurensning p\u00e5 sj\u00f8 og land for 11 kommuner Vertskommune for kjemikalieberedskap for 11 kommuner beredskap for hendelser p\u00e5 sj\u00f8 og ferskvann i egen kommune Tjenesten skal sikre en effektiv [&hellip;]<\/p>\n","protected":false},"author":2,"featured_media":0,"parent":30,"menu_order":62,"comment_status":"closed","ping_status":"closed","template":"","meta":[],"acf":[],"_links":{"self":[{"href":"https:\/\/aarsrapport.kristiansund.kommune.no\/2018\/wp-json\/wp\/v2\/pages\/119"}],"collection":[{"href":"https:\/\/aarsrapport.kristiansund.kommune.no\/2018\/wp-json\/wp\/v2\/pages"}],"about":[{"href":"https:\/\/aarsrapport.kristiansund.kommune.no\/2018\/wp-json\/wp\/v2\/types\/page"}],"author":[{"embeddable":true,"href":"https:\/\/aarsrapport.kristiansund.kommune.no\/2018\/wp-json\/wp\/v2\/users\/2"}],"replies":[{"embeddable":true,"href":"https:\/\/aarsrapport.kristiansund.kommune.no\/2018\/wp-json\/wp\/v2\/comments?post=119"}],"version-history":[{"count":0,"href":"https:\/\/aarsrapport.kristiansund.kommune.no\/2018\/wp-json\/wp\/v2\/pages\/119\/revisions"}],"up":[{"embeddable":true,"href":"https:\/\/aarsrapport.kristiansund.kommune.no\/2018\/wp-json\/wp\/v2\/pages\/30"}],"wp:attachment":[{"href":"https:\/\/aarsrapport.kristiansund.kommune.no\/2018\/wp-json\/wp\/v2\/media?parent=119"}],"curies":[{"name":"wp","href":"https:\/\/api.w.org\/{rel}","templated":true}]}}