{"id":115,"date":"2016-05-20T13:02:08","date_gmt":"2016-05-20T11:02:08","guid":{"rendered":"http:\/\/ksu.wpengine.com\/ksu-2\/rammeomrader\/barn-familie-helse\/"},"modified":"2019-05-23T10:52:50","modified_gmt":"2019-05-23T08:52:50","slug":"barn-familie-helse","status":"publish","type":"page","link":"https:\/\/aarsrapport.kristiansund.kommune.no\/2018\/rammeomrader\/barn-familie-helse\/","title":{"rendered":"Barn &#8211; familie &#8211; helse"},"content":{"rendered":"<h2>Fakta<\/h2>\n<p>Rammeomr\u00e5det omfatter<\/p>\n<ul>\n<li>Interkommunal barneverntjeneste med vertskommuneansvar for Aver\u00f8y og Gjemnes<\/li>\n<li>Forebyggende helsetjenester for barn og unge med\n<ul>\n<li>helsestasjon for gravide, ungdom, foreldre og barn<\/li>\n<li>skolehelsetjeneste<\/li>\n<li>helsetjeneste for flyktninger<\/li>\n<li>vaksinasjonskontor<\/li>\n<li>fysioterapi for barn og unge<\/li>\n<li>psykisk helsetjeneste for barn og familier<\/li>\n<\/ul>\n<\/li>\n<li>Oppl\u00e6ringstjenester med<br \/>\nspesialpedagogiske tjenester for f\u00f8rskolebarn<br \/>\nlogopediske tjenester 0-100 \u00e5r<\/li>\n<\/ul>\n<p>Enheten skal sikre at barn og unge f\u00e5r n\u00f8dvendig hjelp, oppl\u00e6ring og omsorg til rett tid, bidra til trygge oppvekstsvilk\u00e5r, fremme psykisk og fysisk helse, gode sosiale og milj\u00f8messige forhold samt forebygge sykdommer og skade. Enheten har ansvar for kommunens psykososiale kriseteam.<\/p>\n<h2>M\u00e5l og resultater<\/h2>\n<p>Gode tjenester med fokus p\u00e5 kvalitet, tilgjengelighet og brukermedvirkning.<\/p>\n<p><strong>Tjenesteut\u00f8velse<\/strong><\/p>\n<ul>\n<li>Vi har hatt totalt 173 nye unders\u00f8kelser innen barnevernet. Av avslutta unders\u00f8kelser i 2018 ble 68 stk. av de konkludert med frivillige hjelpetiltak og 2 av sakene ble konkludert med omsorgsovertakelse. 120 unders\u00f8kelsessaker ble henlagt.<\/li>\n<li>Vi har i barneverntjenesten ved utgangen av 2018 oppf\u00f8lging av 150 barn p\u00e5 frivillige hjelpetiltak \u00a7 4-4. Av de barna er 29 stk. p\u00e5 ettervern (18-23 \u00e5r).<\/li>\n<li>Vi har i Kristiansund 45 barn og ungdom under omsorg. Det enkelte barn som er plassert i fosterhjem skal ha minimum 4 bes\u00f8k \u00e5rlig og barneverntjenesten skal delta i samarbeidsm\u00f8ter vedr\u00f8rende barna.<\/li>\n<li>Vi har ansvar for \u00e5 godkjenne og f\u00f8re tilsyn med fosterhjem der andre kommuner har barn i v\u00e5rt distrikt.<\/li>\n<li>Vi har 73 barn med vedtak om spesialpedagogisk tiltak i barnehage\u00e5ret 2017\/2018. med i gjennomsnitt 4,05 t spesialpedagog og 14,6 t assistent.<\/li>\n<li>Vi har f\u00e6rre barn med tiltak, men antall timer i gjennomsnitt er \u00f8kende.<\/li>\n<li>Vi mottok gjennom siste halv\u00e5r 19 henvisninger til logoped fra barnehage, 22 fra grunnskole og 8 voksne har hatt et logopedtilbud i samme periode.<\/li>\n<li>I siste halv\u00e5r 2018 mottok vi \u00e5tte henvendelser fra barnehager om systemhjelp fra Minoritetsspr\u00e5klig veileder og fem henvisninger p\u00e5 enkeltbarn i samme periode.<\/li>\n<\/ul>\n<p>Forebyggende helsetjenester (helsestasjon, skolehelsestasjon, fysioterapi for barn og unge, jordmor og Psykisk helsetjenester for barn og unge):<\/p>\n<ul>\n<li>Vi har hatt 23 701 konsultasjoner i l\u00f8pet av 2018.<\/li>\n<li>Vi har lagt stor vekt p\u00e5 samarbeidsm\u00f8ter vedr\u00f8rende barn og unge og antall slike treffpunkt er p\u00e5 608 samarbeidsm\u00f8ter.<\/li>\n<li>Vi har i tverrfaglig helsestasjon lagt vekt p\u00e5 samhandling og tverrfaglig arbeid i sammensatte og komplekse saker. Denne gruppen har hjulpet 38 familier igjennom 2018.<\/li>\n<li>Vi har i skolehelsetjenesten v\u00e5r dekket 4 245 elever fordelt p\u00e5 ni barneskoler, tre ungdomsskoler, to videreg\u00e5ende skoler samt drift av Helsestasjon for ungdom \u00e9n dag i uken.<\/li>\n<li>Vi har hatt 142 nye henvisninger i fysioterapitjenesten fra barn og unge, 25 drop-inn, 203 4 mnd. kontroller og 114 s\u00f8knad om hjelpemidler.<\/li>\n<li>Vi har hatt nedgang i avvik.<\/li>\n<li>Vi har i psykisk helsetjeneste for barn og familier (PHBF) jobbet med 463 barn og ungdom og deres familier. Det har v\u00e6rt 293 nye henvendelser i 2018.<\/li>\n<li>Vi har i flyktningehelsetjenesten gjennomf\u00f8rt helseunders\u00f8kelse til flyktninger\/familiegjenforening. Til sammen har flyktningehelsetjenesten jobbet med 47 barn\/ungdom og deres familier.<\/li>\n<li>Vi har engasjert kriseteamet i fem hendelser i 2018.<\/li>\n<\/ul>\n<p><strong>Tjenesteutvikling<\/strong><\/p>\n<ul>\n<li>Vi har hatt tilsynssak fra fylkesmannen siden h\u00f8sten 2017. Tilsynet fra Fylkesmannen handlet prim\u00e6rt om barnevernets unders\u00f8kelsesarbeid og for h\u00f8y grad av fristbrudd i unders\u00f8kelsesarbeidet. Dette er arbeid som har hatt h\u00f8yt fokus i 2018, hvor en har hatt fokus p\u00e5 tjenesteutvikling av unders\u00f8kelsesarbeidet. Fristbrudd per 31.12.2018 er for Kristiansund p\u00e5 3 %. Dette er en nedgang fra 36 % fristbrudd pr. 30.06.2018.<\/li>\n<\/ul>\n<p><strong>Organisasjonsutvikling<\/strong><\/p>\n<ul>\n<li>Vi har omorganisert barneverntjenesten fra 1. januar 2018. Barneverntjenesten gikk fra spesialistmodellen til generalistmodellen.<\/li>\n<li>Vi har inng\u00e5tt interkommunalt samarbeid p\u00e5 barnevernvakt. Form\u00e5let er \u00e5 gi et forsvarlig barnevernvakttilbud i tjenestens 3 kommuner. Molde er vertskommune for barnevernsvakten i Nordm\u00f8re og Romsdal.<\/li>\n<li>Vi hadde oppstart av barnevernsvakten i desember.<\/li>\n<\/ul>\n<h2>Utfordringer og planer<\/h2>\n<p>Utfordringer og planer tar utgangspunkt i kommuneplanens samfunnsdel og eksisterende handlingsplaner.<\/p>\n<p>Oppvekstplan for Kristiansund (2019 \u2013 2027) er en helhetlig strategiplan som skal gjelde for en samlet oppvekstsektor. Planen trer i kraft fra 1.1.2019. Det er jobbet prosessorientert med planen og alle enheter har p\u00e5 en eller annen m\u00e5te bidratt i arbeidet. I arbeidet med \u00e5 utarbeide handlingsplaner og implementere disse i drift er det viktig \u00e5 fortsette det gode arbeidet med medvirkning i og p\u00e5 tvers av enheter og rammeomr\u00e5der. I 2019 vil arbeidet med \u00e5 lage gode handlingsplaner \u2013 b\u00e5de i sektorene, tverrfaglig og i enhetene v\u00e6re det viktigste arbeidet i \u00e5 g\u00e5 fra m\u00e5l og strategier til \u00e5 starte aktiv handling og tiltak.<\/p>\n<p>De st\u00f8rste utfordringene i enheten er i barneverntjenesten. Avdelingen og de ansatte er utsatt for et stort press og uforutsigbare arbeidsdager, noe som medf\u00f8rer h\u00f8y turnover, og h\u00f8yt sykefrav\u00e6r. Dette er igjen utfordrende p\u00e5 tjenesteleveransen b\u00e5de i kvantitet og i kvalitet. Fylkesmannen har gjennomf\u00f8rt et tilsyn med barneverntjenesten i 2017 og 2018. Det er satt inn tiltak p\u00e5 l\u00f8nn og arbeidstid for de ansatte, det er gjort en omfattende omorganisering og det er ogs\u00e5 satt inn lederst\u00f8tte i tjenesten. Fra 2019 er barnevernvaktavtale p\u00e5 plass, noe som ogs\u00e5 vil bidra til bedre kvalitet i tjenesten og st\u00f8rre forutsigbarhet for de ansatte.<\/p>\n<hr \/>\n<h3 style=\"text-align: center;\">Nye meldinger i barnevernstjenesten<\/h3>\n<div id=\"attachment_1093\" style=\"width: 818px\" class=\"wp-caption alignnone\"><img aria-describedby=\"caption-attachment-1093\" decoding=\"async\" loading=\"lazy\" class=\" wp-image-1093\" src=\"http:\/\/aarsrapport.kristiansund.kommune.no\/2018\/wp-content\/uploads\/sites\/11\/2019\/05\/24-Nye-meldinger-i-barnevernstjenesten.jpg\" alt=\"\" width=\"808\" height=\"513\" srcset=\"https:\/\/aarsrapport.kristiansund.kommune.no\/2018\/wp-content\/uploads\/sites\/11\/2019\/05\/24-Nye-meldinger-i-barnevernstjenesten.jpg 1890w, https:\/\/aarsrapport.kristiansund.kommune.no\/2018\/wp-content\/uploads\/sites\/11\/2019\/05\/24-Nye-meldinger-i-barnevernstjenesten-300x190.jpg 300w, https:\/\/aarsrapport.kristiansund.kommune.no\/2018\/wp-content\/uploads\/sites\/11\/2019\/05\/24-Nye-meldinger-i-barnevernstjenesten-768x488.jpg 768w, https:\/\/aarsrapport.kristiansund.kommune.no\/2018\/wp-content\/uploads\/sites\/11\/2019\/05\/24-Nye-meldinger-i-barnevernstjenesten-1024x650.jpg 1024w\" sizes=\"(max-width: 808px) 100vw, 808px\" \/><p id=\"caption-attachment-1093\" class=\"wp-caption-text\">Antall nye barnevernssaker har \u00f8kt jevnlig i perioden 2014-2017. I 2018 har det v\u00e6rt en nedgang i antall bekymringsmeldinger. Antall meldinger vil variere fra \u00e5r til \u00e5r, og det kan v\u00e6re en \u00e5rsaksforklaring at det er en naturlig nedgang etter flere \u00e5r med en \u00f8kning i antall meldinger.<\/p><\/div>\n<div class=\"table-explanation\"><\/div>\n","protected":false},"excerpt":{"rendered":"<p>Fakta Rammeomr\u00e5det omfatter Interkommunal barneverntjeneste med vertskommuneansvar for Aver\u00f8y og Gjemnes Forebyggende helsetjenester for barn og unge med helsestasjon for gravide, ungdom, foreldre og barn skolehelsetjeneste helsetjeneste for flyktninger vaksinasjonskontor fysioterapi for barn og unge psykisk helsetjeneste for barn og familier Oppl\u00e6ringstjenester med spesialpedagogiske tjenester for f\u00f8rskolebarn logopediske tjenester 0-100 \u00e5r Enheten skal sikre at [&hellip;]<\/p>\n","protected":false},"author":2,"featured_media":0,"parent":30,"menu_order":55,"comment_status":"closed","ping_status":"closed","template":"","meta":[],"acf":[],"_links":{"self":[{"href":"https:\/\/aarsrapport.kristiansund.kommune.no\/2018\/wp-json\/wp\/v2\/pages\/115"}],"collection":[{"href":"https:\/\/aarsrapport.kristiansund.kommune.no\/2018\/wp-json\/wp\/v2\/pages"}],"about":[{"href":"https:\/\/aarsrapport.kristiansund.kommune.no\/2018\/wp-json\/wp\/v2\/types\/page"}],"author":[{"embeddable":true,"href":"https:\/\/aarsrapport.kristiansund.kommune.no\/2018\/wp-json\/wp\/v2\/users\/2"}],"replies":[{"embeddable":true,"href":"https:\/\/aarsrapport.kristiansund.kommune.no\/2018\/wp-json\/wp\/v2\/comments?post=115"}],"version-history":[{"count":0,"href":"https:\/\/aarsrapport.kristiansund.kommune.no\/2018\/wp-json\/wp\/v2\/pages\/115\/revisions"}],"up":[{"embeddable":true,"href":"https:\/\/aarsrapport.kristiansund.kommune.no\/2018\/wp-json\/wp\/v2\/pages\/30"}],"wp:attachment":[{"href":"https:\/\/aarsrapport.kristiansund.kommune.no\/2018\/wp-json\/wp\/v2\/media?parent=115"}],"curies":[{"name":"wp","href":"https:\/\/api.w.org\/{rel}","templated":true}]}}