{"id":111,"date":"2016-05-20T13:02:08","date_gmt":"2016-05-20T11:02:08","guid":{"rendered":"http:\/\/ksu.wpengine.com\/ksu-2\/rammeomrader\/hjemmetjenester\/"},"modified":"2019-05-23T12:18:20","modified_gmt":"2019-05-23T10:18:20","slug":"hjemmetjenester","status":"publish","type":"page","link":"https:\/\/aarsrapport.kristiansund.kommune.no\/2018\/rammeomrader\/hjemmetjenester\/","title":{"rendered":"Hjemmetjenester"},"content":{"rendered":"<h2>Fakta<\/h2>\n<p>Rammeomr\u00e5det omfatter<\/p>\n<ul>\n<li>7 hjemmesykepleieroder<\/li>\n<li>2 bofelleskap<\/li>\n<li>BPA<\/li>\n<\/ul>\n<p>Tjenesten skal bidra til at kommunens innbyggere kan bo hjemme s\u00e5 lenge som mulig til tross for sykdom, funksjonshemming eller alderdomssvekkelse.<\/p>\n<h2>M\u00e5l og resultater<\/h2>\n<p>Gode tjenester med fokus p\u00e5 kvalitet, tilgjengelighet og brukermedvirkning.<\/p>\n<h3>Tjenesteut\u00f8velse<\/h3>\n<ul>\n<li>Vi har innen somatisk hjemmesykepleie hatt 4\u00a0957 vedtakstimer pr uke. Dette er ansikt til ansikt tid, og gjelder pleie og omsorg\/sykepleie i hjemmet. \u00d8kning fra 2017 er p\u00e5 716 timer i uken. \u00d8kningen har v\u00e6rt utfordrende for tjenesteomr\u00e5det.<\/li>\n<li>Vi har 613 brukere pr desember 2018, en \u00f8kning fra 2017 med 41 brukere.<\/li>\n<li>Vi har om lag 500 brukere med trygghetstelefoner, hjemmetjenesten f\u00f8lger opp utl\u00f8ste alarmer med bistand i 3 roder, samt kveld\/natt i alle roder<\/li>\n<li>Vi har \u00f8kning i vedtakstimer innen BPA\/PA\/OMS. To oppdrag overf\u00f8rt privat tilbyder<\/li>\n<li>Vi har kreftkoordinator\/Kreftsykepleier har hatt 57 nyhenviste pasienter i 2018. Totalt 51 d\u00f8dsfall, 28 av disse var nyhenviste i 2018. 13 hjemmed\u00f8dsfall. \u00d8kning i hjemmetid for samtlige f\u00f8r avslutning av livet. Tett samarbeid med SIK og Storhaugen.<\/li>\n<li>Vi har \u00f8kende antall henvendelser til kreftkoordinator<\/li>\n<li>Vi har forebyggende systematisk oppf\u00f8lging personer med demens gitt til 43 stykker, en \u00f8kning fra 2017 med 13 stk. Avsluttet oppf\u00f8lging til de som har f\u00e5tt et held\u00f8gns tilbud gjennom \u00e5ret.<\/li>\n<li>Vi har \u00e6kende antall henvendelser til demenskoordinator<\/li>\n<li>Vi hadde rekordoppslutning p\u00e5 deltagelse til p\u00e5r\u00f8rendeskole til personer med demens<\/li>\n<li>Vi har \u00f8kende utfordring knyttet til rekruttering av sykepleiere<\/li>\n<li>Vi hadde forvaltningsrevisjon av kvalitet i hjemmetjenestene v\u00e5ren 2018. Revisjonen ble utf\u00f8rt av M\u00f8re og Romsdal revisjon IKS. Rapporten ble fremlagt for bystyret h\u00f8sten 2018.<\/li>\n<\/ul>\n<h3><\/h3>\n<h3>Tjenesteutvikling<\/h3>\n<ul>\n<li>Vi har innf\u00f8rt nettbrett til alle ansatte, effektiviseringstiltak for rapportering og tilgang til n\u00f8dvendige helseopplysninger for \u00e5 utf\u00f8re arbeidet<\/li>\n<li>Vi har innf\u00f8rt og avsluttet prosjekt Livets siste dager. Kreftkoordinator videref\u00f8rer oppl\u00e6ringen gjennom \u00e5rlige kurs i KS l\u00e6ring<\/li>\n<li>Vi har innf\u00f8rt palliativ plan i hjemmetjenesten, en regional satsning p\u00e5 fylkesniv\u00e5. Her er Kristiansund tidlig ute<\/li>\n<li>Vi har kj\u00f8pt inn INR apparat som halverer tid brukt til oppgaven INR m\u00e5ling<\/li>\n<li>Vi har innf\u00f8rt samarbeid med NOKLUS (kvalitetssikret laboratoriearbeid\/test av utstyr)<\/li>\n<li>Vi har innf\u00f8rt bruk av tavlem\u00f8ter knyttet til systematisk oppf\u00f8lging gjennom helhetlig pasientforl\u00f8p, med s\u00e6rskilt oppf\u00f8lging av punktene \u201chva er viktig for deg\u201d samtalen, bes\u00f8k av sykepleier 3. dag og time til lege innen 14 dager.<\/li>\n<\/ul>\n<h3>Operasjonsutvikling<\/h3>\n<ul>\n<li>Vi har utvidet kompetansen knyttet til kreftsykepleie og brukes p\u00e5 tvers av rodene<\/li>\n<li>Vi bruker n\u00e5 kompetansen knyttet til s\u00e5rsykepleie p\u00e5 tvers av rodene<\/li>\n<li>Vi bruker n\u00e5 kompetansen knyttet til akuttsykepleie p\u00e5 tvers av rodene, med fokus p\u00e5 \u00e5 forebygge innleggelser gjennom plan for oppf\u00f8lging og tidlig innsats av forebyggende tiltak er under utvikling<\/li>\n<li>Vi har systematisk samarbeid mellom kreftkoordinator og demenskoordinator med fokus p\u00e5 palliasjon, og utvider ressursgruppene med enhet Bo og habilitering samt Sykehjem<\/li>\n<li>Vi har startet opp arbeid med m\u00e5lrettet bruk av sykepleieressurs p\u00e5 tvers av rodene, iverksetting medio 2019<\/li>\n<\/ul>\n<h2>Utfordringer og planer<\/h2>\n<p>R\u00e5dmannen vil tilby differensierte tilbud til mennesker med omfattende og komplekse omsorgsbehov.<\/p>\n<p>Det skal<\/p>\n<ul>\n<li>v\u00e6re fokus p\u00e5 tidlig innsats med rehabilitering og mestring i tverrfaglige tilbud for \u00e5 unng\u00e5 innleggelse i sykehjem<\/li>\n<li>v\u00e6re fokus p\u00e5 tidlig innsats av forebyggende tiltak for \u00e5 forebygge\/redusere innleggelser i sykehus<\/li>\n<li>gjennomf\u00f8res kartlegging og analyse p\u00e5 m\u00e5lrettet bruk av kompetansen<\/li>\n<li>gjennomf\u00f8res et st\u00f8rre arbeid knyttet til tjenesteutm\u00e5ling gjennom revidering av vedtak<\/li>\n<li>etableres flere samhandlingsarenaer med helseforetaket<\/li>\n<\/ul>\n<p>I samhandlingen med helseforetaket fortsetter arbeidet med pasientforl\u00f8pet for den eldre multisyke pasient.<\/p>\n<p>Store utfordringer med rekruttering av sykepleiere.<\/p>\n","protected":false},"excerpt":{"rendered":"<p>Fakta Rammeomr\u00e5det omfatter 7 hjemmesykepleieroder 2 bofelleskap BPA Tjenesten skal bidra til at kommunens innbyggere kan bo hjemme s\u00e5 lenge som mulig til tross for sykdom, funksjonshemming eller alderdomssvekkelse. M\u00e5l og resultater Gode tjenester med fokus p\u00e5 kvalitet, tilgjengelighet og brukermedvirkning. Tjenesteut\u00f8velse Vi har innen somatisk hjemmesykepleie hatt 4\u00a0957 vedtakstimer pr uke. Dette er ansikt [&hellip;]<\/p>\n","protected":false},"author":2,"featured_media":0,"parent":30,"menu_order":43,"comment_status":"closed","ping_status":"closed","template":"","meta":[],"acf":[],"_links":{"self":[{"href":"https:\/\/aarsrapport.kristiansund.kommune.no\/2018\/wp-json\/wp\/v2\/pages\/111"}],"collection":[{"href":"https:\/\/aarsrapport.kristiansund.kommune.no\/2018\/wp-json\/wp\/v2\/pages"}],"about":[{"href":"https:\/\/aarsrapport.kristiansund.kommune.no\/2018\/wp-json\/wp\/v2\/types\/page"}],"author":[{"embeddable":true,"href":"https:\/\/aarsrapport.kristiansund.kommune.no\/2018\/wp-json\/wp\/v2\/users\/2"}],"replies":[{"embeddable":true,"href":"https:\/\/aarsrapport.kristiansund.kommune.no\/2018\/wp-json\/wp\/v2\/comments?post=111"}],"version-history":[{"count":0,"href":"https:\/\/aarsrapport.kristiansund.kommune.no\/2018\/wp-json\/wp\/v2\/pages\/111\/revisions"}],"up":[{"embeddable":true,"href":"https:\/\/aarsrapport.kristiansund.kommune.no\/2018\/wp-json\/wp\/v2\/pages\/30"}],"wp:attachment":[{"href":"https:\/\/aarsrapport.kristiansund.kommune.no\/2018\/wp-json\/wp\/v2\/media?parent=111"}],"curies":[{"name":"wp","href":"https:\/\/api.w.org\/{rel}","templated":true}]}}