{"id":110,"date":"2016-05-20T13:02:08","date_gmt":"2016-05-20T11:02:08","guid":{"rendered":"http:\/\/ksu.wpengine.com\/ksu-2\/rammeomrader\/sykehjem\/"},"modified":"2019-05-23T10:56:38","modified_gmt":"2019-05-23T08:56:38","slug":"sykehjem","status":"publish","type":"page","link":"https:\/\/aarsrapport.kristiansund.kommune.no\/2018\/rammeomrader\/sykehjem\/","title":{"rendered":"Sykehjem"},"content":{"rendered":"<h2>Fakta<\/h2>\n<p>Rammeomr\u00e5det omfatter<\/p>\n<ul>\n<li>161 \u00e5rsverk fordelt p\u00e5 216 faste stillinger<\/li>\n<li>4 sykehjem<\/li>\n<li>st\u00f8ttetjenester til andre enheter og direkte til publikum innenfor\n<ul>\n<li>kj\u00f8kken\/kantinedrift<\/li>\n<li>vaskeri<\/li>\n<li>transport<\/li>\n<li>Hjelpemiddelformidling<\/li>\n<\/ul>\n<\/li>\n<\/ul>\n<p>Tjenesten skal gi et variert pleie- og omsorgstilbud av h\u00f8y kvalitet innenfor rammen av gjeldende lovverk, tilpasset den enkelte pasients sykdom og livssituasjon, med fokus p\u00e5 livskvalitet, aktivitet, trivsel, respekt og medbestemmelse.<\/p>\n<h2>M\u00e5l og resultater<\/h2>\n<p>Gode tjenester med fokus p\u00e5 kvalitet, tilgjengelighet og brukermedvirkning.<\/p>\n<p><strong>Tjenesteut\u00f8velse<\/strong><\/p>\n<ul>\n<li>Vi har \u00f8kt \u00e5rsverk ved Bergan omsorgssenter for demens i tr\u00e5d med bystyrevedtak og budsjett 2018.<\/li>\n<li>Vi har redusert ett \u00e5rsverk (sj\u00e5f\u00f8r) ved Interne tjenester, som et ledd i kutt h\u00f8st 2018.<\/li>\n<li>\u00c5rsverk i administrativ ledelse er redusert med 0,7 \u00e5rsverk sekret\u00e6r, som et ledd i kutt h\u00f8st 2018.<\/li>\n<li>Vi har styrket vakthavende sykepleierteam med 0,25 \u00e5rsverk.<\/li>\n<li>Vi har unng\u00e5tt vikarbyr\u00e5 p\u00e5 dag og aften i 2018. Vikarbyr\u00e5 ble benyttet for \u00e5 dekke vakante sykepleierstillinger p\u00e5 natt ved Bergan, Kringsj\u00e5 og Barmanhaugen 2. etasje.<\/li>\n<li>Vi har hatt 102 % belegg, perioder med pasient i gangen ved Bergan demens 3 og p\u00e5 badet ved Frei sykehjem<\/li>\n<li>Vi har nedgang i sykefrav\u00e6ret, fra 15,5 % i 2017 til 12,7 % i 2018.<\/li>\n<\/ul>\n<p><strong>Tjenesteutvikling<\/strong><\/p>\n<ul>\n<li>Prosjektet Bergan omsorgssenter avsluttet<\/li>\n<li>Vi har innf\u00f8rt Multidose i tr\u00e5d med Helsedirektoratets anbefalinger<\/li>\n<li>Vi har gjennomf\u00f8rt Helsedirektoratets pilot Trygghetsstandard, og har implementert det i ordin\u00e6r drift ved Bergan omsorgssenter<\/li>\n<li>Vi har satt kurs i Hjerte lunge redning for ansatte i system og driftes av vakthavende sykepleierteam<\/li>\n<li>Vi har innf\u00f8rt VIPS (personsentrert omsorg) i hele enheten. 6 instrukt\u00f8rer ivaretar veiledning og videre drift.<\/li>\n<li>Vi har gjennomf\u00f8rt kurs og innf\u00f8rt Livets siste dager i alle sykehjemsavdelingene<\/li>\n<li>Vi har sertifisering i medisinskteknisk utstyr for alle ansatte satt i system og driftes av vakthavende sykepleierteam<\/li>\n<li>Vi har videreutviklet funksjonen og arbeidsoppgaver til Vakthavende sykepleierteam<\/li>\n<li>Vi har planlagt og tilrettelagt for lagerstyringssystemet Aktiv forsyning, som blir innf\u00f8rt som pilot i 2019 ved Frei sykehjem for effektivisering av innkj\u00f8p for medisinsk forbruksmateriell.<\/li>\n<\/ul>\n<p><strong>Organisasjonsutvikling<\/strong><\/p>\n<ul>\n<li>\u00c5rsverk for stedlige sykepleiere er redusert med 9.70% (\u00e5rsverk midlertidig overf\u00f8rt til helsefagarbeider. Dette med bakgrunn i rekrutteringsutfordring)<\/li>\n<li>Ny ledelsesstruktur ved Kringsj\u00e5 sykehjem: Reduserte til \u00e9n avdelingsleder ved Kringsj\u00e5 fra 01.09.18, samtidig opprettet fristilt sykepleier med tillagt fagsykepleierfunksjon i 100 % \u00e5rsverk<\/li>\n<\/ul>\n<h2>Utfordringer og planer<\/h2>\n<p>R\u00e5dmannen vil i samsvar med bystyrets vedtatte plan for fremtidig bruk av kommunens sykehjem &#8211; og held\u00f8gnsplasser for pleie- og omsorg;<\/p>\n<ul>\n<li>fortsette ombyggingen\/rehabiliteringen av Rokilde til boliger med differensiert bemanning i 2019<\/li>\n<li>jobbe aktivt med drift av Bergan som omsorgssenter med fokus p\u00e5 demens \/ kognitiv svikt<\/li>\n<\/ul>\n<p>R\u00e5dmannen vil i samsvar med bystyrets vedtak;<\/p>\n<ul>\n<li>Jobbe aktiv med \u00e5 forbedre kvaliteten i tjenesten spesielt med fokus p\u00e5 ern\u00e6ring<\/li>\n<li>Utrede \u00f8kt grunnbemanning i institusjon<\/li>\n<li>Fortgang i \u00e5 utvikle kvalitetssystem for sykehjem<\/li>\n<hr \/>\n<h3 style=\"text-align: center;\">Held\u00f8gnsplasser langtid, korttid og \u00f8yeblikkelig hjelp<\/h3>\n<div id=\"attachment_1089\" style=\"width: 892px\" class=\"wp-caption alignnone\"><img aria-describedby=\"caption-attachment-1089\" decoding=\"async\" loading=\"lazy\" class=\" wp-image-1089\" src=\"http:\/\/aarsrapport.kristiansund.kommune.no\/2018\/wp-content\/uploads\/sites\/11\/2019\/05\/20-Sykehjemsplasser.jpg\" alt=\"\" width=\"882\" height=\"560\" srcset=\"https:\/\/aarsrapport.kristiansund.kommune.no\/2018\/wp-content\/uploads\/sites\/11\/2019\/05\/20-Sykehjemsplasser.jpg 1890w, https:\/\/aarsrapport.kristiansund.kommune.no\/2018\/wp-content\/uploads\/sites\/11\/2019\/05\/20-Sykehjemsplasser-300x190.jpg 300w, https:\/\/aarsrapport.kristiansund.kommune.no\/2018\/wp-content\/uploads\/sites\/11\/2019\/05\/20-Sykehjemsplasser-768x488.jpg 768w, https:\/\/aarsrapport.kristiansund.kommune.no\/2018\/wp-content\/uploads\/sites\/11\/2019\/05\/20-Sykehjemsplasser-1024x650.jpg 1024w\" sizes=\"(max-width: 882px) 100vw, 882px\" \/><p id=\"caption-attachment-1089\" class=\"wp-caption-text\">Totalt antall plasser er redusert i perioden, i samspill mellom helse- og omsorgstjenestene for \u00e5 m\u00f8te brukernes behov. I tillegg til plassene gitt i illustrasjonen driver vi ved Storhaugen helsehus et interkommunalt \u00f8yeblikkelig hjelp d\u00f8gntilbud med 5 plasser hvorav Kristiansund kommune disponerer 3,5 plasser.<\/p><\/div>\n<div class=\"table-explanation\"><\/div>\n","protected":false},"excerpt":{"rendered":"<p>Fakta Rammeomr\u00e5det omfatter 161 \u00e5rsverk fordelt p\u00e5 216 faste stillinger 4 sykehjem st\u00f8ttetjenester til andre enheter og direkte til publikum innenfor kj\u00f8kken\/kantinedrift vaskeri transport Hjelpemiddelformidling Tjenesten skal gi et variert pleie- og omsorgstilbud av h\u00f8y kvalitet innenfor rammen av gjeldende lovverk, tilpasset den enkelte pasients sykdom og livssituasjon, med fokus p\u00e5 livskvalitet, aktivitet, trivsel, respekt [&hellip;]<\/p>\n","protected":false},"author":2,"featured_media":0,"parent":30,"menu_order":42,"comment_status":"closed","ping_status":"closed","template":"","meta":[],"acf":[],"_links":{"self":[{"href":"https:\/\/aarsrapport.kristiansund.kommune.no\/2018\/wp-json\/wp\/v2\/pages\/110"}],"collection":[{"href":"https:\/\/aarsrapport.kristiansund.kommune.no\/2018\/wp-json\/wp\/v2\/pages"}],"about":[{"href":"https:\/\/aarsrapport.kristiansund.kommune.no\/2018\/wp-json\/wp\/v2\/types\/page"}],"author":[{"embeddable":true,"href":"https:\/\/aarsrapport.kristiansund.kommune.no\/2018\/wp-json\/wp\/v2\/users\/2"}],"replies":[{"embeddable":true,"href":"https:\/\/aarsrapport.kristiansund.kommune.no\/2018\/wp-json\/wp\/v2\/comments?post=110"}],"version-history":[{"count":0,"href":"https:\/\/aarsrapport.kristiansund.kommune.no\/2018\/wp-json\/wp\/v2\/pages\/110\/revisions"}],"up":[{"embeddable":true,"href":"https:\/\/aarsrapport.kristiansund.kommune.no\/2018\/wp-json\/wp\/v2\/pages\/30"}],"wp:attachment":[{"href":"https:\/\/aarsrapport.kristiansund.kommune.no\/2018\/wp-json\/wp\/v2\/media?parent=110"}],"curies":[{"name":"wp","href":"https:\/\/api.w.org\/{rel}","templated":true}]}}