{"id":107,"date":"2016-05-20T13:02:08","date_gmt":"2016-05-20T11:02:08","guid":{"rendered":"http:\/\/ksu.wpengine.com\/ksu-2\/rammeomrader\/barnehager\/"},"modified":"2019-05-23T10:55:00","modified_gmt":"2019-05-23T08:55:00","slug":"barnehager","status":"publish","type":"page","link":"https:\/\/aarsrapport.kristiansund.kommune.no\/2018\/rammeomrader\/barnehager\/","title":{"rendered":"Barnehager"},"content":{"rendered":"<h2>Fakta<\/h2>\n<p>Rammeomr\u00e5det omhandler kommunen som barnehagemyndighet og omfatter<\/p>\n<ul>\n<li>drift av 7 kommunale barnehager<\/li>\n<li>tilskudd til 11\u00a0private barnehager<\/li>\n<li>tilsyn med kommunale og ikke-kommunale barnehager etter barnehageloven<\/li>\n<\/ul>\n<p>Tjenesten skal gi et pedagogisk tilbud for barn under oppl\u00e6ringspliktig alder og legge til rette for at barn med spesielle behov f\u00e5r et tilfredsstillende utbytte av barnehageoppholdet. Som barnehagemyndighet er kommunen ansvarlig for godkjenning av barnehager, gi veiledning til og f\u00f8re tilsyn med barnehagene, samordne opptak, samt sikre barns lovfestede rett til barnehageplass etter barnehageloven. Kommunen har ogs\u00e5 ansvar for \u00f8konomisk likebehandling av kommunale og private barnehager.<\/p>\n<h2>M\u00e5l og resultater<\/h2>\n<p>Gode tjenester med fokus p\u00e5 kvalitet, tilgjengelighet og brukermedvirkning.<\/p>\n<p><strong>Tjenesteut\u00f8velse<\/strong><\/p>\n<ul>\n<li>Vi har fra 1. august innf\u00f8rt ny pedagognorm og bemanningsnorm for barnehageomr\u00e5det. Barnehagene har samlet sett f\u00e5 dispensjoner fra utdanningskravet grunnet de \u00f8kte kravene.<\/li>\n<li>Vi har fortsatt satsingen p\u00e5 ICDP foreldreveiledning, i form av flere foreldreveiledningsgrupper og ansattoppl\u00e6ring.<\/li>\n<\/ul>\n<p><strong>Tjenesteutvikling<\/strong><\/p>\n<ul>\n<li>Vi har bemannet barnehagene i tr\u00e5d med nasjonale f\u00f8ringer<\/li>\n<li>Vi har startet opp ny barnehage i Karihola august 2018<\/li>\n<li>Vi har startet opp ny barnehage p\u00e5 Nordlandet mars 2019<\/li>\n<li>Vi er i gang med \u00e5 utarbeide en egen IKT-strategi for barnehageomr\u00e5det<\/li>\n<li>Vi jobber med \u00e5 implementere og iverksette oppvekstplanen<\/li>\n<\/ul>\n<p><strong>Organisasjonsutvikling<\/strong><\/p>\n<ul>\n<li>Vi har endret struktur i de kommunale barnehagene og g\u00e5tt fra flere sm\u00e5 enheter til f\u00e6rre st\u00f8rre enheter<\/li>\n<li>Vi har samlet de kommunale barnehagene i \u00e9n enhet med \u00e9n felles enhetsleder<\/li>\n<\/ul>\n<h2>Utfordringer og planer<\/h2>\n<p>Utfordringer og planer tar utgangspunkt i kommuneplanens samfunnsdel og eksisterende handlingsplaner.<\/p>\n<p>Oppvekstplan for Kristiansund (2019 \u2013 2027) er en helhetlig strategiplan som skal gjelde for en samlet oppvekstsektor. Planen trer i kraft fra 1.1.2019. Det er jobbet prosessorientert med planen og alle enheter har p\u00e5 en eller annen m\u00e5te bidratt i arbeidet. I arbeidet med \u00e5 utarbeide handlingsplaner og implementere disse i drift er det viktig \u00e5 fortsette det gode arbeidet med medvirkning i og p\u00e5 tvers av enheter og rammeomr\u00e5der. I 2019 vil arbeidet med \u00e5 lage gode handlingsplaner \u2013 b\u00e5de i sektorene, tverrfaglig og i enhetene v\u00e6re det viktigste arbeidet i \u00e5 g\u00e5 fra m\u00e5l og strategier til \u00e5 starte aktiv handling og tiltak.<\/p>\n<p>Kristiansund har en st\u00f8rre andel barn som lever i lavinntektsfamilier enn kommuner det er n\u00e6rliggende \u00e5 sammenligne seg med. Dette gir seg utslag i et \u00f8kende antall familier med vedtak om redusert foreldrebetaling i barnehage. Dette gjelder foresatte b\u00e5de i kommunale og private barnehager. Kommunens kostnader knyttet til disse ordningene er \u00f8kende, og h\u00f8yere enn dagens statlige overf\u00f8ringer. Vi har de siste \u00e5rene hatt en negativ utvikling i barnetallet, noe som medf\u00f8rer ledig kapasitet i v\u00e5re barnehager. Det g\u00e5r i dag flere barn i private barnehager enn i kommunale barnehager.<\/p>\n<p>Kristiansund har en h\u00f8y andel barn med spesialpedagogisk hjelp i barnehagene Det m\u00e5 legges opp til et arbeid der barnehagene i st\u00f8rre grad greier \u00e5 tilrettelegge for alle barn i det ordin\u00e6re barnehagetilbudet og der PPT bidrar med mer kompetanseheving og veiledning i barnehagene sammen med spesialpedagogene i oppl\u00e6ringstjenesten. Dette arbeidet er satt i gang og vil fortsette i 2019.<\/p>\n<p>Kristiansundsbarnehagene har mange prosjekter og utviklingsarbeid \u00e5 forholde seg til. Ny oppvekstplan, rammeplan og realfagskommunearbeid. Dette krever at vi alle greier \u00e5 se satsingsomr\u00e5dene i en sammenheng.<\/p>\n<p>Den kommunale barnehagestrukturen er endret fra 10 til 7 barnehager i l\u00f8pet av f\u00e5 \u00e5r. I 2018 ble ny barnehage i Karihola tatt i bruk og i 2019 tas ny barnehage p\u00e5 Nordlandet i bruk. Kommunen vil da ha 6 barnehager i en ny og effektivisert barnehagestruktur.<\/p>\n<p>\u00d8kt bemanningsnorm og \u00f8kt pedagognorm ble innf\u00f8rt fra 1.8.2018.<br \/>\nDesentralisert barnehagel\u00e6rerutdanning starter opp i Kristiansund fra og med h\u00f8sten 2019.<\/p>\n<div id=\"attachment_1086\" style=\"width: 867px\" class=\"wp-caption alignnone\"><img aria-describedby=\"caption-attachment-1086\" decoding=\"async\" loading=\"lazy\" class=\" wp-image-1086\" src=\"http:\/\/aarsrapport.kristiansund.kommune.no\/2018\/wp-content\/uploads\/sites\/11\/2019\/05\/17-Barn-i-barnehager.jpg\" alt=\"\" width=\"857\" height=\"544\" srcset=\"https:\/\/aarsrapport.kristiansund.kommune.no\/2018\/wp-content\/uploads\/sites\/11\/2019\/05\/17-Barn-i-barnehager.jpg 1890w, https:\/\/aarsrapport.kristiansund.kommune.no\/2018\/wp-content\/uploads\/sites\/11\/2019\/05\/17-Barn-i-barnehager-300x190.jpg 300w, https:\/\/aarsrapport.kristiansund.kommune.no\/2018\/wp-content\/uploads\/sites\/11\/2019\/05\/17-Barn-i-barnehager-768x488.jpg 768w, https:\/\/aarsrapport.kristiansund.kommune.no\/2018\/wp-content\/uploads\/sites\/11\/2019\/05\/17-Barn-i-barnehager-1024x650.jpg 1024w\" sizes=\"(max-width: 857px) 100vw, 857px\" \/><p id=\"caption-attachment-1086\" class=\"wp-caption-text\">Figuren over viser utviklingen i antall barn i barnehage, og fordelingen i antall barn mellom kommunale og private barnehager.<\/p><\/div>\n","protected":false},"excerpt":{"rendered":"<p>Fakta Rammeomr\u00e5det omhandler kommunen som barnehagemyndighet og omfatter drift av 7 kommunale barnehager tilskudd til 11\u00a0private barnehager tilsyn med kommunale og ikke-kommunale barnehager etter barnehageloven Tjenesten skal gi et pedagogisk tilbud for barn under oppl\u00e6ringspliktig alder og legge til rette for at barn med spesielle behov f\u00e5r et tilfredsstillende utbytte av barnehageoppholdet. Som barnehagemyndighet er [&hellip;]<\/p>\n","protected":false},"author":2,"featured_media":0,"parent":30,"menu_order":39,"comment_status":"closed","ping_status":"closed","template":"","meta":[],"acf":[],"_links":{"self":[{"href":"https:\/\/aarsrapport.kristiansund.kommune.no\/2018\/wp-json\/wp\/v2\/pages\/107"}],"collection":[{"href":"https:\/\/aarsrapport.kristiansund.kommune.no\/2018\/wp-json\/wp\/v2\/pages"}],"about":[{"href":"https:\/\/aarsrapport.kristiansund.kommune.no\/2018\/wp-json\/wp\/v2\/types\/page"}],"author":[{"embeddable":true,"href":"https:\/\/aarsrapport.kristiansund.kommune.no\/2018\/wp-json\/wp\/v2\/users\/2"}],"replies":[{"embeddable":true,"href":"https:\/\/aarsrapport.kristiansund.kommune.no\/2018\/wp-json\/wp\/v2\/comments?post=107"}],"version-history":[{"count":0,"href":"https:\/\/aarsrapport.kristiansund.kommune.no\/2018\/wp-json\/wp\/v2\/pages\/107\/revisions"}],"up":[{"embeddable":true,"href":"https:\/\/aarsrapport.kristiansund.kommune.no\/2018\/wp-json\/wp\/v2\/pages\/30"}],"wp:attachment":[{"href":"https:\/\/aarsrapport.kristiansund.kommune.no\/2018\/wp-json\/wp\/v2\/media?parent=107"}],"curies":[{"name":"wp","href":"https:\/\/api.w.org\/{rel}","templated":true}]}}