{"id":105,"date":"2016-05-20T13:02:08","date_gmt":"2016-05-20T11:02:08","guid":{"rendered":"http:\/\/ksu.wpengine.com\/ksu-2\/rammeomrader\/pp-tjenesten\/"},"modified":"2019-05-16T11:02:21","modified_gmt":"2019-05-16T09:02:21","slug":"pedagogisk-psykologisk-tjeneste","status":"publish","type":"page","link":"https:\/\/aarsrapport.kristiansund.kommune.no\/2018\/rammeomrader\/pedagogisk-psykologisk-tjeneste\/","title":{"rendered":"Pedagogisk psykologisk tjeneste"},"content":{"rendered":"<h2>Fakta<\/h2>\n<p>PPT for Ytre Nordm\u00f8re er en interkommunal tjeneste med 4 eierkommuner: Kristiansund, Aver\u00f8y, Aure og Sm\u00f8la. Tjenesten er gjennomg\u00e5ende, det vil si at vi leverer tjenester p\u00e5 b\u00e5de f\u00f8rskole-, grunnskole-, videreg\u00e5ende- samt voksenniv\u00e5.\u00a0 Rammeomr\u00e5det omfatter fire team<\/p>\n<ul>\n<li>f\u00f8rskole<\/li>\n<li>grunnskole<\/li>\n<li>videreg\u00e5ende skole<\/li>\n<li>veiledning<\/li>\n<\/ul>\n<p>PP-Tjenesten er en lovp\u00e5lagt tjeneste, og er kommunens r\u00e5dgivende og sakkyndige instans vedr\u00f8rende spesialpedagogiske tiltak. Tjenesten skal sikre at barn og unge med s\u00e6rskilte behov m\u00f8ter et samfunn, en barnehage eller en skole som er tilpasset deres evner og forutsetninger.<\/p>\n<h2>M\u00e5l og resultater<\/h2>\n<div class=\"table-explanation\"><\/div>\n<p>Gode tjenester med fokus p\u00e5 kvalitet, tilgjengelighet og brukermedvirkning.<\/p>\n<p><strong>Tjenesteut\u00f8velse<\/strong><\/p>\n<ul>\n<li>Vi har i 2018 hatt vakanser p\u00e5 grunn av ansatte som gikk over i andre stillinger og et h\u00f8yt sykefrav\u00e6r. Dette har gitt utfordringer med tanke p\u00e5 den ordin\u00e6re tjenesteut\u00f8velsen, og medf\u00f8rte lengre saksbehandlingstid p\u00e5 flere av enhetene PPT leverer tjenester til.<\/li>\n<\/ul>\n<p><strong>Tjenesteutvikling<\/strong><\/p>\n<ul>\n<li>Vi har gjennom hele 2018 hatt en omfattende prosess for innkj\u00f8p og oppstart av nytt fagsystem for enheten. Det nye fagsystemet ble tatt i bruk fra 01.11.2018. PPT har i l\u00f8pet av 2018 gjennomf\u00f8rt internt utviklingsarbeid med gjennomgang av alle punkter i varslet gjennomg\u00e5ende tilsyn av grunnskoleomr\u00e5det fra Fylkesmannen.<\/li>\n<li>Vi har ferdigstilt temahefte i Ta Grep om skole-hjem samarbeid. Heftet bygger p\u00e5 et pilotprosjekt gjennomf\u00f8rt ved Dalabrekka skole, og er en del av PPTs satsning p\u00e5 utvikling av godt l\u00e6ringsmilj\u00f8 og har sammenheng med utviklingsarbeid og endringsarbeid i barnehage, skole og PPT.<\/li>\n<li>Vi har ferdigstilt temaheftet \u201cTa Grep om skolefrav\u00e6r\u201d. Det er utarbeidet for \u00e5 gi en mer samlet informasjon om et \u00f8kende problem i skolen, og gir en beskrivelse av hvordan skolevegring kan forst\u00e5s og hvordan det skiller seg fra annet frav\u00e6r i skolen. PPT \u00f8nsker \u00e5 sette en felles standard for hvordan vi skal jobbe med skolefrav\u00e6r i v\u00e5rt distrikt, og heftet er utformet med m\u00e5l om at det skal v\u00e6re et praktisk hjelpemiddel til bruk i skolehverdagen. I forbindelse med utgivelsen av \u201cTa Grep om skolefrav\u00e6r\u201d- heftet, arrangerte PPT ogs\u00e5 en fagdag om temaet for alle skolene i eierkommunene, samt for andre samarbeidspartnere i f\u00f8rste- og andrelinjetjenestene i distriktet.<\/li>\n<\/ul>\n<p><strong>Organisasjonsutvikling<\/strong><\/p>\n<ul>\n<li>Vi \u00f8nsket i utgangspunktet \u00e5 tilf\u00f8re f\u00f8rskoleteamet en ekstra stilling i 2018, som et ledd i styrkning av eierkommunenes og enhetens satsning p\u00e5 tidlig innsats p\u00e5 f\u00f8rskoleniv\u00e5. P\u00e5 grunn av sparekrav p\u00e5 5 % i budsjettet for 2019, ble det i stedet flyttet en r\u00e5dgiverstilling fra grunnskoleteam over til f\u00f8rskoleteam for \u00e5 styrke sistnevnte.<\/li>\n<\/ul>\n<h2>Utfordringer og planer<\/h2>\n<p>Utfordringer og planer tar utgangspunkt i kommuneplanens samfunnsdel og eksisterende handlingsplaner.<\/p>\n<p>Oppvekstplan for Kristiansund (2019 \u2013 2027) er en helhetlig strategiplan som skal gjelde for en samlet oppvekstsektor. Planen trer i kraft fra 1.1.2019. Det er jobbet prosessorientert med planen og alle enheter har p\u00e5 en eller annen m\u00e5te bidratt i arbeidet. I arbeidet med \u00e5 utarbeide handlingsplaner og implementere disse i drift er det viktig \u00e5 fortsette det gode arbeidet med medvirkning i og p\u00e5 tvers av enheter og rammeomr\u00e5der. I 2019 vil arbeidet med \u00e5 lage gode handlingsplaner \u2013 b\u00e5de i sektorene, tverrfaglig og i enhetene v\u00e6re det viktigste arbeidet i \u00e5 g\u00e5 fra m\u00e5l og strategier til \u00e5 starte aktiv handling og tiltak.<\/p>\n<p>Kristiansund har en h\u00f8y andel barn med spesialpedagogisk hjelp i barnehagene og en h\u00f8y andel elever med spesialpedagogisk undervisning i skolene. Det betyr at PPT m\u00e5 bruke en stor andel av sine ressurser til sakkyndighetsarbeid p\u00e5 individniv\u00e5. Denne h\u00f8ye andelen individsaker bidrar ogs\u00e5 til at kommunen binder opp en uforholdsmessig stor del av sine ressurser til individrettede tiltak. Det er startet et arbeid der PPT i samarbeid med barnehagene og spesialpedagogene i barnehagene ser p\u00e5 en dreining fra individrettede tiltak til mer kompetanseheving og veiledning i barnehagene. Dette er et arbeid som ogs\u00e5 m\u00e5 startes i grunnskolen.<\/p>\n<hr \/>\n<h3 style=\"text-align: center;\">Aktive saker<\/h3>\n<div id=\"attachment_1084\" style=\"width: 968px\" class=\"wp-caption alignnone\"><img aria-describedby=\"caption-attachment-1084\" decoding=\"async\" loading=\"lazy\" class=\" wp-image-1084\" src=\"http:\/\/aarsrapport.kristiansund.kommune.no\/2018\/wp-content\/uploads\/sites\/11\/2019\/05\/15-Aktive-saker.jpg\" alt=\"\" width=\"958\" height=\"608\" srcset=\"https:\/\/aarsrapport.kristiansund.kommune.no\/2018\/wp-content\/uploads\/sites\/11\/2019\/05\/15-Aktive-saker.jpg 1890w, https:\/\/aarsrapport.kristiansund.kommune.no\/2018\/wp-content\/uploads\/sites\/11\/2019\/05\/15-Aktive-saker-300x190.jpg 300w, https:\/\/aarsrapport.kristiansund.kommune.no\/2018\/wp-content\/uploads\/sites\/11\/2019\/05\/15-Aktive-saker-768x488.jpg 768w, https:\/\/aarsrapport.kristiansund.kommune.no\/2018\/wp-content\/uploads\/sites\/11\/2019\/05\/15-Aktive-saker-1024x650.jpg 1024w\" sizes=\"(max-width: 958px) 100vw, 958px\" \/><p id=\"caption-attachment-1084\" class=\"wp-caption-text\">Antall aktive saker omfatter alle kommunene i samarbeidet<\/p><\/div>\n<p>Antall aktive saker varierer fra \u00e5r til \u00e5r, og sammenlignet med 2017 viser tallene for 2018 en \u00f8kning p\u00e5 52 saker, tilsvarende 4,3 %. Det er en nedgang i antall saker vedr\u00f8rende <em>somatiske-, utviklingsfase-, sammensatte vansker etc<\/em>., og en \u00f8kning fordelt p\u00e5 de to andre grupperingene (<em>atferd-, psykosos.-, oppmerksomhetsvansker<\/em>, og <em>tale-, spr\u00e5k-, l\u00e6revansker).<\/em><\/p>\n","protected":false},"excerpt":{"rendered":"<p>Fakta PPT for Ytre Nordm\u00f8re er en interkommunal tjeneste med 4 eierkommuner: Kristiansund, Aver\u00f8y, Aure og Sm\u00f8la. Tjenesten er gjennomg\u00e5ende, det vil si at vi leverer tjenester p\u00e5 b\u00e5de f\u00f8rskole-, grunnskole-, videreg\u00e5ende- samt voksenniv\u00e5.\u00a0 Rammeomr\u00e5det omfatter fire team f\u00f8rskole grunnskole videreg\u00e5ende skole veiledning PP-Tjenesten er en lovp\u00e5lagt tjeneste, og er kommunens r\u00e5dgivende og sakkyndige instans [&hellip;]<\/p>\n","protected":false},"author":2,"featured_media":0,"parent":30,"menu_order":35,"comment_status":"closed","ping_status":"closed","template":"","meta":[],"acf":[],"_links":{"self":[{"href":"https:\/\/aarsrapport.kristiansund.kommune.no\/2018\/wp-json\/wp\/v2\/pages\/105"}],"collection":[{"href":"https:\/\/aarsrapport.kristiansund.kommune.no\/2018\/wp-json\/wp\/v2\/pages"}],"about":[{"href":"https:\/\/aarsrapport.kristiansund.kommune.no\/2018\/wp-json\/wp\/v2\/types\/page"}],"author":[{"embeddable":true,"href":"https:\/\/aarsrapport.kristiansund.kommune.no\/2018\/wp-json\/wp\/v2\/users\/2"}],"replies":[{"embeddable":true,"href":"https:\/\/aarsrapport.kristiansund.kommune.no\/2018\/wp-json\/wp\/v2\/comments?post=105"}],"version-history":[{"count":0,"href":"https:\/\/aarsrapport.kristiansund.kommune.no\/2018\/wp-json\/wp\/v2\/pages\/105\/revisions"}],"up":[{"embeddable":true,"href":"https:\/\/aarsrapport.kristiansund.kommune.no\/2018\/wp-json\/wp\/v2\/pages\/30"}],"wp:attachment":[{"href":"https:\/\/aarsrapport.kristiansund.kommune.no\/2018\/wp-json\/wp\/v2\/media?parent=105"}],"curies":[{"name":"wp","href":"https:\/\/api.w.org\/{rel}","templated":true}]}}