{"id":1014,"date":"2019-04-28T11:58:32","date_gmt":"2019-04-28T09:58:32","guid":{"rendered":"http:\/\/aarsrapport.kristiansund.kommune.no\/2018\/?page_id=1014"},"modified":"2019-04-28T11:59:10","modified_gmt":"2019-04-28T09:59:10","slug":"den-kloke-byen","status":"publish","type":"page","link":"https:\/\/aarsrapport.kristiansund.kommune.no\/2018\/mal-og-resultater\/den-kloke-byen\/","title":{"rendered":"Den kloke byen"},"content":{"rendered":"<h2>M\u00e5l<\/h2>\n<p>\u2022 Vi har en fremtidsrettet by og region.<br \/>\n\u2022 Vi har m\u00f8teplasser der kunnskap deles, der tanker utfordres og der sp\u00f8rsm\u00e5l stilles.<br \/>\n\u2022 Vi har styrket byen som regional motor gjennom handlekraftige og forpliktende partnerskap.<br \/>\n\u2022 Vi har blitt den foretrukne og mest innovative samarbeidspartner for v\u00e5re naboer.<br \/>\n\u2022 Vi har en mangfoldig frivillig sektor som samarbeider tett med oss om \u00e5 skape gode lokalsamfunn, tjenester og tilbud til befolkningen.<br \/>\n\u2022 Vi har en plan for bevaring av matjorda og l\u00e6rer av v\u00e5re nabokommuner.<\/p>\n<h2>Resultater<\/h2>\n<p>For \u00e5 v\u00e6re en fremtidsrettet by og region er det viktig at Campus Kristiansund videreutvikles, og planprogram for reguleringsplanlegging av Devoldholmen &#8211; omr\u00e5det i Kristiansund sentrum ble vedtatt juni 2018.<\/p>\n<p>Samhandling og samskaping er viktige verkt\u00f8y for at vi skal ha m\u00f8teplasser der kunnskap deles, der tanker utfordres og der sp\u00f8rsm\u00e5l stilles. Foredrag ved Biblioteket, folkem\u00f8te om Goma sentrum og sentrumsutvikling er gode tiltak i dette arbeidet. For \u00e5 kunne v\u00e6re det milj\u00f8et der vi er f\u00f8rst ute med det siste har ulike arenaer som forskningskaffe og kveldsuniversitetet bidratt. Senioruniversitet er en viktig m\u00f8teplass for eldre og yngre og samler m\u00e5nedlig flere hundre deltakere p\u00e5 sine foredrag og arrangementer. Vi har siden starten tilrettelagt for at Senioruniversitetet f\u00e5r utvikle seg i v\u00e5re lokaler.<\/p>\n<p>For \u00e5 styrke byen som regional motor gjennom handlekraftige og forpliktende partnerskap har vi etablert Nordm\u00f8re interkommunale brann- og redningstjeneste (NIBR). Andre nettverk og samarbeidsformer er:<br \/>\n\u2022 Interkommunal barnevernsvakt for Nordm\u00f8re og Romsdal<br \/>\n\u2022 Klimanettverk med sju kommuner<br \/>\n\u2022 Nettverk Nordm\u00f8re<br \/>\n\u2022 Sj\u00f8omr\u00e5deplan for Nordm\u00f8re<br \/>\n\u2022 Et regionalt plansamarbeid innen Orkid\u00e9 med midler fra Fylkesmannen<br \/>\n\u2022 Avslutning av Byregionprogrammet med lansering av oversikt over ledige n\u00e6ringsareal i sju kommuner<\/p>\n<p>For \u00e5 bli den foretrukne og mest innovative samarbeidspartner for v\u00e5re naboer arbeides det godt med digitaliseringsstrategier. En traineestilling som digitaliseringskoordinator er en del av dette arbeidet. \u201cP\u00e5kobla Kristiansund\u201d er \u00e5 ta i bruk ny teknologi for \u00e5 gi bedre tjenester til innbyggerne.<\/p>\n<p>Vi har kommet godt i gang med implementering av velferdsteknologi. Innen 2019 vil elektroniske medisindispensere, digitalt tilsyn og GPS for hjemmeboende v\u00e6re en del av tjenestetilbudet.<br \/>\nKristiansund kommune er med som deltaker i spredningsprosjektet i det nasjonale velferdsteknologiprogrammet, og mye av det vi gj\u00f8r, erfaringer og prosedyrer\/rutiner, blir delt med v\u00e5re nabokommuner Aver\u00f8y, Aure, Gjemnes, Halsa, Rindal, Sm\u00f8la, Sunndal, Surnadal og Tingvoll.<\/p>\n<p>Vi har et regionalt responssenter som betjener mottak og videreformidling av ca. 1 600 trygghetsalarmer i Nordm\u00f8re og Romsdal. Antall tilknyttede kommuner \u00f8kte fra 5 til 11 i 2018. Eget responsteam og velferdsteknologisk laboratorium er ogs\u00e5 opprettet.<\/p>\n<p>Det er store ressurser i frivilligheten. En mangfoldig frivillig sektor som samarbeider tett med oss om \u00e5 skape gode lokalsamfunn, tjenester og tilbud til befolkningen er viktig. Frivillige lag og foreninger, ildsjeler og frivilligsentralen legger ned store ressurser i etablering av turstier, skilting, drifting av utstyrslageret MAGASINET, treningsinstrukt\u00f8r og bes\u00f8ksvenn. Stilling som frivilligkoordinator er lyst ut, og det arbeides med \u00e5 f\u00e5 p\u00e5 plass en digital m\u00f8teplass for aktivitet og frivillighet. Gjennom et godt samarbeid med frivilligheten har vi mottatt en st\u00f8rre andel \u00f8konomiske tilskudd til tiltak i statlig sikra omr\u00e5der i 2018.<\/p>\n<p>Vi har en samarbeidsavtale om landbrukssjef med Gjemnes kommune, og landbruksplanen skal ferdigstilles i 2019. Viltforvaltning ivaretas av en samarbeidsavtale med Tingvoll kommune.<\/p>\n<h2>Utfordringer og planer<\/h2>\n<p>N\u00e5situasjon og fremtidsbilde for den kloke byen er omtalt i kapittel 2 i kommuneplanens samfunnsdel.<\/p>\n","protected":false},"excerpt":{"rendered":"<p>M\u00e5l \u2022 Vi har en fremtidsrettet by og region. \u2022 Vi har m\u00f8teplasser der kunnskap deles, der tanker utfordres og der sp\u00f8rsm\u00e5l stilles. \u2022 Vi har styrket byen som regional motor gjennom handlekraftige og forpliktende partnerskap. \u2022 Vi har blitt den foretrukne og mest innovative samarbeidspartner for v\u00e5re naboer. \u2022 Vi har en mangfoldig frivillig [&hellip;]<\/p>\n","protected":false},"author":2,"featured_media":0,"parent":26,"menu_order":6,"comment_status":"closed","ping_status":"closed","template":"","meta":[],"acf":[],"_links":{"self":[{"href":"https:\/\/aarsrapport.kristiansund.kommune.no\/2018\/wp-json\/wp\/v2\/pages\/1014"}],"collection":[{"href":"https:\/\/aarsrapport.kristiansund.kommune.no\/2018\/wp-json\/wp\/v2\/pages"}],"about":[{"href":"https:\/\/aarsrapport.kristiansund.kommune.no\/2018\/wp-json\/wp\/v2\/types\/page"}],"author":[{"embeddable":true,"href":"https:\/\/aarsrapport.kristiansund.kommune.no\/2018\/wp-json\/wp\/v2\/users\/2"}],"replies":[{"embeddable":true,"href":"https:\/\/aarsrapport.kristiansund.kommune.no\/2018\/wp-json\/wp\/v2\/comments?post=1014"}],"version-history":[{"count":0,"href":"https:\/\/aarsrapport.kristiansund.kommune.no\/2018\/wp-json\/wp\/v2\/pages\/1014\/revisions"}],"up":[{"embeddable":true,"href":"https:\/\/aarsrapport.kristiansund.kommune.no\/2018\/wp-json\/wp\/v2\/pages\/26"}],"wp:attachment":[{"href":"https:\/\/aarsrapport.kristiansund.kommune.no\/2018\/wp-json\/wp\/v2\/media?parent=1014"}],"curies":[{"name":"wp","href":"https:\/\/api.w.org\/{rel}","templated":true}]}}