{"id":961,"date":"2018-05-24T10:21:30","date_gmt":"2018-05-24T08:21:30","guid":{"rendered":"http:\/\/aarsrapport.kristiansund.kommune.no\/2017\/rammeomrader\/brann-og-redning-copy\/"},"modified":"2018-05-24T10:23:12","modified_gmt":"2018-05-24T08:23:12","slug":"helseinnovasjonssenter","status":"publish","type":"page","link":"https:\/\/aarsrapport.kristiansund.kommune.no\/2017\/rammeomrader\/helseinnovasjonssenter\/","title":{"rendered":"Helseinnovasjonssenter"},"content":{"rendered":"<h2>FaktaRammeomr\u00e5det omfatter<\/h2>\n<p>\u2022 forskning, utvikling og innovasjon<br \/>\n\u2022 regionalt respnssenter (RRO)<br \/>\n\u2022 utviklingssenter for sykehjem og hjemmetjeneste (USHT)<br \/>\n\u2022 helse som n\u00e6ring<br \/>\n\u2022 samhandling mellom spesialist- og kommunehelsetjenester<\/p>\n<p>Senteret arbeider for \u00f8kt bruk og innfasing av teknologi- og tjenesteinnovasjon i helsesektoren. Koordinering og videreutvikling av interkommunale samarbeid med bakgrunn i fagomr\u00e5dene forskning og innovasjon, helse som n\u00e6ring, velferdsteknologi og responstjenester er ogs\u00e5 viktige satsningsomr\u00e5der.<\/p>\n<h2>M\u00e5l og resultater<\/h2>\n<p>M\u00e5l vil bli utarbeidet etter at kommuneplanens samfunnsdel er godkjent.<\/p>\n<h2>\nUtfordringer og planer<\/h2>\n<p>Utfordringer og planer tar utgangspunkt i kommuneplanens samfunnsdel og eksisterende handlingsplaner.<\/p>\n","protected":false},"excerpt":{"rendered":"<p>FaktaRammeomr\u00e5det omfatter \u2022 forskning, utvikling og innovasjon \u2022 regionalt respnssenter (RRO) \u2022 utviklingssenter for sykehjem og hjemmetjeneste (USHT) \u2022 helse som n\u00e6ring \u2022 samhandling mellom spesialist- og kommunehelsetjenester Senteret arbeider for \u00f8kt bruk og innfasing av teknologi- og tjenesteinnovasjon i helsesektoren. Koordinering og videreutvikling av interkommunale samarbeid med bakgrunn i fagomr\u00e5dene forskning og innovasjon, helse [&hellip;]<\/p>\n","protected":false},"author":2,"featured_media":0,"parent":30,"menu_order":66,"comment_status":"closed","ping_status":"closed","template":"","meta":[],"acf":[],"_links":{"self":[{"href":"https:\/\/aarsrapport.kristiansund.kommune.no\/2017\/wp-json\/wp\/v2\/pages\/961"}],"collection":[{"href":"https:\/\/aarsrapport.kristiansund.kommune.no\/2017\/wp-json\/wp\/v2\/pages"}],"about":[{"href":"https:\/\/aarsrapport.kristiansund.kommune.no\/2017\/wp-json\/wp\/v2\/types\/page"}],"author":[{"embeddable":true,"href":"https:\/\/aarsrapport.kristiansund.kommune.no\/2017\/wp-json\/wp\/v2\/users\/2"}],"replies":[{"embeddable":true,"href":"https:\/\/aarsrapport.kristiansund.kommune.no\/2017\/wp-json\/wp\/v2\/comments?post=961"}],"version-history":[{"count":0,"href":"https:\/\/aarsrapport.kristiansund.kommune.no\/2017\/wp-json\/wp\/v2\/pages\/961\/revisions"}],"up":[{"embeddable":true,"href":"https:\/\/aarsrapport.kristiansund.kommune.no\/2017\/wp-json\/wp\/v2\/pages\/30"}],"wp:attachment":[{"href":"https:\/\/aarsrapport.kristiansund.kommune.no\/2017\/wp-json\/wp\/v2\/media?parent=961"}],"curies":[{"name":"wp","href":"https:\/\/api.w.org\/{rel}","templated":true}]}}