{"id":96,"date":"2016-05-20T13:00:56","date_gmt":"2016-05-20T11:00:56","guid":{"rendered":"http:\/\/ksu.wpengine.com\/ksu-2\/arsregnskap\/statlige-rammebetingelser\/"},"modified":"2018-05-18T13:45:44","modified_gmt":"2018-05-18T11:45:44","slug":"statlige-rammebetingelser","status":"publish","type":"page","link":"https:\/\/aarsrapport.kristiansund.kommune.no\/2017\/arsregnskap\/statlige-rammebetingelser\/","title":{"rendered":"Statlige rammebetingelser"},"content":{"rendered":"<p>I statsbudsjettet for 2017 la regjeringen opp til en nominell vekst i kommunesektorens frie inntekter p\u00e5 2,7 % i forhold til anslag p\u00e5 regnskap for 2016. Beregnet ut fra revidert nasjonalbudsjett for 2016 var realveksten i kommunesektorens frie inntekter for 2017 ansl\u00e5tt til 4,1 mrd. kroner, og ansl\u00e5tt kostnadsvekst i kommunesektoren (deflator) i 2017 var p\u00e5 2,3 % basert p\u00e5 siste vurdering ved framleggelsen av statsbudsjettet 2018.<\/p>\n<h2>Frie inntekter<\/h2>\n<p>I statsbudsjettet defineres frie inntekter som summen av skatt, rammetilskudd og l\u00f8pende inntektsutjevning. I tillegg har eiendomsskatt, tilskudd til flyktninger og kompensasjonstilskudd for investeringer samme funksjon, siden de ikke budsjetteres p\u00e5 rammeomr\u00e5dene.<\/p>\n<p>Inntektene fra skatt og rammetilskudd \u00f8kte med 32,8 mill. kroner fra 2016 og var p\u00e5 totalt 1 249 mill. kroner i 2017 Dette tilsvarer en nominell vekst p\u00e5 2,7 % fra 2016.<\/p>\n<p>Kommunens skatteinntekter ble 613,7 mill. kroner i 2017, en vekst p\u00e5 1,3 % fra 2016. Dette er 17,8 mill. kroner lavere enn revidert budsjett. For \u00e5 kunne gi et likeverdig tjenestetilbud til innbyggerne omfordeles skatteinntektene mellom kommunene gjennom s\u00e5kalt inntektsutjevning. Kristiansund har skatteinntekter under landsgjennomsnittet. Dermed kompenseres om lag 90 % av differansen mellom eget niv\u00e5 og landsgjennomsnittet med inntektsutjevning. Inntektsutjevning utgjorde 72,0 mill. kroner i 2017.<\/p>\n<p>Kommunen fikk overf\u00f8rt 635,7 mill. kroner i rammetilskudd fra staten, en vekst p\u00e5 4,1 % fra 2016. \u00d8kningen skal v\u00e6re med \u00e5 dekke \u00f8kte utgifter p\u00e5 grunn av generell l\u00f8nns- og prisstigning. I tillegg skal de \u00f8kte inntektene v\u00e6re med p\u00e5 \u00e5 finansiere nye oppgaver og tjenester kommunen skal utf\u00f8re for innbyggerne. Samlet var veksten i de frie inntektene 18,2 mill. kroner h\u00f8yere enn budsjettert.<\/p>\n<p>Utgiftsutjevning i rammetilskuddet skal kompensere kommunene for ulik behovsstruktur, som for eksempel demografiske, geografiske og sosiale forskjeller. Fordi Kristiansund kommune er en relativt lettdrevet kommune gir utgiftsutjevningen en reduksjon i rammetilskuddet. Indeks lavere enn 1 indikerer at utgiftsbehovet er lavere enn landsgjennomsnittet, og for Kristiansund var denne p\u00e5 0,9771 i 2017. Dermed ble kommunen trukket for 28,0 mill. kroner i rammetilskudd i 2017.<\/p>\n<h4 style=\"text-align: center;\">Frie inntekter fra skatt og rammetilskudd<\/h4>\n<table width=\"100%\" cellspacing=\"0\" cellpadding=\"10\">\n<thead>\n<tr>\n<th style=\"background-color: #f9f9f9;\" valign=\"bottom\" bgcolor=\"#f2f2f2\" width=\"48%\"><\/th>\n<th style=\"background-color: #f9f9f9;\" valign=\"bottom\" bgcolor=\"#f2f2f2\" width=\"10%\">\n<p align=\"right\">2013<\/p>\n<\/th>\n<th style=\"background-color: #f9f9f9;\" valign=\"bottom\" bgcolor=\"#f2f2f2\" width=\"10%\">\n<p align=\"right\">2014<\/p>\n<\/th>\n<th style=\"background-color: #f9f9f9;\" bgcolor=\"#f2f2f2\" width=\"10%\">\n<p align=\"right\">2015<\/p>\n<\/th>\n<th style=\"background-color: #f9f9f9;\" bgcolor=\"#f2f2f2\" width=\"10%\">\n<p align=\"right\">2016<\/p>\n<\/th>\n<th style=\"background-color: #f9f9f9;\" bgcolor=\"#c3e0f2\" width=\"10%\">\n<p align=\"right\">2017<\/p>\n<\/th>\n<\/tr>\n<\/thead>\n<colgroup>\n<col width=\"122*\" \/>\n<col width=\"27*\" \/>\n<col width=\"27*\" \/>\n<col width=\"27*\" \/>\n<col width=\"27*\" \/>\n<col width=\"27*\" \/> <\/colgroup>\n<tbody>\n<tr valign=\"bottom\">\n<td width=\"48%\" height=\"1\">Andel av totale inntekter<\/td>\n<td width=\"10%\">\n<p align=\"right\">64,8<\/p>\n<\/td>\n<td width=\"10%\">\n<p align=\"right\">63,8<\/p>\n<\/td>\n<td width=\"10%\">\n<p align=\"right\">63,1<\/p>\n<\/td>\n<td width=\"10%\">\n<p align=\"right\">65,3<\/p>\n<\/td>\n<td style=\"background-color: #f4f9f8;\" bgcolor=\"#c3e0f2\" width=\"10%\">\n<p align=\"right\">62<\/p>\n<\/td>\n<\/tr>\n<tr valign=\"bottom\">\n<td width=\"48%\" height=\"1\">Skatt og rammetilskudd per innbygger<\/td>\n<td width=\"10%\">\n<p align=\"right\">45 597<\/p>\n<\/td>\n<td width=\"10%\">\n<p align=\"right\">46 440<\/p>\n<\/td>\n<td width=\"10%\">\n<p align=\"right\">47 395<\/p>\n<\/td>\n<td width=\"10%\">\n<p align=\"right\">49 777<\/p>\n<\/td>\n<td style=\"background-color: #f4f9f8;\" bgcolor=\"#c3e0f2\" width=\"10%\">\n<p align=\"right\">51 416<\/p>\n<\/td>\n<\/tr>\n<tr valign=\"bottom\">\n<td width=\"48%\" height=\"1\">Skatt og rammetilskudd per innbygger i prosent av landsgjennomsnittet<\/td>\n<td width=\"10%\">\n<p align=\"right\">94,9<\/p>\n<\/td>\n<td width=\"10%\">\n<p align=\"right\">94,5<\/p>\n<\/td>\n<td width=\"10%\">\n<p align=\"right\">93,6<\/p>\n<\/td>\n<td width=\"10%\">\n<p align=\"right\">93,6<\/p>\n<\/td>\n<td style=\"background-color: #f4f9f8;\" bgcolor=\"#c3e0f2\" width=\"10%\">\n<p align=\"right\">93,9<\/p>\n<\/td>\n<\/tr>\n<tr valign=\"bottom\">\n<td width=\"48%\">Andel av driftsutgiftene som dekkes av skatt og rammetilskudd<\/td>\n<td width=\"10%\">\n<p align=\"right\">65,3<\/p>\n<\/td>\n<td width=\"10%\">\n<p align=\"right\">63,2<\/p>\n<\/td>\n<td width=\"10%\">\n<p align=\"right\">64,0<\/p>\n<\/td>\n<td width=\"10%\">\n<p align=\"right\">65,2<\/p>\n<\/td>\n<td style=\"background-color: #f4f9f8;\" bgcolor=\"#c3e0f2\" width=\"10%\">\n<p align=\"right\">62,5<\/p>\n<\/td>\n<\/tr>\n<\/tbody>\n<\/table>\n<div class=\"table-description\">Frie inntekter fra skatt og rammetilskudd per innbygger har v\u00e6rt relativt stabilt, og ligget om lag 5,7 % under landsgjennomsnittet i perioden. Kristiansunds forholdsvis lave inntektsniv\u00e5 p\u00e5 skatt og rammetilskudd ses i sammenheng med et lavere beregnet utgiftsniv\u00e5 enn landsgjennomsnittet. Andel driftsutgifter som dekkes av skatt og rammetilskudd er \u00f8kt fra 65,2 % i 2016 til 62,6 % i 2017. Det betyr at driften i mindre grad har v\u00e6rt finansiert av frie inntekter fra skatt og rammetilskudd.<\/div>\n<h2>Nye elementer i statsbudsjettet<\/h2>\n<p align=\"justify\">Inntektssystemet ble revidert f\u00f8r statsbudsjettet 2017. Av st\u00f8rre endringer var at basistilskuddet ble omgjort til en fast del, og en del som ble fastsatt ut fra befolkningstetthet. Videre ble kostnadsn\u00f8klene oppdatert og det ble foretatt en omlegging av de distriktspolitiske tilskuddene. For Kristiansund kommune ble det isolert en reduksjon i basistilskuddet. Det ble likevel mer enn oppveid gjennom at midlene fra basistilskuddet i stor grad ble omfordelt pr innbygger.<\/p>\n<p align=\"justify\">Det var flere nye elementer i statsbudsjettet for 2017 som ble finansiert delvis ved \u00f8kte frie inntekter, delvis ved \u00f8remerkede tilskudd og delvis ved reversering av tidligere satsinger.<\/p>\n<p align=\"justify\">Dette omfattet blant annet:<\/p>\n<ul>\n<li>tidlig innsats i skolen<\/li>\n<li>satsing p\u00e5 rusomsorg<\/li>\n<li>helsestasjoner og skolehelsetjenesten<\/li>\n<li>habilitering og rehabilitering<\/li>\n<li>tilskudd til rekruttering av psykologer<\/li>\n<li>snarlig hjelp for brukere med psykisk helse- og rusproblematikk<\/li>\n<li>krav om aktivitet ved tildeling av \u00f8konomisk st\u00f8tte etter sosialtjenesteloven<\/li>\n<li>tilskudd til frivilligsentraler<\/li>\n<\/ul>\n","protected":false},"excerpt":{"rendered":"<p>I statsbudsjettet for 2017 la regjeringen opp til en nominell vekst i kommunesektorens frie inntekter p\u00e5 2,7 % i forhold til anslag p\u00e5 regnskap for 2016. Beregnet ut fra revidert nasjonalbudsjett for 2016 var realveksten i kommunesektorens frie inntekter for 2017 ansl\u00e5tt til 4,1 mrd. kroner, og ansl\u00e5tt kostnadsvekst i kommunesektoren (deflator) i 2017 var [&hellip;]<\/p>\n","protected":false},"author":2,"featured_media":0,"parent":29,"menu_order":18,"comment_status":"closed","ping_status":"closed","template":"","meta":[],"acf":[],"_links":{"self":[{"href":"https:\/\/aarsrapport.kristiansund.kommune.no\/2017\/wp-json\/wp\/v2\/pages\/96"}],"collection":[{"href":"https:\/\/aarsrapport.kristiansund.kommune.no\/2017\/wp-json\/wp\/v2\/pages"}],"about":[{"href":"https:\/\/aarsrapport.kristiansund.kommune.no\/2017\/wp-json\/wp\/v2\/types\/page"}],"author":[{"embeddable":true,"href":"https:\/\/aarsrapport.kristiansund.kommune.no\/2017\/wp-json\/wp\/v2\/users\/2"}],"replies":[{"embeddable":true,"href":"https:\/\/aarsrapport.kristiansund.kommune.no\/2017\/wp-json\/wp\/v2\/comments?post=96"}],"version-history":[{"count":0,"href":"https:\/\/aarsrapport.kristiansund.kommune.no\/2017\/wp-json\/wp\/v2\/pages\/96\/revisions"}],"up":[{"embeddable":true,"href":"https:\/\/aarsrapport.kristiansund.kommune.no\/2017\/wp-json\/wp\/v2\/pages\/29"}],"wp:attachment":[{"href":"https:\/\/aarsrapport.kristiansund.kommune.no\/2017\/wp-json\/wp\/v2\/media?parent=96"}],"curies":[{"name":"wp","href":"https:\/\/api.w.org\/{rel}","templated":true}]}}