{"id":95,"date":"2016-05-20T13:00:56","date_gmt":"2016-05-20T11:00:56","guid":{"rendered":"http:\/\/ksu.wpengine.com\/ksu-2\/arsregnskap\/fokusomrade-okonomi\/"},"modified":"2018-05-31T13:42:28","modified_gmt":"2018-05-31T11:42:28","slug":"fokusomrade-okonomi","status":"publish","type":"page","link":"https:\/\/aarsrapport.kristiansund.kommune.no\/2017\/arsregnskap\/fokusomrade-okonomi\/","title":{"rendered":"Fokusomr\u00e5de \u00f8konomi"},"content":{"rendered":"<p>\u00d8konomisk handlingsrom er avgj\u00f8rende for \u00e5 kunne opprettholde og videreutvikle tjenestetilbudet til kommunens innbyggere. En god og b\u00e6rekraftig \u00f8konomi sikres gjennom god \u00f8konomistyring og vedtatte handlingsregler for driftsbudsjett, investeringsbudsjett og finansforvaltning.<\/p>\n<h2>M\u00e5l og resultater<\/h2>\n<div class=\"table-explanation\">\n<p>Resultatgrense:<\/p>\n<div class=\"table-explanation-item\">\n<div class=\"teal\">\u2022<\/div>\n<p>\u00d8nsket resultat<\/p>\n<\/div>\n<div class=\"table-explanation-item\">\n<div class=\"orange\">\u2022<\/div>\n<p>Akseptabelt resultat<\/p>\n<\/div>\n<div class=\"table-explanation-item\">\n<div class=\"purple\">\u2022<\/div>\n<p>Uakseptabelt resultat<\/p>\n<\/div>\n<\/div>\n<h4 style=\"text-align: center;\">Gjennomg\u00e5ende m\u00e5lekort &#8211; fokusomr\u00e5de \u00f8konomi<\/h4>\n<h4 style=\"text-align: center;\">Hovedm\u00e5l &#8211; God \u00f8konomistyring og godt \u00f8konomisk handlingsrom<\/h4>\n<table width=\"903\" cellspacing=\"0\" cellpadding=\"10\">\n<thead>\n<tr>\n<th style=\"background-color: #f9f9f9;\" bgcolor=\"#bfbfbf\" width=\"180\" height=\"8\">Suksessfaktor<\/p>\n<p>(delm\u00e5l)<\/th>\n<th style=\"background-color: #f9f9f9; text-align: left;\" valign=\"top\" bgcolor=\"#bfbfbf\" width=\"224\">M\u00e5leindikator<\/th>\n<th style=\"background-color: #f9f9f9;\" valign=\"top\" bgcolor=\"#bfbfbf\" width=\"76\">\n<p align=\"right\">Resultat-krav<\/p>\n<\/th>\n<th style=\"background-color: #f9f9f9;\" valign=\"top\" bgcolor=\"#bfbfbf\" width=\"70\">\n<p align=\"right\">Resultat 2015<\/p>\n<\/th>\n<th style=\"background-color: #f9f9f9;\" valign=\"top\" bgcolor=\"#bfbfbf\" width=\"70\">\n<p align=\"right\">Resultat 2016<\/p>\n<\/th>\n<th style=\"background-color: #f9f9f9;\" valign=\"top\" bgcolor=\"#bfbfbf\" width=\"70\">\n<p align=\"right\">Resultat 2017<\/p>\n<\/th>\n<th style=\"background-color: #f9f9f9;\" valign=\"top\" bgcolor=\"#bfbfbf\" width=\"68\">Endring fra<\/p>\n<p>sist m\u00e5ling<\/th>\n<\/tr>\n<\/thead>\n<colgroup>\n<col width=\"180\" \/>\n<col width=\"224\" \/>\n<col width=\"76\" \/>\n<col width=\"70\" \/>\n<col width=\"70\" \/>\n<col width=\"70\" \/>\n<col width=\"68\" \/> <\/colgroup>\n<tbody>\n<tr>\n<td rowspan=\"6\" valign=\"top\" bgcolor=\"#ffffff\" width=\"180\" height=\"5\">Godt \u00f8konomisk handlingsrom<\/td>\n<td style=\"text-align: left;\" valign=\"top\" bgcolor=\"#ffffff\" width=\"224\">Netto driftsresultat<\/td>\n<td valign=\"top\" bgcolor=\"#ffffff\" width=\"76\">\n<p style=\"text-align: right;\" align=\"center\">1,75 %<\/p>\n<\/td>\n<td style=\"background-color: #fcf7ee; width: 70px;\" valign=\"top\" bgcolor=\"#d86b77\" width=\"70\">\n<p align=\"right\">0,5 %<\/p>\n<\/td>\n<td style=\"width: 70px; background-color: #f4f9f8;\" valign=\"top\" bgcolor=\"#ffff66\" width=\"70\">\n<p align=\"right\">3,43 %<\/p>\n<\/td>\n<td style=\"background-color: #fcf7ee; width: 70px;\" valign=\"top\" bgcolor=\"#8dc182\" width=\"70\">\n<p align=\"right\">1,0 %<\/p>\n<\/td>\n<td bgcolor=\"#ffffff\" width=\"68\">\n<p align=\"center\"><img decoding=\"async\" loading=\"lazy\" class=\"alignnone size-full wp-image-687\" src=\"http:\/\/ksu.wpengine.com\/wp-content\/uploads\/sites\/10\/2016\/06\/uakseptabelt.png\" alt=\"Pil ned, uakseptabelt resultat\" width=\"16\" height=\"18\" \/><\/p>\n<\/td>\n<\/tr>\n<tr>\n<td style=\"text-align: left;\" valign=\"top\" bgcolor=\"#ffffff\" width=\"224\">\n<p align=\"justify\">Langsiktig gjeld i forhold til brutto driftsinntekter<\/p>\n<\/td>\n<td valign=\"top\" bgcolor=\"#ffffff\" width=\"76\">\n<p align=\"right\">Reduksjon<\/p>\n<\/td>\n<td style=\"background-color: #ece9f2;\" valign=\"top\" bgcolor=\"#d86b77\" width=\"70\">\n<p align=\"right\">\u00d8kning<\/p>\n<\/td>\n<td style=\"background-color: #ece9f2;\" valign=\"top\" bgcolor=\"#d86b77\" width=\"70\">\n<p align=\"right\">\u00d8kning<\/p>\n<\/td>\n<td style=\"background-color: #ece9f2;\" valign=\"top\" bgcolor=\"#d86b77\" width=\"70\">\n<p align=\"right\">\u00d8kning<\/p>\n<\/td>\n<td bgcolor=\"#ffffff\" width=\"68\">\n<p align=\"center\"><img decoding=\"async\" loading=\"lazy\" width=\"16\" height=\"5\" class=\"alignnone size-full wp-image-685\" src=\"http:\/\/ksu.wpengine.com\/wp-content\/uploads\/sites\/10\/2016\/06\/akseptabelt.png\" alt=\"Strek, akseptabelt resultat\" \/><\/p>\n<\/td>\n<\/tr>\n<tr>\n<td style=\"text-align: left;\" valign=\"top\" bgcolor=\"#ffffff\" width=\"224\">\n<p align=\"justify\">Egenfinansiering av investeringer<\/p>\n<\/td>\n<td valign=\"top\" bgcolor=\"#ffffff\" width=\"76\">\n<p align=\"right\">25 %<\/p>\n<\/td>\n<td style=\"background-color: #fcf7ee; width: 70px;\" valign=\"top\" bgcolor=\"#d86b77\" width=\"70\">\n<p align=\"right\">13,8 %<\/p>\n<\/td>\n<td style=\"background-color: #fcf7ee;\" valign=\"top\" bgcolor=\"#ffff66\" width=\"70\">\n<p align=\"right\">19,2 %<\/p>\n<\/td>\n<td style=\"background-color: #fcf7ee;\" valign=\"top\" bgcolor=\"#ffff66\" width=\"70\">\n<p align=\"right\">14,3 %<\/p>\n<\/td>\n<td bgcolor=\"#ffffff\" width=\"68\">\n<p align=\"center\"><img decoding=\"async\" loading=\"lazy\" class=\"alignnone size-full wp-image-687\" src=\"http:\/\/ksu.wpengine.com\/wp-content\/uploads\/sites\/10\/2016\/06\/uakseptabelt.png\" alt=\"Pil ned, uakseptabelt resultat\" width=\"16\" height=\"18\" \/><\/p>\n<\/td>\n<\/tr>\n<tr>\n<td style=\"text-align: left;\" valign=\"top\" bgcolor=\"#ffffff\" width=\"224\">\n<p align=\"justify\">Likviditetsgrad 1<\/p>\n<\/td>\n<td valign=\"top\" bgcolor=\"#ffffff\" width=\"76\">\n<p align=\"right\">2,0 %<\/p>\n<\/td>\n<td style=\"background-color: #ece9f2; width: 70px;\" valign=\"top\" bgcolor=\"#d86b77\" width=\"70\">\n<p align=\"right\">1,32 %<\/p>\n<\/td>\n<td style=\"background-color: #ece9f2;\" valign=\"top\" bgcolor=\"#d86b77\" width=\"70\">\n<p align=\"right\">1,42 %<\/p>\n<\/td>\n<td style=\"background-color: #ece9f2;\" valign=\"top\" bgcolor=\"#d86b77\" width=\"70\">\n<p align=\"right\">0,90 %<\/p>\n<\/td>\n<td bgcolor=\"#ffffff\" width=\"68\">\n<p align=\"center\"><img decoding=\"async\" loading=\"lazy\" class=\"alignnone size-full wp-image-686\" src=\"http:\/\/ksu.wpengine.com\/wp-content\/uploads\/sites\/10\/2016\/06\/onsket.png\" alt=\"\u00d8nsket resultat\" width=\"16\" height=\"18\" \/><\/p>\n<\/td>\n<\/tr>\n<tr>\n<td style=\"text-align: left;\" valign=\"top\" bgcolor=\"#ffffff\" width=\"224\">\n<p align=\"justify\">Egenkapitalprosent<\/p>\n<\/td>\n<td valign=\"top\" bgcolor=\"#ffffff\" width=\"76\">\n<p align=\"right\">10 %<\/p>\n<\/td>\n<td style=\"background-color: #fcf7ee; width: 70px;\" valign=\"top\" bgcolor=\"#d86b77\" width=\"70\">\n<p align=\"right\">5,06 %<\/p>\n<\/td>\n<td style=\"background-color: #ece9f2;\" valign=\"top\" bgcolor=\"#ffff66\" width=\"70\">\n<p align=\"right\">2,74 %<\/p>\n<\/td>\n<td style=\"background-color: #fcf7ee; width: 70px;\" valign=\"top\" bgcolor=\"#d86b77\" width=\"70\">\n<p align=\"right\">6,41 %<\/p>\n<\/td>\n<td bgcolor=\"#ffffff\" width=\"68\">\u00a0<img decoding=\"async\" loading=\"lazy\" class=\"size-full wp-image-687 alignnone\" src=\"http:\/\/ksu.wpengine.com\/wp-content\/uploads\/sites\/10\/2016\/06\/uakseptabelt.png\" alt=\"Pil ned, uakseptabelt resultat\" width=\"16\" height=\"18\" \/><\/td>\n<\/tr>\n<tr>\n<td style=\"text-align: left;\" valign=\"top\" bgcolor=\"#ffffff\" width=\"224\">\n<p align=\"justify\">Gjeldsgrad<\/p>\n<\/td>\n<td valign=\"top\" bgcolor=\"#ffffff\" width=\"76\">\n<p align=\"right\">25 %<\/p>\n<\/td>\n<td style=\"background-color: #f4f9f8; width: 70px;\" valign=\"top\" bgcolor=\"#d86b77\" width=\"70\">\n<p align=\"right\">18,75 %<\/p>\n<\/td>\n<td style=\"background-color: #ece9f2;\" valign=\"top\" bgcolor=\"#8dc182\" width=\"70\">\n<p align=\"right\">35,53 %<\/p>\n<\/td>\n<td style=\"background-color: #f4f9f8; width: 70px;\" valign=\"top\" bgcolor=\"#d86b77\" width=\"70\">\n<p align=\"right\">14,60 %<\/p>\n<\/td>\n<td bgcolor=\"#ffffff\" width=\"68\">\n<p align=\"center\"><img decoding=\"async\" loading=\"lazy\" class=\"alignnone size-full wp-image-687\" src=\"http:\/\/ksu.wpengine.com\/wp-content\/uploads\/sites\/10\/2016\/06\/uakseptabelt.png\" alt=\"Pil ned, uakseptabelt resultat\" width=\"16\" height=\"18\" \/><\/p>\n<\/td>\n<\/tr>\n<tr>\n<td rowspan=\"2\" valign=\"top\" bgcolor=\"#ffffff\" width=\"180\" height=\"5\">God \u00f8konomistyring<\/td>\n<td style=\"text-align: left;\" valign=\"top\" bgcolor=\"#ffffff\" width=\"224\">Rammeomr\u00e5dene<br \/>\n&#8211; avvik i forhold til budsjett<\/td>\n<td valign=\"top\" bgcolor=\"#ffffff\" width=\"76\">\n<p align=\"right\">\u2265 0 %<\/p>\n<\/td>\n<td style=\"background-color: #ece9f2;\" valign=\"top\" bgcolor=\"#d86b77\" width=\"70\">\n<p align=\"right\">&#8211; 3,7 %<\/p>\n<\/td>\n<td style=\"background-color: #ece9f2;\" valign=\"top\" bgcolor=\"#d86b77\" width=\"70\">\n<p align=\"right\">&#8211; 1,6 %<\/p>\n<\/td>\n<td style=\"background-color: #ece9f2;\" valign=\"top\" bgcolor=\"#d86b77\" width=\"70\">\n<p align=\"right\">\n<\/td>\n<td bgcolor=\"#ffffff\" width=\"68\">\n<p align=\"center\"><img decoding=\"async\" loading=\"lazy\" class=\"alignnone size-full wp-image-687\" src=\"http:\/\/ksu.wpengine.com\/wp-content\/uploads\/sites\/10\/2016\/06\/uakseptabelt.png\" alt=\"Pil ned, uakseptabelt resultat\" width=\"16\" height=\"18\" \/><\/p>\n<\/td>\n<\/tr>\n<tr>\n<td style=\"text-align: left;\" valign=\"top\" bgcolor=\"#ffffff\" width=\"224\">Avsetning disposisjonsfond<br \/>\n&#8211; avvik i forhold til budsjett<\/td>\n<td valign=\"top\" bgcolor=\"#ffffff\" width=\"76\">\n<p align=\"right\">0<\/p>\n<\/td>\n<td style=\"background-color: #ece9f2; width: 70px;\" valign=\"top\" bgcolor=\"#8dc182\" width=\"70\">\n<p style=\"text-align: right;\" align=\"center\">&#8211; 24\u00a0928<\/p>\n<\/td>\n<td style=\"background-color: #f4f9f8; width: 70px;\" valign=\"top\" bgcolor=\"#d86b77\" width=\"70\">\n<p style=\"text-align: right;\" align=\"center\">0<\/p>\n<\/td>\n<td style=\"background-color: #fcf7ee; width: 70px;\" valign=\"top\" bgcolor=\"#8dc182\" width=\"70\">\n<p align=\"right\">&#8211; 6 356<\/p>\n<\/td>\n<td bgcolor=\"#ffffff\" width=\"68\">\n<p align=\"center\"><img decoding=\"async\" loading=\"lazy\" class=\"alignnone size-full wp-image-686\" src=\"http:\/\/ksu.wpengine.com\/wp-content\/uploads\/sites\/10\/2016\/06\/onsket.png\" alt=\"\u00d8nsket resultat\" width=\"16\" height=\"18\" \/><\/p>\n<\/td>\n<\/tr>\n<tr>\n<td valign=\"top\" bgcolor=\"#ffffff\" width=\"180\" height=\"3\">Effektiv tjenesteproduksjon<\/td>\n<td style=\"text-align: left;\" valign=\"top\" bgcolor=\"#ffffff\" width=\"224\">Andel utvalgte produktivitets-indikatorer (KOSTRA) med bedre resultat enn <span class=\"tooltips \" style=\"\" title=\"Kommunegruppe 13\">K13<\/span><\/td>\n<td valign=\"top\" bgcolor=\"#ffffff\" width=\"76\"><\/td>\n<td valign=\"top\" bgcolor=\"#ffffff\" width=\"70\">\n<p align=\"center\">&#8211;<\/p>\n<\/td>\n<td valign=\"top\" bgcolor=\"#ffffff\" width=\"70\">\n<p align=\"center\">&#8211;<\/p>\n<\/td>\n<td valign=\"top\" bgcolor=\"#ffffff\" width=\"70\">\n<p align=\"center\">&#8211;<\/p>\n<\/td>\n<td bgcolor=\"#ffffff\" width=\"68\"><\/td>\n<\/tr>\n<\/tbody>\n<\/table>\n<p>Fokusomr\u00e5det \u00d8konomi er skilt ut som eget m\u00e5lekort og utvidet med flere suksessfaktorer og m\u00e5leindikatorer. M\u00e5lekortet er gjennomg\u00e5ende for hele kommunen. Det er ikke definert egne resultatgrenser for alle m\u00e5leindikatorene.<\/p>\n<h3>\u00d8konomisk handlingsrom<\/h3>\n<h4 style=\"text-align: center;\">Sentrale finansielle n\u00f8kkeltall<\/h4>\n<table style=\"width: 99.88116458704694%;\">\n<thead>\n<tr style=\"height: 110px;\">\n<th style=\"width: 16%; text-align: left; height: 138px;\" rowspan=\"2\">(alle n\u00f8kkel\u00adtall<br \/>\ni prosent av sum<br \/>\ndrifts\u00ad\u00adinntekter)<\/th>\n<th style=\"width: 60%; text-align: center; height: 110px;\" colspan=\"5\">Kristiansund<\/th>\n<th style=\"width: 12%; text-align: right; height: 110px;\"><span class=\"tooltips \" style=\"\" title=\"K13 \u2013 kommunegruppe 13\">K13<\/span><\/th>\n<th style=\"width: 12%; text-align: right; height: 110px;\"><span class=\"tooltips \" style=\"\" title=\"Lgj.sn \u2013 landsgjennomsnittet\">Lgj.sn<\/span><\/th>\n<\/tr>\n<tr style=\"height: 28px;\">\n<th style=\"width: 12%; text-align: right; height: 28px;\">2013<\/th>\n<th style=\"width: 12%; text-align: right; height: 28px;\">2014<\/th>\n<th style=\"width: 12%; text-align: right; height: 28px;\">2015<\/th>\n<th style=\"width: 12%; text-align: right; height: 28px;\">2016<\/th>\n<th style=\"width: 12%; text-align: right; height: 28px;\">2017<\/th>\n<th style=\"width: 12%; text-align: right; height: 28px;\">2017<\/th>\n<th style=\"width: 12%; text-align: right; height: 28px;\">2017<\/th>\n<\/tr>\n<\/thead>\n<tbody>\n<tr style=\"height: 48px;\">\n<td style=\"width: 16%; text-align: left; height: 48px;\">Brutto drifts\u00adresultat<\/td>\n<td style=\"width: 12%; text-align: right; height: 48px;\">0,8<\/td>\n<td style=\"width: 12%; text-align: right; height: 48px;\">-0,9<\/td>\n<td style=\"width: 12%; text-align: right; height: 48px;\">1,2<\/td>\n<td style=\"width: 12%; text-align: right; height: 48px;\">4,3<\/td>\n<td style=\"width: 12%; text-align: right; height: 48px;\">0,9<\/td>\n<td style=\"width: 12%; text-align: right; height: 48px;\">3,4<\/td>\n<td style=\"width: 12%; text-align: right; height: 48px;\">3,0<\/td>\n<\/tr>\n<tr style=\"height: 48px;\">\n<td style=\"width: 16%; text-align: left; height: 48px;\">Netto drifts\u00adresultat<\/td>\n<td style=\"width: 12%; text-align: right; height: 48px;\">-0,4<\/td>\n<td style=\"width: 12%; text-align: right; height: 48px;\">-1,9<\/td>\n<td style=\"width: 12%; text-align: right; height: 48px;\">0,5<\/td>\n<td style=\"width: 12%; text-align: right; height: 48px;\">3,4<\/td>\n<td style=\"width: 12%; text-align: right; height: 48px;\">1,0<\/td>\n<td style=\"width: 12%; text-align: right; height: 48px;\">4,0<\/td>\n<td style=\"width: 12%; text-align: right; height: 48px;\">3,7<\/td>\n<\/tr>\n<tr style=\"height: 48px;\">\n<td style=\"width: 16%; text-align: left; height: 48px;\">Finans\u00adutgifter<\/td>\n<td style=\"width: 12%; text-align: right; height: 48px;\">5,0<\/td>\n<td style=\"width: 12%; text-align: right; height: 48px;\">4,9<\/td>\n<td style=\"width: 12%; text-align: right; height: 48px;\">5,0<\/td>\n<td style=\"width: 12%; text-align: right; height: 48px;\">5,7<\/td>\n<td style=\"width: 12%; text-align: right; height: 48px;\">4,8<\/td>\n<td style=\"width: 12%; text-align: right; height: 48px;\">4,1<\/td>\n<td style=\"width: 12%; text-align: right; height: 48px;\">3,8<\/td>\n<\/tr>\n<tr style=\"height: 55.8594px;\">\n<td style=\"width: 16%; text-align: left; height: 55.8594px;\">Netto l\u00e5ne\u00adgjeld<\/td>\n<td style=\"width: 12%; text-align: right; height: 55.8594px;\">74,0<\/td>\n<td style=\"width: 12%; text-align: right; height: 55.8594px;\">83,1<\/td>\n<td style=\"width: 12%; text-align: right; height: 55.8594px;\">93,0<\/td>\n<td style=\"width: 12%; text-align: right; height: 55.8594px;\">93,2<\/td>\n<td style=\"width: 12%; text-align: right; height: 55.8594px;\">100,9<\/td>\n<td style=\"width: 12%; text-align: right; height: 55.8594px;\">85,5<\/td>\n<td style=\"width: 12%; text-align: right; height: 55.8594px;\">83,6<\/td>\n<\/tr>\n<tr style=\"height: 48px;\">\n<td style=\"width: 16%; text-align: left; height: 48px;\">Disposisjons\u00adfond<\/td>\n<td style=\"width: 12%; text-align: right; height: 48px;\">1,5<\/td>\n<td style=\"width: 12%; text-align: right; height: 48px;\">0<\/td>\n<td style=\"width: 12%; text-align: right; height: 48px;\">0<\/td>\n<td style=\"width: 12%; text-align: right; height: 48px;\">0<\/td>\n<td style=\"width: 12%; text-align: right; height: 48px;\">0,2<\/td>\n<td style=\"width: 12%; text-align: right; height: 48px;\">11,1<\/td>\n<td style=\"width: 12%; text-align: right; height: 48px;\">10,0<\/td>\n<\/tr>\n<\/tbody>\n<\/table>\n<div class=\"table-description\">\n<p><em>Utviklingen viser at Kristiansund kommune ikke har et godt \u00f8konomisk handlingsrom.<\/em><\/p>\n<\/div>\n<p>Det vises til omr\u00e5dene Drift, Investering og Balanse for en grundigere gjennomgang av regnskapet for 2017.<\/p>\n<h3>\u00d8konomistyring<\/h3>\n<hr \/>\n<h3 style=\"text-align: center;\">Kommunal tjenesteproduksjon<\/h3>\n<div id=\"attachment_903\" style=\"width: 1034px\" class=\"wp-caption alignnone\"><a href=\"http:\/\/aarsrapport.kristiansund.kommune.no\/2017\/wp-content\/uploads\/sites\/10\/2018\/05\/Kommunal_tjenesteproduksjon.png\"><img aria-describedby=\"caption-attachment-903\" decoding=\"async\" loading=\"lazy\" class=\"wp-image-903 size-large\" src=\"http:\/\/aarsrapport.kristiansund.kommune.no\/2017\/wp-content\/uploads\/sites\/10\/2018\/05\/Kommunal_tjenesteproduksjon-1024x650.png\" alt=\"\" width=\"1024\" height=\"650\" srcset=\"https:\/\/aarsrapport.kristiansund.kommune.no\/2017\/wp-content\/uploads\/sites\/10\/2018\/05\/Kommunal_tjenesteproduksjon-1024x650.png 1024w, https:\/\/aarsrapport.kristiansund.kommune.no\/2017\/wp-content\/uploads\/sites\/10\/2018\/05\/Kommunal_tjenesteproduksjon-300x190.png 300w, https:\/\/aarsrapport.kristiansund.kommune.no\/2017\/wp-content\/uploads\/sites\/10\/2018\/05\/Kommunal_tjenesteproduksjon-768x488.png 768w, https:\/\/aarsrapport.kristiansund.kommune.no\/2017\/wp-content\/uploads\/sites\/10\/2018\/05\/Kommunal_tjenesteproduksjon.png 1969w\" sizes=\"(max-width: 1024px) 100vw, 1024px\" \/><\/a><p id=\"caption-attachment-903\" class=\"wp-caption-text\">Grafen viser avvik fra budsjett for den kommunale tjenesteproduksjonen. Den kommunale tjenesteproduksjonen hadde et netto merforbruk p\u00e5 28,1 mill. kroner i forhold til budsjett i 2017. Det har v\u00e6rt et samlet merforbruk knyttet til kommunens rammeomr\u00e5der de siste fem \u00e5rene. Selv om den interne driften totalt sett viser merforbruk er balansen i regnskapet holdt oppe av ekstraordin\u00e6re inntekter fra skatteutjevningen og lavere finansutgifter gjennom \u00e5ret.<\/p><\/div>\n<p>Analyseverkt\u00f8yet Visma BI ble anskaffet h\u00f8sten 2016 og rullet ut i kommunen i 2017. I 2018 vil arbeidet for \u00e5 bidra til bedre \u00f8konomistyring fortsette.<\/p>\n<h3>Effektiv tjenesteproduksjon<\/h3>\n<p>Vi har ikke definert utvalgte produktivitetsindikatorer.<\/p>\n<p>Det \u00f8konomiske merforbruket i forhold til budsjett innenfor tjenesteomr\u00e5dene som ble redusert fra 2015 til 2016, har igjen \u00f8kt fra 2016 til 2017. KOSTRA-tallene viser at vi innenfor de fleste store tjenesteomr\u00e5dene har mer \u00e5 hente p\u00e5 ytterligere effektivisering og prosessoptimalisering.<\/p>\n<h2>Utfordringer og planer<\/h2>\n<h3>\u00d8konomisk handlingsrom<\/h3>\n<p>R\u00e5dmannen vil videref\u00f8re et tydelig fokus p\u00e5 \u00e5 etablere et \u00f8konomisk handlingsrom for kommunen og utvikle en sunn og b\u00e6rekraftig kommune\u00f8konomi. \u00d8konomisk handlingsrom er avgj\u00f8rende for \u00e5 kunne opprettholde og videreutvikle tjenestetilbudet til kommunens innbyggere.<\/p>\n<p>Netto driftsresultat er den prim\u00e6re indikatoren for \u00f8konomisk balanse i kommunesektoren. Den viser hvor mye som kan disponeres til avsetninger og bidrag til \u00e5 finansiere investeringer etter at driftsutgifter, renter og avdrag er betalt. Ambisjonsniv\u00e5et for netto driftsresultat er satt til minimum 0,2 prosent i 2018.<\/p>\n<p>Egenfinansieringen viser hvor stor andel av investeringene som er finansiert med egenkapital, salg av anleggsmidler, overf\u00f8ringer og tilskudd. M\u00e5let er en egenfinansiering p\u00e5 minimum 25 % av investeringskostnadene i l\u00f8pet av \u00f8konomiplanperioden.<\/p>\n<p>Disponible fond viser hva som er tilgjengelig av frie reserver og fondet b\u00f8r ligge p\u00e5 om lag 2,5 % av brutto budsjett. Det skal i l\u00f8pet av perioden etableres et disposisjonsfond som setter kommune i stand til \u00e5 takle uforutsette hendelser p\u00e5 en god m\u00e5te. I 2017 ble den f\u00f8rste avsetningen til disposisjonsfond gjennomf\u00f8rt.<\/p>\n<p>L\u00e5negjelden har \u00f8kt de siste \u00e5rene og vil fortsette \u00e5 \u00f8ke i \u00f8konomiplanperioden. Selv om renteniv\u00e5et er lavt har ikke kommunen n\u00f8dvendig \u00f8konomisk handlingsrom. M\u00e5let er \u00e5 redusere kommunens rentesensitivitet i \u00f8konomiplanperioden.<\/p>\n<div>\n<h3>\u00d8konomistyring<\/h3>\n<\/div>\n<p>R\u00e5dmannen vil videref\u00f8re arbeidet med \u00e5 sikre en god og b\u00e6rekraftig \u00f8konomi gjennom god \u00f8konomistyring og vedtatte handlingsregler for driftsbudsjett, investeringsbudsjett og finansforvaltning.<\/p>\n<p>I 2017 ble Visma BI tatt i bruk gjennom utrulling til ledelsen i hele organisasjonen. Verkt\u00f8yet vil gi oss mer operative styringsdata, og derigjennom sikres muligheten for raskere respons ved eventuelle avvik.<\/p>\n<div>\n<h3>Effektiv tjenesteproduksjon<\/h3>\n<\/div>\n<p>R\u00e5dmannen vil, p\u00e5 bakgrunn av gjennomgangen av de kommunale tjenestene, vurdere tilpasninger som gir en mer optimal sammenheng mellom ressursinnsats og resultatoppn\u00e5else. Det skal leveres tjenester av et omfang som samsvarer med statens forventing til kommunen, og med en ressursbruk som samsvarer med gjennomsnittet for kommuner i kommunegruppe 13.<\/p>\n","protected":false},"excerpt":{"rendered":"<p>\u00d8konomisk handlingsrom er avgj\u00f8rende for \u00e5 kunne opprettholde og videreutvikle tjenestetilbudet til kommunens innbyggere. En god og b\u00e6rekraftig \u00f8konomi sikres gjennom god \u00f8konomistyring og vedtatte handlingsregler for driftsbudsjett, investeringsbudsjett og finansforvaltning. M\u00e5l og resultater Resultatgrense: \u2022 \u00d8nsket resultat \u2022 Akseptabelt resultat \u2022 Uakseptabelt resultat Gjennomg\u00e5ende m\u00e5lekort &#8211; fokusomr\u00e5de \u00f8konomi Hovedm\u00e5l &#8211; God \u00f8konomistyring og godt [&hellip;]<\/p>\n","protected":false},"author":2,"featured_media":0,"parent":29,"menu_order":16,"comment_status":"closed","ping_status":"closed","template":"","meta":[],"acf":[],"_links":{"self":[{"href":"https:\/\/aarsrapport.kristiansund.kommune.no\/2017\/wp-json\/wp\/v2\/pages\/95"}],"collection":[{"href":"https:\/\/aarsrapport.kristiansund.kommune.no\/2017\/wp-json\/wp\/v2\/pages"}],"about":[{"href":"https:\/\/aarsrapport.kristiansund.kommune.no\/2017\/wp-json\/wp\/v2\/types\/page"}],"author":[{"embeddable":true,"href":"https:\/\/aarsrapport.kristiansund.kommune.no\/2017\/wp-json\/wp\/v2\/users\/2"}],"replies":[{"embeddable":true,"href":"https:\/\/aarsrapport.kristiansund.kommune.no\/2017\/wp-json\/wp\/v2\/comments?post=95"}],"version-history":[{"count":0,"href":"https:\/\/aarsrapport.kristiansund.kommune.no\/2017\/wp-json\/wp\/v2\/pages\/95\/revisions"}],"up":[{"embeddable":true,"href":"https:\/\/aarsrapport.kristiansund.kommune.no\/2017\/wp-json\/wp\/v2\/pages\/29"}],"wp:attachment":[{"href":"https:\/\/aarsrapport.kristiansund.kommune.no\/2017\/wp-json\/wp\/v2\/media?parent=95"}],"curies":[{"name":"wp","href":"https:\/\/api.w.org\/{rel}","templated":true}]}}