{"id":91,"date":"2016-05-20T13:00:56","date_gmt":"2016-05-20T11:00:56","guid":{"rendered":"http:\/\/ksu.wpengine.com\/ksu-2\/styring-og-kontroll\/samfunnssikkerhet-og-beredskap\/"},"modified":"2018-05-18T12:50:59","modified_gmt":"2018-05-18T10:50:59","slug":"samfunnssikkerhet-og-beredskap","status":"publish","type":"page","link":"https:\/\/aarsrapport.kristiansund.kommune.no\/2017\/styring-og-kontroll\/samfunnssikkerhet-og-beredskap\/","title":{"rendered":"Samfunnssikkerhet og beredskap"},"content":{"rendered":"<h2>M\u00e5l<\/h2>\n<p><strong>Kristiansund skal v\u00e6re en trygg kommune \u00e5 leve og virke i.<\/strong><\/p>\n<h3>Vi skal<\/h3>\n<ul>\n<li>Ivareta innbyggernes sikkerhet og trygghet.<\/li>\n<li>Oppfylle v\u00e5r lovfestede beredskapsplikt.<\/li>\n<\/ul>\n<h2>Resultat<\/h2>\n<div>\n<h3>Ivareta sikkerhet og trygghet<\/h3>\n<\/div>\n<p>Vi har i l\u00f8pet av 2017:<\/p>\n<ul>\n<li>Gjennomf\u00f8rt \u00e5rlig nasjonal varslings\u00f8velse initiert av Justis- og beredskapsdepartementet rettet mot kommunens kriseledelse.<\/li>\n<li>Deltatt i beredskaps\u00f8velsen \u00abF\u00e5rik\u00e5l 2017\u00bb i regi av Fylkesmannen i M\u00f8re og Romsdal.<\/li>\n<li>Gjennomf\u00f8rt flere \u00f8velser med farlig gods og hendelser med farlig stoff p\u00e5 vei og sj\u00f8.<\/li>\n<\/ul>\n<p>Innfasing av ny velferdsteknologi for mottak av trygghetsalarmer har p\u00e5g\u00e5tt i hele 2017. I tillegg har vi arbeidet aktivt med oppl\u00e6ring og bruk\/\u00f8velser av n\u00f8detatenes samvirke knyttet til p\u00e5g\u00e5ende livstruende vold (PLIVO).<\/p>\n<div>\n<h3>Oppfylle lovfestet beredskapsplikt<\/h3>\n<\/div>\n<p>Kommunens kriseberedskap er ikke aktivert i 2017, men noen f\u00e5 sm\u00e5 hendelser er registrert i <span class=\"tooltips \" style=\"\" title=\"Direktoratets elektroniske krisestyringsverkt\u00f8y\">CIM<\/span>. \u00d8velsene har dekket lovkravet om beredskapsplikt.<\/p>\n<h2>Utfordringer og planer<\/h2>\n<p>For \u00e5 kunne ivareta innbyggernes sikkerhet og trygghet er det viktig \u00e5 gjennomf\u00f8re realistiske \u00f8velser. Det er planlagt 3 til 4 ulike beredskaps\u00f8velser i l\u00f8pet av 2018:<\/p>\n<ul>\n<li>Varslings\u00f8velse i regi av Fylkesmannen i M\u00f8re og Romsdal.<\/li>\n<li>En \u00abtable top\u00bb \u00f8velse for kommunens kriseledelse. \u00d8velsen vil bli kj\u00f8rt som en uvarslet \u00f8velse p\u00e5 bakgrunn av en skarp hendelse.<\/li>\n<li>I forbindelse med den store milit\u00e6r\u00f8velsen h\u00f8sten 2018 skal det ogs\u00e5 v\u00e6re en Nasjonal helse\u00f8velse som Kristiansund kommune skal delta i. \u00d8velsen blir avholdt i oktober\/ november.<\/li>\n<\/ul>\n<p>Utarbeidelse av beredskapsdelplaner for alle enheter ferdigstilles i 2018. Nytt beredskaps rom for kriseledelsen blir etablert i V\u00e5geveien 4, 5 etasje, ferdig v\u00e5ren 2018.<\/p>\n<p><a href=\"#_ftnref1\" name=\"_ftn1\"><\/a><\/p>\n","protected":false},"excerpt":{"rendered":"<p>M\u00e5l Kristiansund skal v\u00e6re en trygg kommune \u00e5 leve og virke i. Vi skal Ivareta innbyggernes sikkerhet og trygghet. Oppfylle v\u00e5r lovfestede beredskapsplikt. Resultat Ivareta sikkerhet og trygghet Vi har i l\u00f8pet av 2017: Gjennomf\u00f8rt \u00e5rlig nasjonal varslings\u00f8velse initiert av Justis- og beredskapsdepartementet rettet mot kommunens kriseledelse. Deltatt i beredskaps\u00f8velsen \u00abF\u00e5rik\u00e5l 2017\u00bb i regi av [&hellip;]<\/p>\n","protected":false},"author":2,"featured_media":0,"parent":27,"menu_order":30,"comment_status":"closed","ping_status":"closed","template":"","meta":[],"acf":[],"_links":{"self":[{"href":"https:\/\/aarsrapport.kristiansund.kommune.no\/2017\/wp-json\/wp\/v2\/pages\/91"}],"collection":[{"href":"https:\/\/aarsrapport.kristiansund.kommune.no\/2017\/wp-json\/wp\/v2\/pages"}],"about":[{"href":"https:\/\/aarsrapport.kristiansund.kommune.no\/2017\/wp-json\/wp\/v2\/types\/page"}],"author":[{"embeddable":true,"href":"https:\/\/aarsrapport.kristiansund.kommune.no\/2017\/wp-json\/wp\/v2\/users\/2"}],"replies":[{"embeddable":true,"href":"https:\/\/aarsrapport.kristiansund.kommune.no\/2017\/wp-json\/wp\/v2\/comments?post=91"}],"version-history":[{"count":0,"href":"https:\/\/aarsrapport.kristiansund.kommune.no\/2017\/wp-json\/wp\/v2\/pages\/91\/revisions"}],"up":[{"embeddable":true,"href":"https:\/\/aarsrapport.kristiansund.kommune.no\/2017\/wp-json\/wp\/v2\/pages\/27"}],"wp:attachment":[{"href":"https:\/\/aarsrapport.kristiansund.kommune.no\/2017\/wp-json\/wp\/v2\/media?parent=91"}],"curies":[{"name":"wp","href":"https:\/\/api.w.org\/{rel}","templated":true}]}}