{"id":71,"date":"2016-05-20T12:58:06","date_gmt":"2016-05-20T10:58:06","guid":{"rendered":"http:\/\/ksu.wpengine.com\/ksu-2\/mal-og-resultater\/by-og-arealutvikling\/"},"modified":"2018-05-31T10:44:47","modified_gmt":"2018-05-31T08:44:47","slug":"by-og-arealutvikling","status":"publish","type":"page","link":"https:\/\/aarsrapport.kristiansund.kommune.no\/2017\/mal-og-resultater\/by-og-arealutvikling\/","title":{"rendered":"By- og arealutvikling"},"content":{"rendered":"<h2>M\u00e5l<\/h2>\n<p><strong>Kristiansund kommunes areal- og utbyggingspolitikk skal v\u00e6re b\u00e6rekraftig med sikte p\u00e5 langsiktig verdiskaping.<\/strong><\/p>\n<div>\n<h3>Vi skal<\/h3>\n<\/div>\n<ol>\n<li>Utvikle v\u00e5r arealbruk i dialog med nabokommuner og slik utvikle felles interesser.<\/li>\n<li>Skal tilrettelegge nye attraktive bolig- og n\u00e6ringsarealer i tilstrekkelig omfang, samtidig som eksisterende bebyggelse omformes etter nye behov.<\/li>\n<li>Ta klimahensyn i v\u00e5r arealplanlegging.<\/li>\n<li>Sikre framkommeligheten i kommunen gjennom helhetlig transportplanlegging og utvikle bysentrum til en regionalt attraktiv, tett og urban bolig-, handels- og kulturby med gode bymessige kvaliteter.<\/li>\n<li>Ha god og varig kvalitet p\u00e5 offentlige bygg og anlegg.<\/li>\n<\/ol>\n<h2>Resultater<\/h2>\n<div>\n<h3>Utvikle v\u00e5r arealbruk i dialog med nabokommuner<\/h3>\n<\/div>\n<p>Areal- og n\u00e6ringssamarbeidet i regi av Byregionprogrammet ble videref\u00f8rt gjennom felles kartlegginger av aktuelle omr\u00e5der. Interkommunal arealplan for sj\u00f8omr\u00e5dene ble revidert og sendt p\u00e5 2. gangs h\u00f8ringsrunde. Arbeidet skjer i regi av ORKid\u00e9, og med Tingvoll kommune som vertskommune.<\/p>\n<div>\n<h3>Tilrettelegge nye attraktive bolig- og n\u00e6ringsarealer<\/h3>\n<\/div>\n<p>Ny kommunedelplan for sentrum ble sendt p\u00e5 h\u00f8ring, men vi st\u00e5r foran vanskelige avveininger mellom hensyn til kulturvern, oppvekstmilj\u00f8 og nybygging. Flere private prosjekter for nye boliger er under arbeid.<\/p>\n<p>Bystyret vedtok \u00e5 lokalisere Campus Kristiansund til Devoldholmen-omr\u00e5det. Bolgneset Utvikling AS har satt i gang planarbeidet for et nytt n\u00e6ringsomr\u00e5de for havomr\u00e5desatsing i Bolga.<\/p>\n<p>Vi har tilrettelagt for videre boligbygging gjennom tilrettelegging i egenregi og gjennom bruk av anleggsbidragsavtaler, som tilfellet er for utbygging p\u00e5 Skorpa. I utviklingen av Kristiansund n\u00e6ringspark ved flyplassen er vi aktive deltakere i utvikling av nye n\u00e6ringsomr\u00e5der.<\/p>\n<p>Det er vedtatt reguleringsplaner for Veiserviceanlegg i Bolga (langs rv 70), \u00c5dalsgrenda boligfelt p\u00e5 Storbakken, Park og barnehage i Karihola.<\/p>\n<div>\n<h3>Klimahensyn i arealplanleggingen<\/h3>\n<\/div>\n<p>Klima- og milj\u00f8hensyn vurderes i alle saker framlagt for politisk behandling. Alle kommunale planer skal redegj\u00f8re for milj\u00f8- og klimakonsekvenser av planforslagene.<\/p>\n<h3 id=\"framkommeligheten\">Sikre framkommeligheten i kommunen og utvikle bysentrum<\/h3>\n<p>Fylkeskommunens byutviklingsprogram \u00abByen som regional motor\u00bb ble videref\u00f8rt i 2017, og en rekke fysiske tiltak kom i gang i sentrale byrom som R\u00e5dhusplassen, G\u00e5gata og Carolines plass.<\/p>\n<p>Samlingen av kommunale publikumstjenester i V\u00e5geveien 4 p\u00e5 R\u00e5dhusplassen har gitt et l\u00f8ft for b\u00e5de byutvikling og tjenestetilbud.<\/p>\n<p>Bypakkearbeidet har hatt svak framdrift i p\u00e5vente av statlig medfinansiering. Statens vegvesen har fortsatt planarbeidet for Rensvikomr\u00e5det og Kr\u00e5khaugen, og det ble satt i gang arbeid med ny rundkj\u00f8ring i flyplasskrysset. Kommunen har kommet i gang med tilrettelegging for sykkel, gjennom skilting og fysiske tiltak langs hovedtras\u00e9en Goma \u2013 V\u00e5gen.<\/p>\n<h3>God og varig kvalitet p\u00e5 offentlige bygg og anlegg<\/h3>\n<p>Vi arbeider systematisk for \u00e5 oppgradere form\u00e5lsbygg og boliger. Hovedrenseanlegget for avl\u00f8p ble ferdigstilt.. Totalrenoveringen av V\u00e5geveien 4 til kommunalt administrasjonsbygg ble fullf\u00f8rt.<\/p>\n<h2>Utfordringer og planer<\/h2>\n<p>Ny kommunedelplan for Kristiansund sentrum ble sendt p\u00e5 h\u00f8ring i 2017. Innspillene til planforslaget spriker mellom ulike hensyn. Revidert planforslag fremmes i 2018. Det skal lages reguleringsplan for campusomr\u00e5det mellom Fosnagata og Hurtigrutekaia i sentrum.<\/p>\n<p>Oppstart av ny arealdel til kommuneplanen, som skulle skje h\u00f8sten 2017, er av kapasitetsgrunner forsinket.<\/p>\n<p>Byutviklingen skjer p\u00e5 mange m\u00e5ter p\u00e5 ulike arenaer, og involverer politikere, n\u00e6ringslivsfolk, kulturlivet, barn og unge og mange andre. Kommunen er engasjert i flere samarbeid som Byregionprogrammet og \u00abByen som regional motor\u00bb. Bysatsingen foresl\u00e5s videref\u00f8rt i fylkesplana, og vil v\u00e6re en viktig arena for byutvikling ogs\u00e5 i 2018.<\/p>\n<p>Det har v\u00e6rt svak framdrift i bypakkearbeidet i 2017 siden Kristiansund ikke var innstilt til bevilgninger i nasjonal transportplan, men Statens vegvesen har funnet rom til \u00e5 medfinansiere en mindre pakke om kommunen \u00f8nsker \u00e5 etablere en bompengefinansiert bypakke. Saken kommer til behandling i 2018. Det p\u00e5g\u00e5r diskusjoner mellom kommunene og fylkeskommunen om \u00e5 starte et felles planarbeid for og om regional areal- og transportutvikling i Kristiansundsregionen.<\/p>\n<p>Ny hovedplan for renovasjon skal ferdigstilles i 2018.<\/p>\n","protected":false},"excerpt":{"rendered":"<p>M\u00e5l Kristiansund kommunes areal- og utbyggingspolitikk skal v\u00e6re b\u00e6rekraftig med sikte p\u00e5 langsiktig verdiskaping. Vi skal Utvikle v\u00e5r arealbruk i dialog med nabokommuner og slik utvikle felles interesser. Skal tilrettelegge nye attraktive bolig- og n\u00e6ringsarealer i tilstrekkelig omfang, samtidig som eksisterende bebyggelse omformes etter nye behov. Ta klimahensyn i v\u00e5r arealplanlegging. Sikre framkommeligheten i kommunen [&hellip;]<\/p>\n","protected":false},"author":2,"featured_media":0,"parent":26,"menu_order":48,"comment_status":"closed","ping_status":"closed","template":"","meta":[],"acf":[],"_links":{"self":[{"href":"https:\/\/aarsrapport.kristiansund.kommune.no\/2017\/wp-json\/wp\/v2\/pages\/71"}],"collection":[{"href":"https:\/\/aarsrapport.kristiansund.kommune.no\/2017\/wp-json\/wp\/v2\/pages"}],"about":[{"href":"https:\/\/aarsrapport.kristiansund.kommune.no\/2017\/wp-json\/wp\/v2\/types\/page"}],"author":[{"embeddable":true,"href":"https:\/\/aarsrapport.kristiansund.kommune.no\/2017\/wp-json\/wp\/v2\/users\/2"}],"replies":[{"embeddable":true,"href":"https:\/\/aarsrapport.kristiansund.kommune.no\/2017\/wp-json\/wp\/v2\/comments?post=71"}],"version-history":[{"count":0,"href":"https:\/\/aarsrapport.kristiansund.kommune.no\/2017\/wp-json\/wp\/v2\/pages\/71\/revisions"}],"up":[{"embeddable":true,"href":"https:\/\/aarsrapport.kristiansund.kommune.no\/2017\/wp-json\/wp\/v2\/pages\/26"}],"wp:attachment":[{"href":"https:\/\/aarsrapport.kristiansund.kommune.no\/2017\/wp-json\/wp\/v2\/media?parent=71"}],"curies":[{"name":"wp","href":"https:\/\/api.w.org\/{rel}","templated":true}]}}