{"id":65,"date":"2016-05-20T12:58:06","date_gmt":"2016-05-20T10:58:06","guid":{"rendered":"http:\/\/ksu.wpengine.com\/ksu-2\/mal-og-resultater\/regionsenter\/"},"modified":"2018-05-24T10:13:02","modified_gmt":"2018-05-24T08:13:02","slug":"regionsenter","status":"publish","type":"page","link":"https:\/\/aarsrapport.kristiansund.kommune.no\/2017\/mal-og-resultater\/regionsenter\/","title":{"rendered":"Regionsenter"},"content":{"rendered":"<h2>M\u00e5l<\/h2>\n<p><strong>Kristiansund skal v\u00e6re et sterkt, raust og inkluderende regionsenter for hele Nordm\u00f8re. <\/strong><\/p>\n<h3>Vi\u00a0skal:<\/h3>\n<ol>\n<li>Initiere, lede der vi m\u00e5, og delta i regionale og interkommunale utviklingsprosjekter og tiltak.<\/li>\n<li>Tydeliggj\u00f8re og forsterke v\u00e5r rolle som regionsenter gjennom dialog og samarbeid med nordm\u00f8rskommunene, og som aktiv deltaker i regionale samarbeidsorganer.<\/li>\n<li>Bidra til, samt utvikle et godt samarbeid mellom n\u00e6rliggende byer og naboregioner.<\/li>\n<\/ol>\n<h2>Resultater<\/h2>\n<h3>Initiere, lede, delta i regionale og interkommunale utviklingsprosjekter og tiltak<\/h3>\n<p>Helseinnovasjonssenteret og etableringen av regionalt responssenter har styrket regionen og samarbeidet. Vedtak om etablering av campus i sentrum av Kristiansund er en samlende sak for kompetansemilj\u00f8ene p\u00e5 hele Nordm\u00f8re, i sterkt og utviklende samarbeid med det akademiske milj\u00f8et ved h\u00f8yskolen i Molde.<\/p>\n<p>Byregionprogrammet ble reaktivert gjennom felles profilering samt kartlegging av n\u00e6ringsarealer i deltakerkommunene.<\/p>\n<p>Vilk\u00e5r for interkommunale samarbeidsl\u00f8sninger ble debattert og vi st\u00e5r bedre rustet framover. Vi inngikk nytt samarbeid med Tingvoll kommune om kj\u00f8p av viltforvaltningstjenster.<\/p>\n<p>Vi har bidratt til utvikling av havnesamarbeid i og utenfor regionen gjennom v\u00e5r deltagelse i Kristiansund og Nordm\u00f8re Havn IKS.<\/p>\n<p>Interkommunal kommunedelplan for sj\u00f8omr\u00e5dene p\u00e5 Nordm\u00f8re ble sendt p\u00e5 2. gangs h\u00f8ringsrunde. Arbeidet har v\u00e6rt i regi av regionr\u00e5det ORKid\u00e9, med Tingvoll som vertskommune.<\/p>\n<h3 id=\"tydelig\">Tydeliggj\u00f8re og forsterke v\u00e5r rolle som regionsenter<\/h3>\n<p class=\"western\">Etter et meget turbulent 2016 for kommunestruktur, regionalt samarbeid og utvikling, fors\u00f8kte vi i 2017 \u00e5 finne en ny vei framover for Nordm\u00f8re. Eide, Rindal og Halsa er p\u00e5 vei ut av det tradisjonelle Nordm\u00f8rssamarbeidet. Samtidig er prosessen for \u00e5 f\u00e5 innlemmet Nordm\u00f8re i Tr\u00f8ndelag stanset opp, og det er tatt nye initiativer til kommunestrukturdebatter i lys av Gjemnes sin utsatte posisjon mellom byene, og med indre strid om retning og tilh\u00f8righet.<\/p>\n<p>Byregionprogrammet for Kristiansundsregionen (med Kristiansund og 6 nabokommuner ) ble restartet med ordf\u00f8rerne inn i styringsgruppa under ledelse av aver\u00f8y-ordf\u00f8rer Ingrid Rang\u00f8nes. Arbeidet ble konsentrert om et konkret areal- og n\u00e6ringskartlegging samt felles profilering bl.a. med ordf\u00f8rertelt under Sm\u00f8labonan.<\/p>\n<p>Etableringen av regionalt senter for helseinnovasjon og samhandling, og regionalt responssenter, vil styrke oss i forhold til rekruttering av fagpersonell og bedre helsetjenester for innbyggerne. Regionalt senter for helseinovasjon eies av Nordm\u00f8re regionr\u00e5d, med Kristiansund som vertskommune.<\/p>\n<p>Alle former for samarbeid i og utenfor regionen er viktig for Kristiansund som regionsenter. Ved utgangen av 2017 deltok vi i 29 interkommunale tjeneste- og forvaltningssamarbeid og 8 interkommunale prosjektarbeider.<\/p>\n<h4>Samarbeidsordninger<\/h4>\n<table>\n<thead>\n<tr>\n<th style=\"text-align: left;\" bgcolor=\"#f2f2f2\">Omr\u00e5de<\/th>\n<th style=\"text-align: left;\" bgcolor=\"#f2f2f2\">Samarbeid<\/th>\n<th style=\"text-align: left;\" bgcolor=\"#f2f2f2\">Kontorkommune<\/th>\n<th bgcolor=\"#f2f2f2\"><span class=\"tooltips \" style=\"\" title=\"&lt;em&gt;antall kommuner totalt med i ordningen.&lt;\/em&gt;\">Antall ORKid\u00e9-kommuner<\/span><\/th>\n<\/tr>\n<\/thead>\n<tbody>\n<tr>\n<td style=\"text-align: left;\">Regionr\u00e5d<\/td>\n<td style=\"text-align: left;\">ORKid\u00e9 &#8211; Nordm\u00f8re regionr\u00e5d<\/td>\n<td style=\"text-align: left;\">Kristiansund<\/td>\n<td>10<\/td>\n<\/tr>\n<tr>\n<td style=\"text-align: left;\">Politisk samarbeidsorgan<\/td>\n<td style=\"text-align: left;\">Byer i Midt-Norge<\/td>\n<td style=\"text-align: left;\">Trondheim<\/td>\n<td>1 (9)<\/td>\n<\/tr>\n<tr>\n<td style=\"text-align: left;\">Arkiv<\/td>\n<td style=\"text-align: left;\"><span lang=\"nn-NO\">IKA M\u00f8re og Romsdal IKS<\/span><\/td>\n<td style=\"text-align: left;\">\u00c5lesund<\/td>\n<td>10 (36 + MR fylke)<\/td>\n<\/tr>\n<tr>\n<td style=\"text-align: left;\">Havnevirksomhet<\/td>\n<td style=\"text-align: left;\">Kristiansund og Nordm\u00f8re Havn IKS<\/td>\n<td style=\"text-align: left;\">Kristiansund<\/td>\n<td>9 (11)<\/td>\n<\/tr>\n<tr>\n<td style=\"text-align: left;\">Krisesenter<\/td>\n<td style=\"text-align: left;\">Nordm\u00f8re krisesenter IKS<\/td>\n<td style=\"text-align: left;\">Kristiansund<\/td>\n<td>7<\/td>\n<\/tr>\n<tr>\n<td style=\"text-align: left;\">Renovasjon<\/td>\n<td style=\"text-align: left;\">Nordm\u00f8re interkommunale renovasjonsselskap IKS (NIR)<\/td>\n<td style=\"text-align: left;\">Kristiansund<\/td>\n<td>7 (9)<\/td>\n<\/tr>\n<tr>\n<td style=\"text-align: left;\">Revisjon<\/td>\n<td style=\"text-align: left;\">M\u00f8re og Romsdal revisjon IKS<\/td>\n<td style=\"text-align: left;\">Kristiansund<\/td>\n<td>10 (18 + MR fylke)<\/td>\n<\/tr>\n<tr>\n<td style=\"text-align: left;\">Alarmsentral<\/td>\n<td style=\"text-align: left;\">Mottakssentral for trygghetsalarmer<\/td>\n<td style=\"text-align: left;\">Kristiansund<\/td>\n<td>4 (5)<\/td>\n<\/tr>\n<tr>\n<td style=\"text-align: left;\">Arbeidsgiverkontroll<\/td>\n<td style=\"text-align: left;\">Arbeidsgiverkontroll for Nordm\u00f8re<\/td>\n<td style=\"text-align: left;\">Kristiansund<\/td>\n<td>8 (12)<\/td>\n<\/tr>\n<tr>\n<td style=\"text-align: left;\">Barnevern<\/td>\n<td style=\"text-align: left;\">Barneverntjenesten for Kristiansund, Aver\u00f8y og Gjemnes<\/td>\n<td style=\"text-align: left;\">Kristiansund<\/td>\n<td>3<\/td>\n<\/tr>\n<tr>\n<td style=\"text-align: left;\">Beredskap<\/td>\n<td style=\"text-align: left;\">Nordm\u00f8re interkommunale utvalg mot akutt forurensning (NIUA)<\/td>\n<td style=\"text-align: left;\">Kristiansund<\/td>\n<td>10 (11)<\/td>\n<\/tr>\n<tr>\n<td style=\"text-align: left;\">Bibliotek<\/td>\n<td style=\"text-align: left;\">Kj\u00f8p av biblioteksjef fra Kristiansund<\/td>\n<td style=\"text-align: left;\">Kristiansund<\/td>\n<td>2<\/td>\n<\/tr>\n<tr>\n<td style=\"text-align: left;\">Brann<\/td>\n<td style=\"text-align: left;\">Brannsamarbeid med Aver\u00f8y<\/td>\n<td style=\"text-align: left;\">Kristiansund<\/td>\n<td>2<\/td>\n<\/tr>\n<tr>\n<td style=\"text-align: left;\">Byggesak<\/td>\n<td style=\"text-align: left;\">Interkommunalt tilsyn i byggesaker<\/td>\n<td style=\"text-align: left;\">Kristiansund<\/td>\n<td>8 (10)<\/td>\n<\/tr>\n<tr>\n<td style=\"text-align: left;\">Friluft<\/td>\n<td style=\"text-align: left;\">Friluftsr\u00e5det for Nordm\u00f8re og Romsdal<\/td>\n<td style=\"text-align: left;\">Molde<\/td>\n<td>7 (15)<\/td>\n<\/tr>\n<tr>\n<td style=\"text-align: left;\">IKT<\/td>\n<td style=\"text-align: left;\">IKT ORKid\u00e9<\/td>\n<td style=\"text-align: left;\">Sunndal<\/td>\n<td>10 (13)<\/td>\n<\/tr>\n<tr>\n<td style=\"text-align: left;\">Innkj\u00f8p<\/td>\n<td style=\"text-align: left;\">Nordm\u00f8re interkommunale innkj\u00f8pssamarbeid<\/td>\n<td style=\"text-align: left;\">Kristiansund<\/td>\n<td>10 (12)<\/td>\n<\/tr>\n<tr>\n<td style=\"text-align: left;\">Kemner<\/td>\n<td style=\"text-align: left;\">Nordm\u00f8re kemnerkontor<\/td>\n<td style=\"text-align: left;\">Kristiansund<\/td>\n<td>4<\/td>\n<\/tr>\n<tr>\n<td style=\"text-align: left;\">Kontrollutvalg<\/td>\n<td style=\"text-align: left;\">Nordm\u00f8re sekret\u00e6rfunksjon for kontrollutvalg<\/td>\n<td style=\"text-align: left;\">Kristiansund<\/td>\n<td>8<\/td>\n<\/tr>\n<tr>\n<td style=\"text-align: left;\">Kultur<\/td>\n<td style=\"text-align: left;\">Salg av fagkompetanse<\/td>\n<td style=\"text-align: left;\">Aver\u00f8y<\/td>\n<td>2<\/td>\n<\/tr>\n<tr>\n<td style=\"text-align: left;\">Landbruk<\/td>\n<td style=\"text-align: left;\">Felles landbrukskontor<\/td>\n<td style=\"text-align: left;\">Gjemnes<\/td>\n<td>2<\/td>\n<\/tr>\n<tr>\n<td style=\"text-align: left;\">Legevakt<\/td>\n<td style=\"text-align: left;\">Legevakt Kristiansund og omegn<\/td>\n<td style=\"text-align: left;\">Kristiansund<\/td>\n<td>4<\/td>\n<\/tr>\n<tr>\n<td style=\"text-align: left;\">Oppl\u00e6ring<\/td>\n<td style=\"text-align: left;\">Nordm\u00f8re og Romsdal kommunale oppl\u00e6ringskontor<\/td>\n<td style=\"text-align: left;\">Kristiansund<\/td>\n<td>1 (5)<\/td>\n<\/tr>\n<tr>\n<td style=\"text-align: left;\">Overgrep<\/td>\n<td style=\"text-align: left;\">Nordm\u00f8re voldtektsmottak<\/td>\n<td style=\"text-align: left;\">Kristiansund<\/td>\n<td>3<\/td>\n<\/tr>\n<tr>\n<td style=\"text-align: left;\">PPT<\/td>\n<td style=\"text-align: left;\">Pedagogisk-psykologisk tjeneste for ytre Nordm\u00f8re<\/td>\n<td style=\"text-align: left;\">Kristiansund<\/td>\n<td>4<\/td>\n<\/tr>\n<tr>\n<td style=\"text-align: left;\">Plan<\/td>\n<td style=\"text-align: left;\">Interkommunal kommunedelplan for sj\u00f8arealene p\u00e5 Nordm\u00f8re<\/td>\n<td style=\"text-align: left;\">Tingvoll<\/td>\n<td>9 (10)<\/td>\n<\/tr>\n<tr>\n<td style=\"text-align: left;\">Veterin\u00e6r<\/td>\n<td style=\"text-align: left;\">Veterin\u00e6rvakt<\/td>\n<td style=\"text-align: left;\">Gjemnes<\/td>\n<td>2 (3)<\/td>\n<\/tr>\n<tr>\n<td style=\"text-align: left;\">\u00d8yeblikkelig hjelp<\/td>\n<td style=\"text-align: left;\">Interkommunalt \u00f8yeblikkelig hjelp d\u00f8gntilbud<\/td>\n<td style=\"text-align: left;\">Kristiansund<\/td>\n<td>4<\/td>\n<\/tr>\n<\/tbody>\n<\/table>\n<div class=\"table-description\">\n<p><em>Ved utgangen av 2017 deltok kommunen i 29 formelle samarbeidsordninger i og utenfor regionen. Eierinteresser i selskaper som ivaretar kommunens rolle som regionsenter kommer i tillegg. Kommunen er ogs\u00e5 engasjert i andre former for samarbeid som nettverk og l\u00f8pende prosjektaktivitet. <\/em><\/p>\n<\/div>\n<p>&nbsp;<\/p>\n<h3>Bidra til, samt utvikle samarbeid mellom n\u00e6rliggende byer og naboregionene<\/h3>\n<p>Byen som regional motor, fylkeskommunens bysatsing med \u00c5lesund, Molde og Kristiansund, ble forsterket bl.a. gjennom fylkestingets bevilgning p\u00e5 25 mill. kroner for 2017. Vi har her en fellesarena for samarbeid, kompetansel\u00f8ft og finansiering av tiltak med fylket og byene i M\u00f8re og Romsdal. Programmet styres av \u00abbym\u00f8tet\u00bb med ordf\u00f8rerne og r\u00e5dmennene i byene og fylkeskommunen.<\/p>\n<p>Nettverket \u00abByer i Midt-Norge\u00bb er videref\u00f8rt med Kristiansund som deltaker sammen med Tr\u00f8nderbyene.<\/p>\n<h2>Utfordringer og planer<\/h2>\n<p>Kommunereformen og regionreformen medf\u00f8rte splittelse og redusert tillit kommunene i mellom. Vi har derfor en stor utfordring foran oss for \u00e5 samle regionen om felles muligheter og verdiskaping. Ved utgangen av 2017 er det stor usikkerhet knyttet til Gjemnes kommune sin framtid, vil kommunen f\u00e5 fortsette som n\u00e5 slik kommunestyret har vedtak om, bli delt gjennom en grensejustering, eller bli mer eller mindre tvangssammensl\u00e5tt med andre kommuner? Usikkerheten har f\u00f8rt til fornyet kommunestrukturdebatt i Aver\u00f8y og Tingvoll. Kristiansund kommune har gjentatt invitasjonen til samarbeid om en ny kommune p\u00e5 ytre dersom naboene \u00f8nsker dette.<\/p>\n<p>Arbeider med \u00e5 styrke byens regionsenterfunksjoner fortsetter i 2017. Arbeidet skjer p\u00e5 flere omr\u00e5der;<\/p>\n<ul>\n<li>Byregionprogrammet skal styrke n\u00e6ringsliv og bosetting og sikre en balansert regional utvikling.<\/li>\n<li>Bypakken skal sikre en koordinert by- og transportutvikling.<\/li>\n<li>\u00abByen som regional motor\u00bb gir oss tilgang til kompetanse og tilskuddsmidler for byutvikling.<\/li>\n<li>Sentrumsplanen skal tilrettelegge for et mer attraktivt bysentrum.<\/li>\n<\/ul>\n<p>\u00abSj\u00f8omr\u00e5deplan Nordm\u00f8re\u00bb vil etter andre gangs h\u00f8ring bli vedtatt i 2018.<\/p>\n","protected":false},"excerpt":{"rendered":"<p>M\u00e5l Kristiansund skal v\u00e6re et sterkt, raust og inkluderende regionsenter for hele Nordm\u00f8re. Vi\u00a0skal: Initiere, lede der vi m\u00e5, og delta i regionale og interkommunale utviklingsprosjekter og tiltak. Tydeliggj\u00f8re og forsterke v\u00e5r rolle som regionsenter gjennom dialog og samarbeid med nordm\u00f8rskommunene, og som aktiv deltaker i regionale samarbeidsorganer. Bidra til, samt utvikle et godt samarbeid [&hellip;]<\/p>\n","protected":false},"author":2,"featured_media":0,"parent":26,"menu_order":34,"comment_status":"closed","ping_status":"closed","template":"","meta":[],"acf":[],"_links":{"self":[{"href":"https:\/\/aarsrapport.kristiansund.kommune.no\/2017\/wp-json\/wp\/v2\/pages\/65"}],"collection":[{"href":"https:\/\/aarsrapport.kristiansund.kommune.no\/2017\/wp-json\/wp\/v2\/pages"}],"about":[{"href":"https:\/\/aarsrapport.kristiansund.kommune.no\/2017\/wp-json\/wp\/v2\/types\/page"}],"author":[{"embeddable":true,"href":"https:\/\/aarsrapport.kristiansund.kommune.no\/2017\/wp-json\/wp\/v2\/users\/2"}],"replies":[{"embeddable":true,"href":"https:\/\/aarsrapport.kristiansund.kommune.no\/2017\/wp-json\/wp\/v2\/comments?post=65"}],"version-history":[{"count":0,"href":"https:\/\/aarsrapport.kristiansund.kommune.no\/2017\/wp-json\/wp\/v2\/pages\/65\/revisions"}],"up":[{"embeddable":true,"href":"https:\/\/aarsrapport.kristiansund.kommune.no\/2017\/wp-json\/wp\/v2\/pages\/26"}],"wp:attachment":[{"href":"https:\/\/aarsrapport.kristiansund.kommune.no\/2017\/wp-json\/wp\/v2\/media?parent=65"}],"curies":[{"name":"wp","href":"https:\/\/api.w.org\/{rel}","templated":true}]}}