{"id":64,"date":"2016-05-20T12:58:06","date_gmt":"2016-05-20T10:58:06","guid":{"rendered":"http:\/\/ksu.wpengine.com\/ksu-2\/mal-og-resultater\/kommuneplanen\/"},"modified":"2018-05-15T10:44:17","modified_gmt":"2018-05-15T08:44:17","slug":"kommuneplanen","status":"publish","type":"page","link":"https:\/\/aarsrapport.kristiansund.kommune.no\/2017\/mal-og-resultater\/kommuneplanen\/","title":{"rendered":"Kommuneplanen"},"content":{"rendered":"<h2>Kommuneplanen<\/h2>\n<p>Kommuneplanen er kommunens overordnede strategiske styringsdokument og inneholder m\u00e5l og retningsvalg for kommunens utvikling. Kristiansund kommune skal legge til rette for muligheter for innbyggere, brukere, n\u00e6ringslivet og frivilligheten.<\/p>\n<p>I tr\u00e5d med SNOR-verdiene er det definert syv perspektiver og hovedm\u00e5l for utviklingen av Kristiansund-samfunnet i kommuneplanperioden 20082020. Innen hvert perspektiv er det definert m\u00e5l og strategier som gjelder for Kristiansundsamfunnet og beskriver komplekse samfunnsutfordringer. Kommunen er \u00e9n av flere akt\u00f8rer som skal bidra til \u00e5 n\u00e5 m\u00e5lene. Strategiene er virkemidler for m\u00e5loppn\u00e5else. Disse blir det rapport p\u00e5 for 2017.<\/p>\n<p>I november 2017 vedtok bystyret en ny samfunnsdel til kommuneplanen for 2018 \u2013 2030. Den nye samfunnsplanen er fundert p\u00e5 FNs b\u00e6rekraftm\u00e5l \u2013 og presentert som fire beskrivelser av framtidas Kristiansund som en varm, klok, modig og smart by.<\/p>\n<h2>Utfordringer og planer<\/h2>\n<p>Kommuneplanens samfunnsdel for 2018 \u2013 2030 ble vedtatt i 2017. I 2018 skal det utvikles m\u00e5l og tiltak til samfunnsdelen i kommunens politiske organer, og vi skal etablere et nytt system for virksomhetsstyring.<\/p>\n","protected":false},"excerpt":{"rendered":"<p>Kommuneplanen Kommuneplanen er kommunens overordnede strategiske styringsdokument og inneholder m\u00e5l og retningsvalg for kommunens utvikling. Kristiansund kommune skal legge til rette for muligheter for innbyggere, brukere, n\u00e6ringslivet og frivilligheten. I tr\u00e5d med SNOR-verdiene er det definert syv perspektiver og hovedm\u00e5l for utviklingen av Kristiansund-samfunnet i kommuneplanperioden 20082020. Innen hvert perspektiv er det definert m\u00e5l og [&hellip;]<\/p>\n","protected":false},"author":2,"featured_media":0,"parent":26,"menu_order":33,"comment_status":"closed","ping_status":"closed","template":"","meta":[],"acf":[],"_links":{"self":[{"href":"https:\/\/aarsrapport.kristiansund.kommune.no\/2017\/wp-json\/wp\/v2\/pages\/64"}],"collection":[{"href":"https:\/\/aarsrapport.kristiansund.kommune.no\/2017\/wp-json\/wp\/v2\/pages"}],"about":[{"href":"https:\/\/aarsrapport.kristiansund.kommune.no\/2017\/wp-json\/wp\/v2\/types\/page"}],"author":[{"embeddable":true,"href":"https:\/\/aarsrapport.kristiansund.kommune.no\/2017\/wp-json\/wp\/v2\/users\/2"}],"replies":[{"embeddable":true,"href":"https:\/\/aarsrapport.kristiansund.kommune.no\/2017\/wp-json\/wp\/v2\/comments?post=64"}],"version-history":[{"count":0,"href":"https:\/\/aarsrapport.kristiansund.kommune.no\/2017\/wp-json\/wp\/v2\/pages\/64\/revisions"}],"up":[{"embeddable":true,"href":"https:\/\/aarsrapport.kristiansund.kommune.no\/2017\/wp-json\/wp\/v2\/pages\/26"}],"wp:attachment":[{"href":"https:\/\/aarsrapport.kristiansund.kommune.no\/2017\/wp-json\/wp\/v2\/media?parent=64"}],"curies":[{"name":"wp","href":"https:\/\/api.w.org\/{rel}","templated":true}]}}