{"id":17,"date":"2016-05-11T10:10:28","date_gmt":"2016-05-11T08:10:28","guid":{"rendered":"http:\/\/ksu.wpengine.com\/ksu-2\/?page_id=17"},"modified":"2018-05-31T11:18:48","modified_gmt":"2018-05-31T09:18:48","slug":"ordforerens-kommentar","status":"publish","type":"page","link":"https:\/\/aarsrapport.kristiansund.kommune.no\/2017\/lederkommentarer\/ordforerens-kommentar\/","title":{"rendered":"Ordf\u00f8rerens kommentar"},"content":{"rendered":"<p>Teknologi er satt p\u00e5 dagsordenen og Kristiansund har tatt en ledende rolle i digitaliseringen av det offentlige. Store akt\u00f8rer som Microsoft og Atea \u00f8nsker \u00e5 v\u00e6re med p\u00e5 den reisen vi n\u00e5 har startet i Kristiansund. V\u00e5re ansatte st\u00e5r p\u00e5 \u00e5ret rundt for \u00e5 gi innbyggerne gode, trygge og forutsigbare tjenester. Hver dag. De siste \u00e5rene med nedtur i oljebransjen har f\u00e5tt oss til \u00e5 tenke annerledes og \u00e5 v\u00e6re mer innovative. Kreativiteten har blomstret i Kristiansund, ogs\u00e5 innad i kommunen. Fremtiden er i endring, innovasjon og nytenkning er viktigere enn noen sinne.<\/p>\n<p>Frivillighet spiller en stor rolle i en kommune. I fremtiden vil vi frivilligheten bli enda viktigere for \u00e5 l\u00f8se de oppgavene vi er p\u00e5lagt. Det legges ned en fenomenal innsats for \u00e5 holde hjulene i gang i dans og musikk, idrett og organisasjoner \u2013 og det finnes foreninger av mange kategorier som samler mennesker rundt en sak eller som er et klubbmilj\u00f8. -Tusen takk for den innsatsen dere legger ned, den er fantastisk viktig for oss alle!<\/p>\n<p>Kristiansund er i ferd med \u00e5 bli en attraktiv by. Vi ligger foran p\u00e5 digitalisering og helseinnovasjon. To nye barneskoler gir oss en attraktiv grunnskole. To nye barnehager gj\u00f8r oss attraktive for nyetablerte. En ny campus kompletterer v\u00e5r mulighet til \u00e5 v\u00e6re attraktive gjennom hele oppveksten for v\u00e5re barn. En uvurderlig posisjon. Vi m\u00e5 bruke den posisjonen for alt den er verdt, og vi m\u00e5 bli stadig mer attraktive p\u00e5 omr\u00e5de for omr\u00e5de. F\u00e5 opp hydrogenstasjonen, la oss ta posisjonen som Norges hydrogenby.<\/p>\n<p>Campus Kristiansund er en av de viktigste sakene for Kristiansund og Nordm\u00f8re p\u00e5 lang tid. I \u00e5ret som gikk tok vi noen virkelige syvmilssteg videre. Prosjektleder er ansatt, vi fikk 120 nye studieplasser og p\u00e5 starten av dette \u00e5ret ble vi enige om tomtevalget. N\u00e5 handler det om \u00e5 holde trykket oppe, slik at vi f\u00e5r etablert Campus i henhold til planen. 1000 studenter p\u00e5 Devoldholmen vil bety mye for sentrum. Det vil ogs\u00e5 bety mye for n\u00e6ringslivet i regionen. Det er disse som skal dra nytte av den kompetansen vi skal utdanne ved Campus Kristiansund i fremtiden.<\/p>\n<p>Arbeidet med \u00e5 f\u00e5 p\u00e5 plass fremtidens helsetilbud startet i 2017. Sammen med helseforetaket og Orkide skal vi utvikle fremtidens helsetilbud i Kristiansund. Dette skal vi gj\u00f8re i tett dialog med Helseinnovasjonssenteret og responssenteret. Arbeidet er i gang og gir noen fantastiske muligheter for oss i \u00e5rene som kommer. Vi kan faktisk ligge helt i front og ta en ledende posisjon i utviklingen av fremtidens helsetilbud.<\/p>\n<p>Innenfor kultursektoren har vi ogs\u00e5 ambisjoner. Operaen er aktuell og trekker et stort publikum. Kulturkomit\u00e9en i Stortinget liker planene om nybygg. Vi er kloss p\u00e5 et politisk gjennombrudd nasjonalt n\u00e5r gjelder det \u00e5 fullf\u00f8re denne langvarige prosessen med storstue i kunst- og kulturformidling.<\/p>\n<p>Kristiansund Ballklubb befestet sin posisjon i Eliteserien. Som nyopprykket er det ikke like lett \u00e5 bli med videre sammen med klubber som har v\u00e6rt med i \u00e5rtier. Men dette klarte laget fra Kristiansund og i skrivende stund ligger laget for lidenskap p\u00e5 sjetteplass p\u00e5 tabellen. Det er ingen tvil om at suksessen til KBK har gitt oss noe felles \u00e5 glede oss over og noe felles for \u00e5 engasjere. Kristiansund stadion ligger stabilt p\u00e5 rundt 4000 tilskuere, og det er helt unikt i fotball-Norge, der de fleste sliter med frafall p\u00e5 tribunene. Total kapasitet p\u00e5 Kristiansind stadion er 4106 tilskuere! Spillere, trenere og resten av apparatet gj\u00f8r en sportslig god jobb og er sv\u00e6rt viktige ambassad\u00f8rer for Kristiansund og Nordm\u00f8re. Vi gleder oss til \u00e5 f\u00f8lge laget i 2018.<\/p>\n<p>Oljeprisen har klatret sakte, men sikkert oppover og ligger n\u00e5 stabilt p\u00e5 over 65 dollar per fat. Det er en kraftig forbedring i oljeprisen og gir grunn til optimisme for oljebyen Kristiansund. Maria-feltet ble satt i produksjon i desember 2017, hele ett \u00e5r f\u00f8r beregnet. Utbyggingen ble ogs\u00e5 tre milliarder kroner lavere enn forutsatt. Fortsatt fokus p\u00e5 kvalitet og lave kostnader gj\u00f8r at vi ser lysning i tunnelen for leverand\u00f8rindustrien i Kristiansund og p\u00e5 resten av Nordm\u00f8re.<\/p>\n<p>Havteknologisenteret p\u00e5 Bolgneset skal bli v\u00e5r nye spydspiss p\u00e5 den bl\u00e5 n\u00e6ringen. Vi har rike tradisjoner p\u00e5 havbruk p\u00e5 Nordm\u00f8re og marin sektor er fortsatt l\u00f8nnsom og er en n\u00e6ring p\u00e5 vei opp. Videre har vi sv\u00e6rt mye kompetanse p\u00e5 dypvannsteknologi, og dette vil etter hvert komme den bl\u00e5 n\u00e6ringen til gode. Med Campus p\u00e5 plass og en offensiv plan for videreutvikling, skal vi posisjonere oss godt for skiftet som etter hvert kommer. Kommunens bidrag er \u00e5 utvikle nytt areal for et havteknologisenter som kan tilrettelegge for nye n\u00e6ringer i dyphavet.<\/p>\n<p>F\u00f8rste omgang av kommunereformen resulterte ikke i noe konkret for v\u00e5r del. N\u00e5 kommer del to av reformen og samtaler er allerede satt i gang. Vi har et godt h\u00e5p om at vi sammen med v\u00e5re gode naboer p\u00e5 Nordm\u00f8re vil ha konstruktive og gode samtaler i m\u00e5nedene som kommer. Kristiansund vil i tiden som kommer jobbe godt for at v\u00e5r posisjon som regional motor forsterkes og at vi i enda st\u00f8rre grad tar dette ansvaret. Vi vil ogs\u00e5 jobbe for at vi skal styrke v\u00e5rt omd\u00f8mme som regionsenter.<\/p>\n<p>Til slutt vil jeg sende en takk til bystyret og kommunens kompetente administrasjon for konstruktive og gode samarbeid i 2017. Et nytt og spennende \u00e5r m\u00f8ter oss i 2018.<\/p>\n","protected":false},"excerpt":{"rendered":"<p>Teknologi er satt p\u00e5 dagsordenen og Kristiansund har tatt en ledende rolle i digitaliseringen av det offentlige. Store akt\u00f8rer som Microsoft og Atea \u00f8nsker \u00e5 v\u00e6re med p\u00e5 den reisen vi n\u00e5 har startet i Kristiansund. V\u00e5re ansatte st\u00e5r p\u00e5 \u00e5ret rundt for \u00e5 gi innbyggerne gode, trygge og forutsigbare tjenester. Hver dag. De siste [&hellip;]<\/p>\n","protected":false},"author":2,"featured_media":0,"parent":10,"menu_order":52,"comment_status":"closed","ping_status":"closed","template":"","meta":[],"acf":[],"_links":{"self":[{"href":"https:\/\/aarsrapport.kristiansund.kommune.no\/2017\/wp-json\/wp\/v2\/pages\/17"}],"collection":[{"href":"https:\/\/aarsrapport.kristiansund.kommune.no\/2017\/wp-json\/wp\/v2\/pages"}],"about":[{"href":"https:\/\/aarsrapport.kristiansund.kommune.no\/2017\/wp-json\/wp\/v2\/types\/page"}],"author":[{"embeddable":true,"href":"https:\/\/aarsrapport.kristiansund.kommune.no\/2017\/wp-json\/wp\/v2\/users\/2"}],"replies":[{"embeddable":true,"href":"https:\/\/aarsrapport.kristiansund.kommune.no\/2017\/wp-json\/wp\/v2\/comments?post=17"}],"version-history":[{"count":0,"href":"https:\/\/aarsrapport.kristiansund.kommune.no\/2017\/wp-json\/wp\/v2\/pages\/17\/revisions"}],"up":[{"embeddable":true,"href":"https:\/\/aarsrapport.kristiansund.kommune.no\/2017\/wp-json\/wp\/v2\/pages\/10"}],"wp:attachment":[{"href":"https:\/\/aarsrapport.kristiansund.kommune.no\/2017\/wp-json\/wp\/v2\/media?parent=17"}],"curies":[{"name":"wp","href":"https:\/\/api.w.org\/{rel}","templated":true}]}}