{"id":115,"date":"2016-05-20T13:02:08","date_gmt":"2016-05-20T11:02:08","guid":{"rendered":"http:\/\/ksu.wpengine.com\/ksu-2\/rammeomrader\/barn-familie-helse\/"},"modified":"2018-05-25T13:52:13","modified_gmt":"2018-05-25T11:52:13","slug":"barn-familie-helse","status":"publish","type":"page","link":"https:\/\/aarsrapport.kristiansund.kommune.no\/2017\/rammeomrader\/barn-familie-helse\/","title":{"rendered":"Barn &#8211; familie &#8211; helse"},"content":{"rendered":"<h2>Fakta<\/h2>\n<p>Rammeomr\u00e5det omfatter<\/p>\n<ul>\n<li>Interkommunal barneverntjeneste med vertskommuneansvar for Aver\u00f8y og Gjemnes<\/li>\n<li>Forebyggende helsetjenester for barn og unge med\n<ul>\n<li>helsestasjon for gravide, ungdom, foreldre og barn<\/li>\n<li>skolehelsetjeneste<\/li>\n<li>helsetjeneste for flyktninger<\/li>\n<li>vaksinasjonskontor<\/li>\n<li>fysioterapi for barn og unge<\/li>\n<li>psykisk helsetjeneste for barn og familier<\/li>\n<\/ul>\n<\/li>\n<li>oppl\u00e6ringstjenester med<br \/>\nspesialpedagogiske tjenester for f\u00f8rskolebarn<br \/>\nlogopediske tjenester 0-100 \u00e5r<\/li>\n<\/ul>\n<p>Enheten skal sikre at barn og unge f\u00e5r n\u00f8dvendig hjelp, oppl\u00e6ring og omsorg til rett tid, bidra til trygge oppvekstsvilk\u00e5r, fremme psykisk og fysisk helse, gode sosiale og milj\u00f8messige forhold samt forebygge sykdommer og skade. Enheten har ansvar for kommunens psykososiale kriseteam.<\/p>\n<h2>M\u00e5l og resultater<\/h2>\n<div class=\"table-explanation\">\n<p>Resultatgrense:<\/p>\n<div class=\"table-explanation-item\">\n<div class=\"teal\">\u2022<\/div>\n<p>\u00d8nsket resultat<\/p>\n<\/div>\n<div class=\"table-explanation-item\">\n<div class=\"orange\">\u2022<\/div>\n<p>Akseptabelt resultat<\/p>\n<\/div>\n<div class=\"table-explanation-item\">\n<div class=\"purple\">\u2022<\/div>\n<p>Uakseptabelt resultat<\/p>\n<\/div>\n<\/div>\n<h4 style=\"text-align: center;\">Unikt m\u00e5lekort \u2013 rammeomr\u00e5de grunnskoler \u2013 fokusomr\u00e5de brukere<br \/>\nHovedm\u00e5l \u2013 Gode tjenester med fokus p\u00e5 kvalitet, tilgjengelighet og brukermedvirkning<\/h4>\n<table>\n<thead>\n<tr>\n<td width=\"155\">Suksessfaktor<\/p>\n<p>(delm\u00e5l)<\/td>\n<td width=\"113\">M\u00e5leindikator<\/td>\n<td width=\"67\">Resultat-krav<\/td>\n<td width=\"67\">Resultat 2015<\/td>\n<td width=\"67\">Resultat 2016<\/td>\n<td width=\"67\">Resultat 2017<\/td>\n<td width=\"135\">Kommentar<\/td>\n<\/tr>\n<\/thead>\n<tbody>\n<tr>\n<td width=\"155\">Iverksette tidlige, kostnads-effektive tiltak som sikrer varig endring for utsatte barn og styrker foreldrenes ferdigheter<\/td>\n<td style=\"text-align: left;\" width=\"113\">Reduksjon i antall omsorgsovertakelser<\/td>\n<td width=\"67\">&gt; 10 %<\/td>\n<td style=\"background-color: #ece9f2; width: 67px;\" width=\"67\">53<\/td>\n<td style=\"background-color: #f4f9f8;\" width=\"67\">45<\/td>\n<td style=\"background-color: #f4f9f8;\" width=\"67\">47<\/td>\n<td style=\"text-align: left;\" width=\"135\">Barneverntjenesten har hatt sterk \u00f8kning i antall akutte saker som omhandler bekymring om vold og overgrep. Flere av disse har resultert i hasteflyttinger av barn.<\/td>\n<\/tr>\n<tr>\n<td rowspan=\"2\" width=\"155\">Barn og unge skal f\u00f8lges opp med fokus p\u00e5 god helse<\/td>\n<td style=\"text-align: left;\" width=\"113\">Reduksjon i antall barn med overvektsproblematikk<\/td>\n<td width=\"67\">&#8211;<\/td>\n<td style=\"background-color: #f4f9f8;\" width=\"67\">127<\/td>\n<td style=\"background-color: #f4f9f8;\" width=\"67\">116<\/p>\n<p>(132)<\/td>\n<td style=\"background-color: #f4f9f8;\" width=\"67\">123<\/td>\n<td style=\"text-align: left;\" width=\"135\"><em>Det ser ut til at rapportering for 2016 er feil, og at riktig antall skal v\u00e6re 132. I henhold til dette s\u00e5 viser 2017 en reduksjon i antall barn med overvekt\/fedme i alle kategorier med totalt 9 f\u00e6rre enn i fjor<\/em><\/td>\n<\/tr>\n<tr>\n<td style=\"text-align: left;\" width=\"113\">Helseunders\u00f8kelse til nye flyktninger etter statens retningslinjer<\/td>\n<td width=\"67\">Alle<\/td>\n<td style=\"background-color: #f4f9f8;\" width=\"67\">Alle<\/td>\n<td style=\"background-color: #f4f9f8;\" width=\"67\">540<\/td>\n<td style=\"background-color: #f4f9f8;\" width=\"67\">80<\/td>\n<td style=\"text-align: left;\" width=\"135\">Alle nye flyktninger har f\u00e5tt et tilbud om helseunders\u00f8kelse.<\/td>\n<\/tr>\n<\/tbody>\n<\/table>\n<h2>Utfordringer og planer<\/h2>\n<p>Utfordringer i alle avdelinger; rekruttere og beholde riktig fagkompetanse.<\/p>\n<p>R\u00e5dmannen vil vektlegge kompetanseheving og tilrettelegging for \u00e5 dreie fokus over p\u00e5 forebyggende tiltak i hjem, barnehage og skole og unng\u00e5 mer omfattende tiltak som for eksempel omsorgsovertakelser.<\/p>\n<p><a href=\"http:\/\/aarsrapport.kristiansund.kommune.no\/2017\/wp-content\/uploads\/sites\/10\/2018\/05\/Nye_meldinger_barnevern.png\"><img decoding=\"async\" loading=\"lazy\" class=\"alignnone size-large wp-image-914\" src=\"http:\/\/aarsrapport.kristiansund.kommune.no\/2017\/wp-content\/uploads\/sites\/10\/2018\/05\/Nye_meldinger_barnevern-1024x650.png\" alt=\"\" width=\"1024\" height=\"650\" srcset=\"https:\/\/aarsrapport.kristiansund.kommune.no\/2017\/wp-content\/uploads\/sites\/10\/2018\/05\/Nye_meldinger_barnevern-1024x650.png 1024w, https:\/\/aarsrapport.kristiansund.kommune.no\/2017\/wp-content\/uploads\/sites\/10\/2018\/05\/Nye_meldinger_barnevern-300x190.png 300w, https:\/\/aarsrapport.kristiansund.kommune.no\/2017\/wp-content\/uploads\/sites\/10\/2018\/05\/Nye_meldinger_barnevern-768x488.png 768w, https:\/\/aarsrapport.kristiansund.kommune.no\/2017\/wp-content\/uploads\/sites\/10\/2018\/05\/Nye_meldinger_barnevern.png 1969w\" sizes=\"(max-width: 1024px) 100vw, 1024px\" \/><\/a><\/p>\n<h6><em>Antall nye barnevernssaker har \u00f8kt jevnlig i perioden. \u00c5rsakene knyttet til \u00f8kningen er sammensatte, tettere og mer \u00e5pent samarbeid med ulike instanser og p\u00e5r\u00f8rende, tidligere innsats for \u00e5 sikre at barna skal f\u00e5 n\u00f8dvendig hjelp og omsorg, samt \u00f8kte sosiale vansker i samfunnet.<\/em><\/h6>\n<h6><em>Oppl\u00e6ringstjenesten; Antall barn med vedtak p\u00e5 spesialpedagogiske tjenester i 2017 er 69 barn, 75 barn i 2016. Mens antall timer pr barn har \u00f8kt. Gjennomsnittstimer i 2016 var 3,83 t\/u, 2017; 4,05 t\/u.<\/em><\/h6>\n","protected":false},"excerpt":{"rendered":"<p>Fakta Rammeomr\u00e5det omfatter Interkommunal barneverntjeneste med vertskommuneansvar for Aver\u00f8y og Gjemnes Forebyggende helsetjenester for barn og unge med helsestasjon for gravide, ungdom, foreldre og barn skolehelsetjeneste helsetjeneste for flyktninger vaksinasjonskontor fysioterapi for barn og unge psykisk helsetjeneste for barn og familier oppl\u00e6ringstjenester med spesialpedagogiske tjenester for f\u00f8rskolebarn logopediske tjenester 0-100 \u00e5r Enheten skal sikre at [&hellip;]<\/p>\n","protected":false},"author":2,"featured_media":0,"parent":30,"menu_order":57,"comment_status":"closed","ping_status":"closed","template":"","meta":[],"acf":[],"_links":{"self":[{"href":"https:\/\/aarsrapport.kristiansund.kommune.no\/2017\/wp-json\/wp\/v2\/pages\/115"}],"collection":[{"href":"https:\/\/aarsrapport.kristiansund.kommune.no\/2017\/wp-json\/wp\/v2\/pages"}],"about":[{"href":"https:\/\/aarsrapport.kristiansund.kommune.no\/2017\/wp-json\/wp\/v2\/types\/page"}],"author":[{"embeddable":true,"href":"https:\/\/aarsrapport.kristiansund.kommune.no\/2017\/wp-json\/wp\/v2\/users\/2"}],"replies":[{"embeddable":true,"href":"https:\/\/aarsrapport.kristiansund.kommune.no\/2017\/wp-json\/wp\/v2\/comments?post=115"}],"version-history":[{"count":0,"href":"https:\/\/aarsrapport.kristiansund.kommune.no\/2017\/wp-json\/wp\/v2\/pages\/115\/revisions"}],"up":[{"embeddable":true,"href":"https:\/\/aarsrapport.kristiansund.kommune.no\/2017\/wp-json\/wp\/v2\/pages\/30"}],"wp:attachment":[{"href":"https:\/\/aarsrapport.kristiansund.kommune.no\/2017\/wp-json\/wp\/v2\/media?parent=115"}],"curies":[{"name":"wp","href":"https:\/\/api.w.org\/{rel}","templated":true}]}}