{"id":111,"date":"2016-05-20T13:02:08","date_gmt":"2016-05-20T11:02:08","guid":{"rendered":"http:\/\/ksu.wpengine.com\/ksu-2\/rammeomrader\/hjemmetjenester\/"},"modified":"2018-05-31T16:22:24","modified_gmt":"2018-05-31T14:22:24","slug":"hjemmetjenester","status":"publish","type":"page","link":"https:\/\/aarsrapport.kristiansund.kommune.no\/2017\/rammeomrader\/hjemmetjenester\/","title":{"rendered":"Hjemmetjenester"},"content":{"rendered":"<h2>Fakta<\/h2>\n<p>Rammeomr\u00e5det omfatter<\/p>\n<ul>\n<li>7 hjemmesykepleieroder<\/li>\n<li>2 bofelleskap<\/li>\n<li>BPA<\/li>\n<\/ul>\n<p>Tjenesten skal bidra til at kommunens innbyggere kan bo hjemme s\u00e5 lenge som mulig til tross for sykdom, funksjonshemming eller alderdomssvekkelse.<\/p>\n<h2>M\u00e5l og resultater<\/h2>\n<div class=\"table-explanation\">\n<p>Resultatgrense:<\/p>\n<div class=\"table-explanation-item\">\n<div class=\"teal\">\u2022<\/div>\n<p>\u00d8nsket resultat<\/p>\n<\/div>\n<div class=\"table-explanation-item\">\n<div class=\"orange\">\u2022<\/div>\n<p>Akseptabelt resultat<\/p>\n<\/div>\n<div class=\"table-explanation-item\">\n<div class=\"purple\">\u2022<\/div>\n<p>Uakseptabelt resultat<\/p>\n<\/div>\n<\/div>\n<h4 style=\"text-align: center;\">Unikt m\u00e5lekort \u2013 rammeomr\u00e5de kultur \u2013 fokusomr\u00e5de brukere<\/h4>\n<h4 style=\"text-align: center;\">Hovedm\u00e5l \u2013 Gode tjenester med fokus p\u00e5 kvalitet, tilgjengelighet og brukermedvirkning<\/h4>\n<table>\n<thead>\n<tr>\n<td width=\"155\">Suksessfaktor<\/p>\n<p>(delm\u00e5l)<\/td>\n<td style=\"text-align: left;\" width=\"113\">M\u00e5leindikator<\/td>\n<td style=\"text-align: right;\" width=\"67\">Resultat-krav<\/td>\n<td style=\"text-align: right;\" width=\"67\">Resultat 2015<\/td>\n<td style=\"text-align: right;\" width=\"67\">Resultat 2016<\/td>\n<td style=\"text-align: right;\" width=\"67\">Resultat 2017<\/td>\n<td style=\"text-align: left;\" width=\"135\">Kommentar<\/td>\n<\/tr>\n<\/thead>\n<tbody>\n<tr>\n<td rowspan=\"4\" width=\"155\">Optimal utnyttelse av hjemmetjenestene<\/td>\n<td style=\"text-align: left;\" width=\"113\">Registrert vedtakstid per uke<\/td>\n<td style=\"text-align: right;\" width=\"67\"><\/td>\n<td style=\"text-align: right;\" width=\"67\">4 285<\/td>\n<td style=\"text-align: right;\" width=\"67\">4\u00a0332<\/td>\n<td style=\"text-align: right;\" width=\"67\">4241<\/td>\n<td style=\"text-align: left;\" width=\"135\">Mer samsvar mellom vedtakstimer og \u00e5rsverk ved \u00e5rsskifte.<\/p>\n<p>Indirekte brukertid\/adm tid \u00f8ker (h\u00e5ndtering E-meldinger, utrykning trygghetsalarmer, telefonhenvendelser, dokumentasjon)<\/td>\n<\/tr>\n<tr>\n<td style=\"text-align: left;\" width=\"113\"><span class=\"tooltips \" style=\"\" title=\"Brukerstyrt personlig assistent\">BPA<\/span> per uke<\/td>\n<td style=\"text-align: right;\" width=\"67\"><\/td>\n<td style=\"text-align: right;\" width=\"67\">328<\/td>\n<td style=\"text-align: right;\" width=\"67\">607<\/td>\n<td style=\"text-align: right;\" width=\"67\">416<\/td>\n<td style=\"text-align: left;\" width=\"135\">Timer ved utgang av 2017, svingninger gjennom \u00e5ret. Tallgrunnlag fra 2016 noe usikre<\/td>\n<\/tr>\n<tr>\n<td style=\"text-align: left;\" width=\"113\"><span class=\"tooltips \" style=\"\" title=\"Personlig assistent\">PA<\/span> per uker<\/td>\n<td style=\"text-align: right;\" width=\"67\"><\/td>\n<td style=\"text-align: right;\" width=\"67\">73<\/td>\n<td style=\"text-align: right;\" width=\"67\">144<\/td>\n<td style=\"text-align: right;\" width=\"67\">183<\/td>\n<td style=\"text-align: left;\" width=\"135\"><\/td>\n<\/tr>\n<tr>\n<td style=\"text-align: left;\" width=\"113\">Omsorgsl\u00f8nn<br \/>\nper uke<\/td>\n<td style=\"text-align: right;\" width=\"67\"><\/td>\n<td style=\"text-align: right;\" width=\"67\">535<\/td>\n<td style=\"text-align: right;\" width=\"67\">506<\/td>\n<td style=\"text-align: right;\" width=\"67\">340<\/td>\n<td style=\"text-align: left;\" width=\"135\">100 t knyttet til en bruker, samt flere med f\u00e6rre timer falt fra v\/slutten av \u00e5ret. Ellers svingninger gjennom \u00e5ret som ikke blir fanget opp i rapportgrunnlag<\/td>\n<\/tr>\n<tr>\n<td rowspan=\"3\" width=\"155\">H\u00f8y faglig kvalitet p\u00e5 alle hjemmetjenester<\/td>\n<td style=\"text-align: left;\" width=\"113\">Antall avvik medisinh\u00e5ndtering<\/td>\n<td style=\"text-align: right;\" width=\"67\">100<\/td>\n<td style=\"background-color: #ece9f2; text-align: right;\" width=\"67\">392<\/td>\n<td style=\"background-color: #ece9f2; text-align: right;\" width=\"67\">335<\/td>\n<td style=\"background-color: #ece9f2; text-align: right;\" width=\"67\">357<\/td>\n<td style=\"text-align: left;\" width=\"135\">Ansatte har blitt flinkere til \u00e5 registrere avvik<\/p>\n<p>Avvik er knyttet til alle ledd i legemidddelh\u00e5ndteringen, ogs\u00e5 samarbeidende parter.<\/p>\n<p>Prosedyrer ferdigstilt v\u00e5r 2017 og gjort tilgjengelig i Losen for alle<\/p>\n<p>Oppl\u00e6ring medio 2017 (154 ansatte gjennomf\u00f8rt)<\/p>\n<p>Nedgang opp mot 50 % p\u00e5 de fleste roder etter oppl\u00e6ring<\/p>\n<p>&nbsp;<\/td>\n<\/tr>\n<tr>\n<td style=\"text-align: left;\" width=\"113\">Antall legemiddel-gjennomgang ihht veileder<\/td>\n<td style=\"text-align: right;\" width=\"67\">100 %<\/td>\n<td style=\"background-color: #ece9f2; text-align: right;\" width=\"67\">57 %<\/td>\n<td style=\"background-color: #ece9f2; text-align: right;\" width=\"67\">51\u00a0%<\/td>\n<td style=\"background-color: #ece9f2; text-align: right;\" width=\"67\">42%<\/td>\n<td style=\"text-align: left;\" width=\"135\">Overgang ny apotekavtale, avventet nye innmeldinger multidose til jan.18.<\/p>\n<p>10 %\u00a0 vurdert\/ gjennomf\u00f8rt LMG m\/farmas\u00f8yt\/lege\/spl<\/p>\n<p>Ny hovedregel fra 2018 \u2013 alle innmeldes i multidoseordning<\/p>\n<p>&nbsp;<\/td>\n<\/tr>\n<tr>\n<td style=\"text-align: left;\" width=\"113\">Tilfredshet<\/td>\n<td style=\"text-align: center;\" width=\"67\">&#8211;<\/td>\n<td style=\"text-align: center;\" width=\"67\">&#8211;<\/td>\n<td style=\"text-align: center;\" width=\"67\">&#8211;<\/td>\n<td style=\"text-align: right;\" width=\"67\"><\/td>\n<td style=\"text-align: left;\" width=\"135\">Ikke gjennomf\u00f8rt brukerunders\u00f8kelser.<\/td>\n<\/tr>\n<\/tbody>\n<\/table>\n<h2>Utfordringer og planer<\/h2>\n<p>R\u00e5dmannen vil tilby differensierte tilbud til mennesker med omfattende og komplekse omsorgsbehov.<\/p>\n<p>Det skal<\/p>\n<ul>\n<li>v\u00e6re fokus p\u00e5 tidlig innsats med rehabilitering og mestring i tverrfaglige tilbud for \u00e5 unng\u00e5 innleggelse i sykehjem<\/li>\n<li>gjennomf\u00f8res omfattende innsats knyttet til trygg legemiddelh\u00e5ndtering<\/li>\n<li>startes et arbeid med \u00e5 forbedre tjenestene til hjemmeboende personer med demens i regi av\u00a0utviklingssenteret og demensteamet<\/li>\n<li>gjennomf\u00f8res et st\u00f8rre arbeid knyttet til \u00ablivets siste dager\u00bb i regi av kreftkoordinator<\/li>\n<\/ul>\n<p>I samhandlingen med helseforetaket skal det arbeides med pasientforl\u00f8pet for den eldre multisyke pasient.<\/p>\n<p><a href=\"http:\/\/aarsrapport.kristiansund.kommune.no\/2017\/wp-content\/uploads\/sites\/10\/2018\/05\/Mottakere_67_og_eldre.png\"><img decoding=\"async\" loading=\"lazy\" class=\"alignnone size-large wp-image-911\" src=\"http:\/\/aarsrapport.kristiansund.kommune.no\/2017\/wp-content\/uploads\/sites\/10\/2018\/05\/Mottakere_67_og_eldre-1024x650.png\" alt=\"\" width=\"1024\" height=\"650\" srcset=\"https:\/\/aarsrapport.kristiansund.kommune.no\/2017\/wp-content\/uploads\/sites\/10\/2018\/05\/Mottakere_67_og_eldre-1024x650.png 1024w, https:\/\/aarsrapport.kristiansund.kommune.no\/2017\/wp-content\/uploads\/sites\/10\/2018\/05\/Mottakere_67_og_eldre-300x190.png 300w, https:\/\/aarsrapport.kristiansund.kommune.no\/2017\/wp-content\/uploads\/sites\/10\/2018\/05\/Mottakere_67_og_eldre-768x488.png 768w, https:\/\/aarsrapport.kristiansund.kommune.no\/2017\/wp-content\/uploads\/sites\/10\/2018\/05\/Mottakere_67_og_eldre.png 1969w\" sizes=\"(max-width: 1024px) 100vw, 1024px\" \/><\/a><\/p>\n<h6><em>Mottakere av hjemmetjenester for eldre (67 \u00e5r +) har v\u00e6rt noks\u00e5 stabil i perioden. Halvparten av mottakerne av hjemmetjenester er eldre og disse mottar om lag en tredjedel av antall tildelte timer i hjemmetjenesten. Dette er tilsvarende andel som i 2013. Den h\u00f8ye andelen av timer til yngre (0-66 \u00e5r), sees i sammenheng med at kommunen har f\u00e5tt ansvar for \u00e5 yte tjenester til stadig flere yngre brukere som f\u00f8lge av opptrappingsplaner og reformer.<\/em><\/h6>\n","protected":false},"excerpt":{"rendered":"<p>Fakta Rammeomr\u00e5det omfatter 7 hjemmesykepleieroder 2 bofelleskap BPA Tjenesten skal bidra til at kommunens innbyggere kan bo hjemme s\u00e5 lenge som mulig til tross for sykdom, funksjonshemming eller alderdomssvekkelse. M\u00e5l og resultater Resultatgrense: \u2022 \u00d8nsket resultat \u2022 Akseptabelt resultat \u2022 Uakseptabelt resultat Unikt m\u00e5lekort \u2013 rammeomr\u00e5de kultur \u2013 fokusomr\u00e5de brukere Hovedm\u00e5l \u2013 Gode tjenester med [&hellip;]<\/p>\n","protected":false},"author":2,"featured_media":0,"parent":30,"menu_order":43,"comment_status":"closed","ping_status":"closed","template":"","meta":[],"acf":[],"_links":{"self":[{"href":"https:\/\/aarsrapport.kristiansund.kommune.no\/2017\/wp-json\/wp\/v2\/pages\/111"}],"collection":[{"href":"https:\/\/aarsrapport.kristiansund.kommune.no\/2017\/wp-json\/wp\/v2\/pages"}],"about":[{"href":"https:\/\/aarsrapport.kristiansund.kommune.no\/2017\/wp-json\/wp\/v2\/types\/page"}],"author":[{"embeddable":true,"href":"https:\/\/aarsrapport.kristiansund.kommune.no\/2017\/wp-json\/wp\/v2\/users\/2"}],"replies":[{"embeddable":true,"href":"https:\/\/aarsrapport.kristiansund.kommune.no\/2017\/wp-json\/wp\/v2\/comments?post=111"}],"version-history":[{"count":0,"href":"https:\/\/aarsrapport.kristiansund.kommune.no\/2017\/wp-json\/wp\/v2\/pages\/111\/revisions"}],"up":[{"embeddable":true,"href":"https:\/\/aarsrapport.kristiansund.kommune.no\/2017\/wp-json\/wp\/v2\/pages\/30"}],"wp:attachment":[{"href":"https:\/\/aarsrapport.kristiansund.kommune.no\/2017\/wp-json\/wp\/v2\/media?parent=111"}],"curies":[{"name":"wp","href":"https:\/\/api.w.org\/{rel}","templated":true}]}}