{"id":106,"date":"2016-05-20T13:02:08","date_gmt":"2016-05-20T11:02:08","guid":{"rendered":"http:\/\/ksu.wpengine.com\/ksu-2\/rammeomrader\/grunnskoler\/"},"modified":"2018-05-25T09:31:42","modified_gmt":"2018-05-25T07:31:42","slug":"grunnskoler","status":"publish","type":"page","link":"https:\/\/aarsrapport.kristiansund.kommune.no\/2017\/rammeomrader\/grunnskoler\/","title":{"rendered":"Grunnskoler"},"content":{"rendered":"<h2>Fakta<\/h2>\n<p>Rammeomr\u00e5det omfatter<\/p>\n<ul>\n<li>9 barneskoler med skolefritidsordning. En skole har 3 innf\u00f8ringsgrupper for barn med minoritetsspr\u00e5klig bakgrunn. En skole har forsterket skoletilbud<\/li>\n<li>3 ungdomsskoler. En av disse med 2 innf\u00f8ringsgrupper og forsterket skoletilbud.<\/li>\n<li>voksenoppl\u00e6ring<\/li>\n<\/ul>\n<p>Tjenesten skal legge til rette for et godt og tjenlig grunnskoletilbud som sikrer elevene gode basiskunnskaper og grunnleggende ferdigheter.<\/p>\n<h2>M\u00e5l og resultater<\/h2>\n<div class=\"table-explanation\">\n<p>Resultatgrense:<\/p>\n<div class=\"table-explanation-item\">\n<div class=\"teal\">\u2022<\/div>\n<p>\u00d8nsket resultat<\/p>\n<\/div>\n<div class=\"table-explanation-item\">\n<div class=\"orange\">\u2022<\/div>\n<p>Akseptabelt resultat<\/p>\n<\/div>\n<div class=\"table-explanation-item\">\n<div class=\"purple\">\u2022<\/div>\n<p>Uakseptabelt resultat<\/p>\n<\/div>\n<\/div>\n<h4>Unikt m\u00e5lekort &#8211; rammeomr\u00e5de grunnskoler &#8211; fokusomr\u00e5de brukere<\/h4>\n<h4>Hovedm\u00e5l &#8211; Gode tjenester med fokus p\u00e5 kvalitet, tilgjengelighet og brukermedvirkning<\/h4>\n<table style=\"width: 1087px;\">\n<thead>\n<tr>\n<th style=\"background-color: #f9f9f9; width: 298px;\" bgcolor=\"#bfbfbf\">Suksessfaktor (delm\u00e5l)<\/th>\n<th style=\"background-color: #f9f9f9; text-align: left; width: 134px;\" bgcolor=\"#bfbfbf\">M\u00e5leindikator<\/th>\n<th style=\"background-color: #f9f9f9; width: 147px;\" bgcolor=\"#bfbfbf\">Resultat-krav<\/th>\n<th style=\"background-color: #f9f9f9; width: 69px;\" bgcolor=\"#bfbfbf\">Resultat 2015<\/th>\n<th style=\"background-color: #f9f9f9; width: 174px;\" bgcolor=\"#bfbfbf\">Resultat 2016<\/th>\n<th style=\"background-color: #f9f9f9; width: 70px;\" bgcolor=\"#bfbfbf\">Resultat 2017<\/th>\n<th style=\"background-color: #f9f9f9; text-align: left; width: 153px;\" bgcolor=\"#bfbfbf\">Kommentar<\/th>\n<\/tr>\n<\/thead>\n<tbody>\n<tr>\n<td style=\"width: 298px;\" rowspan=\"3\"><span class=\"tooltips \" style=\"\" title=\"Resultatet er et snitt fra lesing, regning og engelsk. Varierer mellom fag og skoler.\">L\u00e6ringsutbytte<\/span>\u00a0&#8211;<br \/>\nelevenes faglige resultater skal ligge stabilt p\u00e5 niv\u00e5 over landsgjennomsnittet<\/td>\n<td style=\"text-align: left; width: 134px;\">Nasjonale pr\u00f8ver, 5. trinn<\/td>\n<td style=\"width: 147px;\">&gt; lands-snitt<\/td>\n<td style=\"background-color: #f4f9f8; width: 69px;\" bgcolor=\"#8dc182\">51,1<\/td>\n<td style=\"background-color: #f4f9f8; width: 174px;\" bgcolor=\"#8dc182\">50,6<\/td>\n<td style=\"background-color: #f4f9f8; width: 70px;\" bgcolor=\"#8dc182\">50,8<\/td>\n<td style=\"text-align: left; width: 153px;\">Resultatet viser en liten oppgang fra 2016, og ligger over landsgjennomsnittet.<\/td>\n<\/tr>\n<tr>\n<td style=\"text-align: left; width: 134px;\">Nasjonale pr\u00f8ver, 8. trinn<\/td>\n<td style=\"width: 147px;\">&gt; lands-snitt<\/td>\n<td style=\"background-color: #ece9f2; width: 69px;\" bgcolor=\"#d86b77\">51,2<\/td>\n<td style=\"background-color: #ece9f2; width: 174px;\" bgcolor=\"#8dc182\">49,6<\/td>\n<td style=\"background-color: #ece9f2; width: 70px;\" bgcolor=\"#d86b77\">48,9<\/td>\n<td style=\"text-align: left; width: 153px;\">Resultatet viser nedgang fra 2016 og ligger under landsgjennomsnittet.<\/td>\n<\/tr>\n<tr>\n<td style=\"text-align: left; width: 134px;\">Nasjonale pr\u00f8ver, 9. trinn<\/td>\n<td style=\"width: 147px;\">&gt; lands-snitt<\/td>\n<td style=\"background-color: #ece9f2; width: 69px;\" bgcolor=\"#d86b77\">53,1<\/td>\n<td style=\"background-color: #fcf7ee; width: 174px;\" bgcolor=\"#ffff66\">53<\/td>\n<td style=\"background-color: #fcf7ee; width: 70px;\" bgcolor=\"#ffff66\">51,4<\/td>\n<td style=\"text-align: left; width: 153px;\">Resultatet er fortsatt under landsgjennomsnitt. Kommunen er valgt ut som realfagskommune i 2018 og antar at resultatene vil \u00f8ke p\u00e5 sikt.<\/td>\n<\/tr>\n<tr>\n<td style=\"width: 298px;\">L\u00e6ringsmilj\u00f8 \u2013 redusere andel elever som opplever mobbing<\/td>\n<td style=\"text-align: left; width: 134px;\">Elevunders\u00f8kelsen for 7. og 10. trinn<\/td>\n<td style=\"width: 147px;\">5<br \/>\n(= 0 %)<\/td>\n<td style=\"background-color: #fcf7ee; width: 69px;\" bgcolor=\"#ffff66\">4,8<\/td>\n<td style=\"background-color: #fcf7ee; width: 174px;\" bgcolor=\"#ffff66\"><span class=\"tooltips \" style=\"\" title=\"I Elevunders\u00f8kelsen for 2016 har direktoratet endret og lagt til sp\u00f8rsm\u00e5l om mobbing&lt;br \/&gt;\nsamt fjernet sp\u00f8rsm\u00e5lene om krenkelser. Resultatene om mobbing kan derfor ikke direkte sammenliknes med&lt;br \/&gt;\nresultatene fra tidligere \u00e5r.\">4,7<\/span><\/td>\n<td style=\"background-color: #fcf7ee; width: 70px;\" bgcolor=\"#ffff66\">9,6%<\/td>\n<td style=\"text-align: left; width: 153px;\">4 elever i utvalget oppgir \u00e5 bli mobbet ca en gang i uken. Resultatet som viser antallet for flere gang i uken er prikket. Alle ungdomsskolene er MOT-skoler. Barneskolene har egne trivselsprogram. Alle skolene jobber aktivt med skolemilj\u00f8\/l\u00e6ringsmilj\u00f8. 3 av v\u00e5re skoler deltar i pulje 4 av l\u00e6ringsmilj\u00f8satsingen.<\/td>\n<\/tr>\n<tr>\n<td style=\"width: 298px;\" rowspan=\"4\">Redusere andel elever med enkeltvedtak om spesial-undervisning ned mot landsgjennomsnittet<\/td>\n<td style=\"text-align: left; width: 134px;\">Antall enkeltvedtak<\/td>\n<td style=\"width: 147px;\">&lt; 8,3 %<\/td>\n<td style=\"background-color: #fcf7ee; width: 69px;\" bgcolor=\"#ffff66\">9,3 %<\/td>\n<td style=\"background-color: #fcf7ee; width: 174px;\" bgcolor=\"#ffff66\">9,4 %<\/td>\n<td style=\"background-color: #fcf7ee; width: 70px;\" bgcolor=\"#ffff66\"><\/td>\n<td style=\"text-align: left; width: 153px;\">Resultatet viser en svak \u00f8kning fra 2016. Vi har fortsatt fokus p\u00e5 \u00e5 redusere omfanget av spesialundervisning, og styrke ordin\u00e6r tilrettelagt undervisning. Kommunen er tildelt sentrale midler for tidlig innsats ogs\u00e5 i 2017.<\/td>\n<\/tr>\n<tr>\n<td style=\"text-align: left; width: 134px;\">Obligatorisk kartleggingspr\u00f8ve, lesing 3. trinn<\/td>\n<td style=\"width: 147px;\"><span class=\"tooltips \" style=\"\" title=\"Nasjonal bekymringsgrense er satt til 20 %.\">&lt; 15,0 %<\/span><\/td>\n<td style=\"background-color: #fcf7ee; width: 69px;\" bgcolor=\"#ffff66\">16,1 %<\/td>\n<td style=\"background-color: #ece9f2; width: 174px;\" bgcolor=\"#ffff66\">23,6 %<\/td>\n<td style=\"background-color: #ece9f2; width: 70px;\" bgcolor=\"#d86b77\">22,8%<\/td>\n<td style=\"text-align: left; width: 153px;\" rowspan=\"2\">Samsvarende satsningsomr\u00e5der i barnehage og skole, gode overgangsplaner og tidlig innsats i sm\u00e5skolen.<\/td>\n<\/tr>\n<tr>\n<td style=\"text-align: left; width: 134px;\">Obligatorisk kartleggingspr\u00f8ve, regning 3. trinn<\/td>\n<td style=\"width: 147px;\"><span class=\"tooltips \" style=\"\" title=\"Nasjonal bekymringsgrense er satt til 20 %.\">&lt; 15,0 %<\/span><\/td>\n<td style=\"background-color: #fcf7ee; width: 69px;\" bgcolor=\"#8dc182\">17,95 %<\/td>\n<td style=\"background-color: #f4f9f8; width: 174px;\" bgcolor=\"#ffff66\">12,5 %<\/td>\n<td style=\"background-color: #f4f9f8; width: 70px;\" bgcolor=\"#8dc182\">14,5%<\/td>\n<\/tr>\n<tr>\n<td style=\"text-align: left; width: 134px;\">Obligatorisk kartleggingspr\u00f8ve, engelsk 3. trinn<\/td>\n<td style=\"width: 147px;\"><span class=\"tooltips \" style=\"\" title=\"Nasjonal bekymringsgrense er satt til 20 %.\">&lt; 15,0 %<\/span><\/td>\n<td style=\"background-color: #ffffff; text-align: center; width: 69px;\" bgcolor=\"#8dc182\">&#8211;<\/td>\n<td style=\"width: 174px;\">\n<p align=\"center\">&#8211;<\/p>\n<\/td>\n<td style=\"background-color: #ece9f2; width: 70px;\">\n<p style=\"text-align: left;\" align=\"center\">21,4%<\/p>\n<\/td>\n<td style=\"text-align: left; width: 153px;\"><\/td>\n<\/tr>\n<tr>\n<td style=\"width: 298px;\">Ingen skoler skal ha avvik i forhold til forskrift for milj\u00f8-rettet helsevern<\/td>\n<td style=\"text-align: left; width: 134px;\">Antall avvik<\/td>\n<td style=\"width: 147px;\">0<\/td>\n<td style=\"background-color: #ece9f2; width: 69px;\" bgcolor=\"#d86b77\">7<\/td>\n<td style=\"background-color: #ece9f2; width: 174px;\" bgcolor=\"#d86b77\">7<\/td>\n<td style=\"background-color: #ece9f2; width: 70px;\" bgcolor=\"#d86b77\">7<\/td>\n<td style=\"text-align: left; width: 153px;\">Rettefrist overskredet for 7 avvik.<\/td>\n<\/tr>\n<\/tbody>\n<\/table>\n<h2><\/h2>\n<hr \/>\n<h3 style=\"text-align: center;\">Spesialundervisning<\/h3>\n<div id=\"attachment_919\" style=\"width: 1034px\" class=\"wp-caption alignnone\"><a href=\"http:\/\/aarsrapport.kristiansund.kommune.no\/2017\/wp-content\/uploads\/sites\/10\/2018\/05\/Spesialundervisning.png\"><img aria-describedby=\"caption-attachment-919\" decoding=\"async\" loading=\"lazy\" class=\"wp-image-919 size-large\" src=\"http:\/\/aarsrapport.kristiansund.kommune.no\/2017\/wp-content\/uploads\/sites\/10\/2018\/05\/Spesialundervisning-1024x650.png\" alt=\"\" width=\"1024\" height=\"650\" srcset=\"https:\/\/aarsrapport.kristiansund.kommune.no\/2017\/wp-content\/uploads\/sites\/10\/2018\/05\/Spesialundervisning-1024x650.png 1024w, https:\/\/aarsrapport.kristiansund.kommune.no\/2017\/wp-content\/uploads\/sites\/10\/2018\/05\/Spesialundervisning-300x190.png 300w, https:\/\/aarsrapport.kristiansund.kommune.no\/2017\/wp-content\/uploads\/sites\/10\/2018\/05\/Spesialundervisning-768x488.png 768w, https:\/\/aarsrapport.kristiansund.kommune.no\/2017\/wp-content\/uploads\/sites\/10\/2018\/05\/Spesialundervisning.png 1969w\" sizes=\"(max-width: 1024px) 100vw, 1024px\" \/><\/a><p id=\"caption-attachment-919\" class=\"wp-caption-text\">Antall elever med spesialundervisning varierer fra \u00e5r til \u00e5r. I 2012 var antallet 290 elever, mens det i 2017 kan rapporteres 275 elever i Kristiansundsskolen som mottar spesialundervisning. Vi ser at \u00f8kningen skjer p\u00e5 barnetrinnet, mens det p\u00e5 ungdomstrinnet er nedgang. Nedgangen sees i sammenheng med en grundigere kartlegging av elevene og hva skolen kan tilby, f\u00f8r det avgj\u00f8res om elevene skal f\u00e5 spesialundervisning. Videre har \u00f8kt fokus p\u00e5 tilpasset oppl\u00e6ring og tidlig innsats v\u00e6rt med p\u00e5 \u00e5 redusere antallet fra 2012. Systematisk arbeid p\u00e5 barnetrinnet har ogs\u00e5 betydning for reduksjonen p\u00e5 ungdomstrinnet. <\/p>\n<p> Fordelingen av enkeltvedtak er henholdsvis 123 gutter og 54 jenter p\u00e5 barneskolen, og 67 gutter og 31 jenter p\u00e5 ungdomsskolen i 2017<\/p><\/div>\n<div class=\"table-description\">\n<p>&nbsp;<\/p>\n<\/div>\n<h2>Utfordringer og planer<\/h2>\n<p>R\u00e5dmannen vil at det grunnleggende tilbudet i grunnskolen i form av ordin\u00e6r og tilpasset oppl\u00e6ring, skal underst\u00f8ttes som den viktigste b\u00e6rebjelken i det samlede tilbudet. Fastsatte kvalitetsm\u00e5l skal opprettholdes, med fokus p\u00e5 l\u00e6ringsutbytte og l\u00e6ringsmilj\u00f8.<\/p>\n<p>Det skal i 2018 arbeides med og ferdigstilles ny felles oppvekstplan. Det er ansatt prosjektleder i arbeidet med ny skolestruktur.<\/p>\n","protected":false},"excerpt":{"rendered":"<p>Fakta Rammeomr\u00e5det omfatter 9 barneskoler med skolefritidsordning. En skole har 3 innf\u00f8ringsgrupper for barn med minoritetsspr\u00e5klig bakgrunn. En skole har forsterket skoletilbud 3 ungdomsskoler. En av disse med 2 innf\u00f8ringsgrupper og forsterket skoletilbud. voksenoppl\u00e6ring Tjenesten skal legge til rette for et godt og tjenlig grunnskoletilbud som sikrer elevene gode basiskunnskaper og grunnleggende ferdigheter. M\u00e5l og [&hellip;]<\/p>\n","protected":false},"author":2,"featured_media":0,"parent":30,"menu_order":31,"comment_status":"closed","ping_status":"closed","template":"","meta":[],"acf":[],"_links":{"self":[{"href":"https:\/\/aarsrapport.kristiansund.kommune.no\/2017\/wp-json\/wp\/v2\/pages\/106"}],"collection":[{"href":"https:\/\/aarsrapport.kristiansund.kommune.no\/2017\/wp-json\/wp\/v2\/pages"}],"about":[{"href":"https:\/\/aarsrapport.kristiansund.kommune.no\/2017\/wp-json\/wp\/v2\/types\/page"}],"author":[{"embeddable":true,"href":"https:\/\/aarsrapport.kristiansund.kommune.no\/2017\/wp-json\/wp\/v2\/users\/2"}],"replies":[{"embeddable":true,"href":"https:\/\/aarsrapport.kristiansund.kommune.no\/2017\/wp-json\/wp\/v2\/comments?post=106"}],"version-history":[{"count":0,"href":"https:\/\/aarsrapport.kristiansund.kommune.no\/2017\/wp-json\/wp\/v2\/pages\/106\/revisions"}],"up":[{"embeddable":true,"href":"https:\/\/aarsrapport.kristiansund.kommune.no\/2017\/wp-json\/wp\/v2\/pages\/30"}],"wp:attachment":[{"href":"https:\/\/aarsrapport.kristiansund.kommune.no\/2017\/wp-json\/wp\/v2\/media?parent=106"}],"curies":[{"name":"wp","href":"https:\/\/api.w.org\/{rel}","templated":true}]}}