{"id":105,"date":"2016-05-20T13:02:08","date_gmt":"2016-05-20T11:02:08","guid":{"rendered":"http:\/\/ksu.wpengine.com\/ksu-2\/rammeomrader\/pp-tjenesten\/"},"modified":"2018-05-24T15:55:09","modified_gmt":"2018-05-24T13:55:09","slug":"pedagogisk-psykologisk-tjeneste","status":"publish","type":"page","link":"https:\/\/aarsrapport.kristiansund.kommune.no\/2017\/rammeomrader\/pedagogisk-psykologisk-tjeneste\/","title":{"rendered":"Pedagogisk psykologisk tjeneste"},"content":{"rendered":"<h2>Fakta<\/h2>\n<p>Rammeomr\u00e5det omfatter fire team<\/p>\n<ul>\n<li>f\u00f8rskole<\/li>\n<li>grunnskole<\/li>\n<li>videreg\u00e5ende skole<\/li>\n<li>veiledning<\/li>\n<\/ul>\n<p>Tjenesten er kommunens r\u00e5dgivende og sakkyndige instans vedr\u00f8rende spesialpedagogiske tiltak. Tjenesten skal sikre at barn og unge med s\u00e6rskilte behov m\u00f8ter et samfunn, en barnehage eller en skole som er tilpasset deres evner og forutsetninger.<\/p>\n<h2>M\u00e5l og resultater<\/h2>\n<div class=\"table-explanation\">\n<p>Resultatgrense:<\/p>\n<div class=\"table-explanation-item\">\n<div class=\"teal\">\u2022<\/div>\n<p>\u00d8nsket resultat<\/p>\n<\/div>\n<div class=\"table-explanation-item\">\n<div class=\"orange\">\u2022<\/div>\n<p>Akseptabelt resultat<\/p>\n<\/div>\n<div class=\"table-explanation-item\">\n<div class=\"purple\">\u2022<\/div>\n<p>Uakseptabelt resultat<\/p>\n<\/div>\n<\/div>\n<h4>Unikt m\u00e5lekort &#8211; rammeomr\u00e5de ppt &#8211; fokusomr\u00e5de brukere<\/h4>\n<h4>Hovedm\u00e5l &#8211; Gode tjenester med fokus p\u00e5 kvalitet, tilgjengelighet og brukermedvirkning<\/h4>\n<table width=\"902\" cellspacing=\"0\" cellpadding=\"10\">\n<thead>\n<tr>\n<th style=\"background-color: #f9f9f9;\" bgcolor=\"#bfbfbf\" width=\"187\" height=\"8\">Suksessfaktor<\/p>\n<p>(delm\u00e5l)<\/th>\n<th style=\"background-color: #f9f9f9; text-align: left;\" valign=\"top\" bgcolor=\"#bfbfbf\" width=\"132\">M\u00e5leindikator<\/th>\n<th style=\"background-color: #f9f9f9;\" valign=\"top\" bgcolor=\"#bfbfbf\" width=\"70\">\n<p align=\"right\">Resultat-krav<\/p>\n<\/th>\n<th style=\"background-color: #f9f9f9;\" valign=\"top\" bgcolor=\"#bfbfbf\" width=\"70\">\n<p align=\"right\">Resultat 2015<\/p>\n<\/th>\n<th style=\"background-color: #f9f9f9;\" valign=\"top\" bgcolor=\"#bfbfbf\" width=\"70\">\n<p align=\"right\">Resultat 2016<\/p>\n<\/th>\n<th style=\"background-color: #f9f9f9;\" valign=\"top\" bgcolor=\"#bfbfbf\" width=\"70\">\n<p align=\"right\">Resultat 2017<\/p>\n<\/th>\n<th style=\"background-color: #f9f9f9; text-align: left;\" valign=\"top\" bgcolor=\"#bfbfbf\" width=\"160\">Kommentar<\/th>\n<\/tr>\n<\/thead>\n<colgroup>\n<col width=\"187\" \/>\n<col width=\"132\" \/>\n<col width=\"70\" \/>\n<col width=\"70\" \/>\n<col width=\"70\" \/>\n<col width=\"70\" \/>\n<col width=\"160\" \/> <\/colgroup>\n<tbody>\n<tr valign=\"top\">\n<td rowspan=\"2\" width=\"187\" height=\"5\">Gi barn gode oppvekstsvilk\u00e5r gjennom tverrfaglig samarbeid<\/td>\n<td style=\"text-align: left;\" width=\"132\">\u00d8ke r\u00e5d- og veiledningsarbeidet i barnehage\/ skole<\/td>\n<td width=\"70\">\n<p align=\"center\">&#8211;<\/p>\n<\/td>\n<td style=\"background-color: #f4f9f8; width: 70px;\" bgcolor=\"#8dc182\" width=\"70\"><\/td>\n<td style=\"background-color: #f4f9f8;\" bgcolor=\"#8dc182\" width=\"70\"><\/td>\n<td style=\"background-color: #f4f9f8;\" bgcolor=\"#8dc182\" width=\"70\"><\/td>\n<td style=\"text-align: left;\" bgcolor=\"#ffffff\" width=\"160\">Veiledningsteamet blir mye brukt av b\u00e5de skoler og barnehager. I tillegg har r\u00e5dgiverne generelt \u00f8kt fokus p\u00e5 systemrettet arbeid.<\/td>\n<\/tr>\n<tr valign=\"top\">\n<td style=\"text-align: left;\" width=\"132\"><span class=\"tooltips \" style=\"\" title=\"Omfatter alle fire kommunene som utgj\u00f8r PPT Ytre Nordm\u00f8re\">Redusere antall oppmeldinger<\/span><\/td>\n<td width=\"70\">\n<p align=\"right\">Reduksjon<\/p>\n<\/td>\n<td style=\"background-color: #fcf7ee; width: 70px;\" bgcolor=\"#d86b77\" width=\"70\">\n<p align=\"right\">272<\/p>\n<\/td>\n<td style=\"background-color: #ece9f2; width: 70px;\" bgcolor=\"#ffff66\" width=\"70\">\n<p align=\"right\">289<\/p>\n<\/td>\n<td style=\"background-color: #ece9f2; width: 70px;\" bgcolor=\"#d86b77\" width=\"70\">\n<p align=\"right\">294<\/p>\n<\/td>\n<td style=\"text-align: left;\" bgcolor=\"#ffffff\" width=\"160\">Elever med vedtak om spesialundervisning i Kristiansund kommune har \u00f8kt fra 9,4 % i 2016 til 9,6 % i 2017. Antall nyhenvisninger til PPT fra samtlige eierkommuner \u00f8kte med totalt 5 saker, fra 289 til 294, inkludert f\u00f8rskole og videreg\u00e5ende skole. 36 av disse henvisningene kom fra videreg\u00e5ende skole, en \u00f8kning p\u00e5 13 saker fra 2016. Det vil si at det var en liten nedgang i antall henvisninger fra grunnskole og f\u00f8rskole i 2017.<\/p>\n<p>Antall aktive saker totalt er redusert med 4 %.<\/td>\n<\/tr>\n<tr valign=\"top\">\n<td rowspan=\"2\" width=\"187\" height=\"5\">Gi barn med spesielle behov hjelp til rett tid<\/td>\n<td style=\"text-align: left;\" width=\"132\">Styrke arbeidet i barnehagene<\/td>\n<td width=\"70\">\n<p align=\"center\">&#8211;<\/p>\n<\/td>\n<td style=\"background-color: #f4f9f8;\" bgcolor=\"#8dc182\" width=\"70\"><\/td>\n<td style=\"background-color: #f4f9f8;\" bgcolor=\"#8dc182\" width=\"70\"><\/td>\n<td style=\"background-color: #f4f9f8;\" bgcolor=\"#8dc182\" width=\"70\"><\/td>\n<td style=\"text-align: left;\" bgcolor=\"#ffffff\" width=\"160\">Avsluttet f\u00f8rskoleprosjektet. Prosjektet fant store forskjeller mellom barnehagene ut fra en rekke kvalitetskriterier. Tett oppf\u00f8lging gjennom prosjektperioden kunne vise til positive endringer i hvordan barnehagene organiserer og ut\u00f8ver pedagogisk ledelse.<\/p>\n<p>Et delprosjekt med fokus p\u00e5 mobbing i barnehagen videref\u00f8res i 2017.<\/td>\n<\/tr>\n<tr valign=\"top\">\n<td style=\"text-align: left;\" width=\"132\">Styrke veilednings-kapasitet p\u00e5 mindre problematikk<\/td>\n<td width=\"70\">\n<p align=\"center\">&#8211;<\/p>\n<\/td>\n<td style=\"background-color: #f4f9f8;\" bgcolor=\"#8dc182\" width=\"70\"><\/td>\n<td style=\"background-color: #f4f9f8;\" bgcolor=\"#8dc182\" width=\"70\"><\/td>\n<td style=\"background-color: #f4f9f8;\" bgcolor=\"#8dc182\" width=\"70\"><\/td>\n<td style=\"text-align: left;\" bgcolor=\"#ffffff\" width=\"160\">Veiledningstemaet fullf\u00f8rte ett\u00e5rig kompetanseprogram knyttet til mobbing for skolene. Programmet samlet 120 deltagere fra alle skolene. Veiledningsteamet gjennomf\u00f8rte i tillegg kurs om temaet for alle ansatte i skolene h\u00f8sten 2017.<\/td>\n<\/tr>\n<tr valign=\"top\">\n<td width=\"187\" height=\"3\">Gi barn med spesielle behov hjelp til rett tid<\/td>\n<td style=\"text-align: left;\" width=\"132\">Sakkyndig vurdering skal v\u00e6re gjennom-f\u00f8rt innen 3 m\u00e5neder etter oppmelding<\/td>\n<td width=\"70\">\n<p align=\"right\">\u2264 3 mnd<\/p>\n<\/td>\n<td style=\"background-color: #fcf7ee; width: 70px;\" bgcolor=\"#ffff66\" width=\"70\">\n<p align=\"right\">&gt; 3 mnd<\/p>\n<\/td>\n<td style=\"background-color: #fcf7ee; width: 70px;\" bgcolor=\"#ffff66\" width=\"70\">\n<p align=\"right\">&gt; 3 mnd<\/p>\n<\/td>\n<td style=\"background-color: #fcf7ee; width: 70px;\" bgcolor=\"#ffff66\" width=\"70\">\n<p align=\"right\">&gt; 3 mnd<\/p>\n<\/td>\n<td style=\"text-align: left;\" bgcolor=\"#ffffff\" width=\"160\">Behandlingstiden for barn i f\u00f8rskolealder ligger hovedsakelig innenfor m\u00e5let p\u00e5 3 mnd, mens behandlingstiden for barna i grunnskolen ligger n\u00e6rt opp til m\u00e5let for de fleste kommunene.<\/td>\n<\/tr>\n<\/tbody>\n<\/table>\n<h2><\/h2>\n<hr \/>\n<h3 style=\"text-align: center;\"><span class=\"tooltips \" style=\"\" title=\"Antall aktive saker omfatter alle kommunene i samarbeidet\">Aktive saker<\/span><\/h3>\n<div id=\"attachment_889\" style=\"width: 1034px\" class=\"wp-caption alignnone\"><a href=\"http:\/\/aarsrapport.kristiansund.kommune.no\/2017\/wp-content\/uploads\/sites\/10\/2018\/05\/Aktive_saker.png\"><img aria-describedby=\"caption-attachment-889\" decoding=\"async\" loading=\"lazy\" class=\"wp-image-889 size-large\" src=\"http:\/\/aarsrapport.kristiansund.kommune.no\/2017\/wp-content\/uploads\/sites\/10\/2018\/05\/Aktive_saker-1024x650.png\" alt=\"\" width=\"1024\" height=\"650\" srcset=\"https:\/\/aarsrapport.kristiansund.kommune.no\/2017\/wp-content\/uploads\/sites\/10\/2018\/05\/Aktive_saker-1024x650.png 1024w, https:\/\/aarsrapport.kristiansund.kommune.no\/2017\/wp-content\/uploads\/sites\/10\/2018\/05\/Aktive_saker-300x190.png 300w, https:\/\/aarsrapport.kristiansund.kommune.no\/2017\/wp-content\/uploads\/sites\/10\/2018\/05\/Aktive_saker-768x488.png 768w, https:\/\/aarsrapport.kristiansund.kommune.no\/2017\/wp-content\/uploads\/sites\/10\/2018\/05\/Aktive_saker.png 1969w\" sizes=\"(max-width: 1024px) 100vw, 1024px\" \/><\/a><p id=\"caption-attachment-889\" class=\"wp-caption-text\">Antall aktive saker varierer fra \u00e5r til \u00e5r, og sammenlignet med 2016 viser tallene for 2017 en nedgang p\u00e5 43 saker, tilsvarende 4 %. Nedgangen i antall saker fordeler seg relativt jevnt over de tre kategoriene.<\/p><\/div>\n<h2>Utfordringer og planer<\/h2>\n<p>R\u00e5dmannen vil at PPT skal styrke sin veilederrolle i forhold til det ordin\u00e6re grunntilbudet i grunnskolene og barnehagene.<\/p>\n<p>Det skal gjennomf\u00f8res kompetansehevingskurs knyttet til hvordan man skal h\u00e5ndtere mobbing i barnehagene for alle kommunene i PPT for ytre Nordm\u00f8re.<\/p>\n","protected":false},"excerpt":{"rendered":"<p>Fakta Rammeomr\u00e5det omfatter fire team f\u00f8rskole grunnskole videreg\u00e5ende skole veiledning Tjenesten er kommunens r\u00e5dgivende og sakkyndige instans vedr\u00f8rende spesialpedagogiske tiltak. Tjenesten skal sikre at barn og unge med s\u00e6rskilte behov m\u00f8ter et samfunn, en barnehage eller en skole som er tilpasset deres evner og forutsetninger. M\u00e5l og resultater Resultatgrense: \u2022 \u00d8nsket resultat \u2022 Akseptabelt resultat [&hellip;]<\/p>\n","protected":false},"author":2,"featured_media":0,"parent":30,"menu_order":29,"comment_status":"closed","ping_status":"closed","template":"","meta":[],"acf":[],"_links":{"self":[{"href":"https:\/\/aarsrapport.kristiansund.kommune.no\/2017\/wp-json\/wp\/v2\/pages\/105"}],"collection":[{"href":"https:\/\/aarsrapport.kristiansund.kommune.no\/2017\/wp-json\/wp\/v2\/pages"}],"about":[{"href":"https:\/\/aarsrapport.kristiansund.kommune.no\/2017\/wp-json\/wp\/v2\/types\/page"}],"author":[{"embeddable":true,"href":"https:\/\/aarsrapport.kristiansund.kommune.no\/2017\/wp-json\/wp\/v2\/users\/2"}],"replies":[{"embeddable":true,"href":"https:\/\/aarsrapport.kristiansund.kommune.no\/2017\/wp-json\/wp\/v2\/comments?post=105"}],"version-history":[{"count":0,"href":"https:\/\/aarsrapport.kristiansund.kommune.no\/2017\/wp-json\/wp\/v2\/pages\/105\/revisions"}],"up":[{"embeddable":true,"href":"https:\/\/aarsrapport.kristiansund.kommune.no\/2017\/wp-json\/wp\/v2\/pages\/30"}],"wp:attachment":[{"href":"https:\/\/aarsrapport.kristiansund.kommune.no\/2017\/wp-json\/wp\/v2\/media?parent=105"}],"curies":[{"name":"wp","href":"https:\/\/api.w.org\/{rel}","templated":true}]}}