{"id":67,"date":"2016-05-20T12:58:06","date_gmt":"2016-05-20T10:58:06","guid":{"rendered":"http:\/\/ksu.wpengine.com\/ksu-2\/mal-og-resultater\/samferdsel\/"},"modified":"2017-05-24T13:23:08","modified_gmt":"2017-05-24T11:23:08","slug":"samferdsel","status":"publish","type":"page","link":"https:\/\/aarsrapport.kristiansund.kommune.no\/2016\/mal-og-resultater\/samferdsel\/","title":{"rendered":"Samferdsel"},"content":{"rendered":"<h2>M\u00e5l<\/h2>\n<p><strong>Kristiansund skal ha et godt utbygd, tilgjengelig, milj\u00f8vennlig og sikkert samferdselstilbud som styrker regional og lokal utvikling.<\/strong><\/p>\n<h3>Vi skal<\/h3>\n<ol>\n<li>Styrke samferdselstilbudet p\u00e5 Nordm\u00f8re i samarbeid med nabokommuner og andre myndigheter.<\/li>\n<li>Videreutvikle og forsterke Kristiansund som havneby og stamnetthavn gjennom Kristiansund og Nordm\u00f8re Havn.<\/li>\n<li>Bidra til videreutvikling av Kristiansund lufthavn og oppgradering av helikopterbasen.<\/li>\n<\/ol>\n<h2>Resultater<\/h2>\n<h3>Styrke samferdselstilbudet p\u00e5 Nordm\u00f8re<\/h3>\n<p>Utbedring av Rv. 70 mellom Tingvoll \u2011 Meisingset har p\u00e5g\u00e5tt i hele 2016. Byggingen vil bedre trafikksikkerheten og framkommeligheten p\u00e5 strekningen. Statens vegvesen fortsatte ogs\u00e5 planleggingen av veiprosjektet E39 fjordkryssing over Halsafjorden.<\/p>\n<p>Oppstart av bypakken for Kristiansund ble skj\u00f8vet ut i tid p\u00e5 grunn av manglende finansiering i nasjonal transportplan, men arbeidet med reguleringsplaner for ombygging av Rv. 70 ved Rensvik, og strekningen Seivikakrysset &#8211; Nordsundbrua fortsatte for fullt. Arbeidet er i regi av Statens vegvesen.<\/p>\n<p>Sundb\u00e5tselskapet har i l\u00f8pet av 2016 utredet anskaffelse og drift av ny batteridrevet sundb\u00e5t.<\/p>\n<div><\/div>\n<h3>Videreutvikle og forsterke Kristiansund som havneby og stamnetthavn<\/h3>\n<p>Arbeidet med ny sentrumsplan har kommet et godt stykke videre, blant annet med oppstart av planlegging for Devoldholmenomr\u00e5det som skal avklare forholdet mellom ny bolig- og n\u00e6ringsutbygging og Rv.\u00a070, kollektivtilbudet og havnevirksomheten.<\/p>\n<h3>Videreutvikle Kristiansund lufthavn og helikopterbase<\/h3>\n<p>Vi ga st\u00f8tte til prosjektet \u00abKvernberget s\u00e5 klart!\u00bb. Prosjektet skal skape positivt engasjement, \u00f8kt oppslutning og trafikkvekst ved Kristiansund lufthavn Kvernberget gjennom en holdningskampanje.<\/p>\n<h2>Utfordringer og planer<\/h2>\n<p>Statens vegvesen la i 2014 fram et forslag om bypakke for Kristiansund med en kostnadsramme p\u00e5 knapt 3\u00a0mrd.\u00a0kroner. I forslaget til Nasjonal transportplan er det ikke foresl\u00e5tt statsmidler til st\u00f8rre samferdselsprosjekter i Kristiansund eller p\u00e5 Nordm\u00f8re. Nasjonal transportplan skal vedtas i Stortinget v\u00e5ren 2017. Det arbeides politisk for \u00e5 f\u00e5 inn statsmidler for deler av samferdselsprosjektene. Samtidig arbeider kommunen for \u00e5 f\u00e5 gjennomf\u00f8rt &#8220;mindre tiltak&#8221; i dialog med Statens vegvesen. Dette gjelder trafikksikkerhetstiltak og andre tiltak som kan finansieres regionalt. Det vil i 2017 bli lagt fram forslag til revidert bypakke for Kristiansund for \u00e5 l\u00f8se de st\u00f8rste utfordringene knyttet til trafikkavvikling, -milj\u00f8 og -sikkerhet.<\/p>\n<p>Fylkeskommunen har foresl\u00e5tt et pilotprosjekt for bruk av elektrisk drevne bybusser, og kanskje hydrogenbusser p\u00e5 regionalstrekningene. Kommunens hovedplan for sykkel er vedtatt, og venter p\u00e5 midler for gjennomf\u00f8ring.<\/p>\n<p>Regionforst\u00f8rring og utvidelse av bo- og arbeidsmarkedsregionen er avhengig av gode samferdsels\u00adl\u00f8sninger. Ferjefri E39, med kryssing av Halsafjorden og Moldefjorden samt opprustet veisamband mellom Batnfjords\u00f8ra og Molde, vil endre reise-, handle- og pendlingsm\u00f8nsteret i regionen. Rv. 70 er stamveien fra Kristiansund til Oppdal og videre E6 til Oslo og Europa. Strekningen Tingvoll &#8211; Meisingset er under opprusting, og forh\u00e5pentligvis kommer det ogs\u00e5 forbedringer i \u00c5lvundfjord. Kristiansund st\u00f8tter Aure og Sm\u00f8la i arbeidet om oppretting av fergeforbindelse mellom Kj\u00f8rsvikbugen og Hitra.<\/p>\n<p>Sammen med Avinor arbeides det for videre utbygging av passasjer- og helikopterterminalen p\u00e5 Kvernberget. Avinor gjorde store investeringer p\u00e5 Kvernberget i 2015, og vi h\u00e5per denne satsingen p\u00e5 Kristiansund fortsetter.<\/p>\n","protected":false},"excerpt":{"rendered":"<p>M\u00e5l Kristiansund skal ha et godt utbygd, tilgjengelig, milj\u00f8vennlig og sikkert samferdselstilbud som styrker regional og lokal utvikling. Vi skal Styrke samferdselstilbudet p\u00e5 Nordm\u00f8re i samarbeid med nabokommuner og andre myndigheter. Videreutvikle og forsterke Kristiansund som havneby og stamnetthavn gjennom Kristiansund og Nordm\u00f8re Havn. Bidra til videreutvikling av Kristiansund lufthavn og oppgradering av helikopterbasen. Resultater [&hellip;]<\/p>\n","protected":false},"author":2,"featured_media":0,"parent":26,"menu_order":36,"comment_status":"closed","ping_status":"closed","template":"","meta":[],"acf":[],"_links":{"self":[{"href":"https:\/\/aarsrapport.kristiansund.kommune.no\/2016\/wp-json\/wp\/v2\/pages\/67"}],"collection":[{"href":"https:\/\/aarsrapport.kristiansund.kommune.no\/2016\/wp-json\/wp\/v2\/pages"}],"about":[{"href":"https:\/\/aarsrapport.kristiansund.kommune.no\/2016\/wp-json\/wp\/v2\/types\/page"}],"author":[{"embeddable":true,"href":"https:\/\/aarsrapport.kristiansund.kommune.no\/2016\/wp-json\/wp\/v2\/users\/2"}],"replies":[{"embeddable":true,"href":"https:\/\/aarsrapport.kristiansund.kommune.no\/2016\/wp-json\/wp\/v2\/comments?post=67"}],"version-history":[{"count":0,"href":"https:\/\/aarsrapport.kristiansund.kommune.no\/2016\/wp-json\/wp\/v2\/pages\/67\/revisions"}],"up":[{"embeddable":true,"href":"https:\/\/aarsrapport.kristiansund.kommune.no\/2016\/wp-json\/wp\/v2\/pages\/26"}],"wp:attachment":[{"href":"https:\/\/aarsrapport.kristiansund.kommune.no\/2016\/wp-json\/wp\/v2\/media?parent=67"}],"curies":[{"name":"wp","href":"https:\/\/api.w.org\/{rel}","templated":true}]}}