{"id":347,"date":"2016-05-26T15:30:45","date_gmt":"2016-05-26T13:30:45","guid":{"rendered":"http:\/\/ksu.wpengine.com\/ksu-2\/?page_id=347"},"modified":"2017-05-24T13:39:45","modified_gmt":"2017-05-24T11:39:45","slug":"plansystemet","status":"publish","type":"page","link":"https:\/\/aarsrapport.kristiansund.kommune.no\/2016\/styring-og-kontroll\/plansystemet\/","title":{"rendered":"&#8211; Plansystemet"},"content":{"rendered":"<h3 style=\"text-align: center;\">Kommunens plansystem<\/h3>\n<p><a href=\"http:\/\/aarsrapport.kristiansund.kommune.no\/2016\/wp-content\/uploads\/sites\/9\/2016\/05\/Kommuneplan.png\"><img decoding=\"async\" loading=\"lazy\" class=\"alignnone wp-image-881 size-large\" src=\"http:\/\/aarsrapport.kristiansund.kommune.no\/2016\/wp-content\/uploads\/sites\/9\/2016\/05\/Kommuneplan-1024x650.png\" alt=\"\" width=\"1024\" height=\"650\" srcset=\"https:\/\/aarsrapport.kristiansund.kommune.no\/2016\/wp-content\/uploads\/sites\/9\/2016\/05\/Kommuneplan-1024x650.png 1024w, https:\/\/aarsrapport.kristiansund.kommune.no\/2016\/wp-content\/uploads\/sites\/9\/2016\/05\/Kommuneplan-300x190.png 300w, https:\/\/aarsrapport.kristiansund.kommune.no\/2016\/wp-content\/uploads\/sites\/9\/2016\/05\/Kommuneplan-768x488.png 768w, https:\/\/aarsrapport.kristiansund.kommune.no\/2016\/wp-content\/uploads\/sites\/9\/2016\/05\/Kommuneplan.png 1969w\" sizes=\"(max-width: 1024px) 100vw, 1024px\" \/><\/a><\/p>\n<h2>Planstrategi<\/h2>\n<p>Bystyret skal minst \u00e9n gang i hver valgperiode, og senest innen ett \u00e5r etter konstituering, utarbeide og vedta en kommunal planstrategi. Hensikten med planstrategien er \u00e5 vurdere hvilke planoppgaver vi skal prioritere i valgperioden. Dette inkluderer ogs\u00e5 evaluering av gjeldende planverk.<\/p>\n<h2>Kommuneplanen<\/h2>\n<p>Kommuneplanen er kommunens overordnede strategiske styringsdokument og inneholder m\u00e5l og retningsvalg for kommunens utvikling. Kommuneplanen best\u00e5r av en samfunnsdel og en arealdel. Planen skal ivareta b\u00e5de kommunale, regionale og nasjonale m\u00e5l og interesser. I forkant av kommuneplanarbeidet utarbeides det et planprogram. Planprogrammet beskriver hvilke temaer som planlegges revidert i kommuneplanen, utredningsbehov og medvirkningsprosesser.<\/p>\n<p><strong>Samfunnsdelen<\/strong> konkretiserer m\u00e5l, strategier og \u00f8nsket utvikling for Kristiansundsamfunnet og kommuneorganisasjonen.<\/p>\n<p><strong>Arealdelen<\/strong> viser sammenhengen mellom fremtidig samfunnsutvikling og arealbruk, hvor avveiing mellom vern og utbygging er viktig. Planen er juridisk bindende.<\/p>\n<p>Kommuneplanen utarbeides for en periode p\u00e5 12 \u00e5r og revideres hvert fjerde \u00e5r. Kommuneplanen skal ha en handlingsdel (\u00f8konomiplan) som angir hvordan planen skal f\u00f8lges opp i fire\u00e5rsperioden. I v\u00e5r kommune innarbeides kommuneplanens handlingsdel i handlingsprogrammet.<\/p>\n<hr \/>\n<h3 style=\"text-align: center;\">\u00c5rshjul<\/h3>\n<div id=\"attachment_466\" style=\"width: 1900px\" class=\"wp-caption aligncenter\"><a href=\"http:\/\/aarsrapport.kristiansund.kommune.no\/2016\/wp-content\/uploads\/sites\/9\/2016\/06\/4.2.1b.jpg\"><img aria-describedby=\"caption-attachment-466\" decoding=\"async\" loading=\"lazy\" class=\"wp-image-466 size-full\" src=\"http:\/\/aarsrapport.kristiansund.kommune.no\/2016\/wp-content\/uploads\/sites\/9\/2016\/06\/4.2.1b.jpg\" alt=\"\u00c5rshjul\" width=\"1890\" height=\"1200\" srcset=\"https:\/\/aarsrapport.kristiansund.kommune.no\/2016\/wp-content\/uploads\/sites\/9\/2016\/06\/4.2.1b.jpg 1890w, https:\/\/aarsrapport.kristiansund.kommune.no\/2016\/wp-content\/uploads\/sites\/9\/2016\/06\/4.2.1b-300x190.jpg 300w, https:\/\/aarsrapport.kristiansund.kommune.no\/2016\/wp-content\/uploads\/sites\/9\/2016\/06\/4.2.1b-768x488.jpg 768w, https:\/\/aarsrapport.kristiansund.kommune.no\/2016\/wp-content\/uploads\/sites\/9\/2016\/06\/4.2.1b-1024x650.jpg 1024w\" sizes=\"(max-width: 1890px) 100vw, 1890px\" \/><\/a><p id=\"caption-attachment-466\" class=\"wp-caption-text\">Figuren over\u00a0illustrerer de overordnede strategiske prosessene knyttet til kommuneplanen (4-\u00e5rshjulet) og handlingsprogrammet (1-\u00e5rshjulet).<\/p><\/div>\n<h2>Handlingsprogrammet<\/h2>\n<p>Handlingsprogrammet skal sikre god sammenheng mellom plan, virkemiddel og gjennomf\u00f8ring. Kommunens \u00e5rsbudsjett og \u00f8konomiplan utgj\u00f8r handlingsprogrammet. \u00c5rsbudsjettet og \u00f8konomiplanen utarbeides gjennom en felles prosess og integreres i samme dokument.<\/p>\n<p><strong>\u00d8konomiplanen<\/strong> har et 4. \u00e5rs perspektiv med \u00e5rsbudsjettet som f\u00f8rste \u00e5r. Planen rulleres \u00e5rlig.<\/p>\n<p><strong>\u00c5rsbudsjettet<\/strong> er kommunens bevilgningsdokument, det vil si at vedtatt budsjett angir hvilke rammer bystyret har bevilget til kommunens virksomhet det kommende \u00e5ret \u2013 rammene er bindende for rammeomr\u00e5dene.<\/p>\n<p>Gjennom handlingsprogrammet skal kommunen realisere m\u00e5lsetninger fastsatt i kommuneplanens langsiktige del, planlegge nye tiltak og f\u00f8re kontroll med kommunens ressurstilgang og ressursbruk. De \u00f8konomiske rammene bygger p\u00e5 rammefaktorer i kommuneproposisjonen og statsbudsjettet. \u00d8konomiske konsekvenser knyttet til m\u00e5l og tiltak i kommunens tema- og sektorplaner, jamf\u00f8r planstrategien innarbeides ogs\u00e5 i handlingsprogrammet for oppf\u00f8lging. I tillegg kommer en rekke m\u00e5leindikator basert p\u00e5 kommunens m\u00e5l- og resultatstyring.<\/p>\n<h2>Handlingsplaner<\/h2>\n<p>M\u00e5l og tiltak fra handlingsprogrammet, felles gjennomg\u00e5ende planer og annet relevant planverk som f\u00f8lger av planstrategien, videref\u00f8res og f\u00f8lges opp i ulike handlingsplaner. Handlingsplanene er dokument som skal sikre sammenheng mellom organisasjonens m\u00e5l, tiltak og resultater, samt oppf\u00f8lging av politiske vedtak, lover og forskrifter.<\/p>\n<h2>Felles gjennomg\u00e5ende planer<\/h2>\n<p>Vi har flere gjennomg\u00e5ende planer som gjelder for hele organisasjonen. Disse revideres normalt hvert fjerde \u00e5r, og m\u00e5l og tiltak innarbeides i handlingsprogrammet og\/eller handlingsplanene for oppf\u00f8lging.<\/p>\n<p>De gjennomg\u00e5ende planene er:<\/p>\n<ul>\n<li>Anskaffelsesstrategi 2016-2020<\/li>\n<li>Strategisk kompetanseplan 2016-2020<\/li>\n<li>Arbeidsgiverstrategi mot 2020<\/li>\n<\/ul>\n<h2>Utfordringer og planer<\/h2>\n<p>R\u00e5dmannen har igangsatt en prosess for \u00e5 heve kvaliteten p\u00e5 v\u00e5re plandokumenter. Dette skal resultere i en mer integrert og sammenhengende planstruktur i kommunen. Det er i gjeldende planstrategi lagt opp til f\u00e5, men strategisk styrende plandokumenter. Alle andre planer som utarbeides i kommunen skal relateres til og hjemles i en av disse overordnede planene.<\/p>\n<p>R\u00e5dmannen vil s\u00f8rge for et tett samarbeid med de folkevalgte for \u00e5 bygge en kommuneplan og delplaner som st\u00e5r seg i fremtiden. Samfunnsdelen er under revidering og kommer til politisk behandling v\u00e5ren 2017. Planarbeid knyttet til arealdelen har oppstart h\u00f8sten 2017.<\/p>\n<p>Det skal i 2017 fremmes sak om;<\/p>\n<ul>\n<li>rullering av kommunens arbeidsgiverstrategi<\/li>\n<li>ny digitaliseringsstrategi<\/li>\n<\/ul>\n<p>Planarbeid knyttet til strategisk IKT-plan er p\u00e5begynt og ferdigstilles i 2017.<\/p>\n","protected":false},"excerpt":{"rendered":"<p>Kommunens plansystem Planstrategi Bystyret skal minst \u00e9n gang i hver valgperiode, og senest innen ett \u00e5r etter konstituering, utarbeide og vedta en kommunal planstrategi. Hensikten med planstrategien er \u00e5 vurdere hvilke planoppgaver vi skal prioritere i valgperioden. Dette inkluderer ogs\u00e5 evaluering av gjeldende planverk. Kommuneplanen Kommuneplanen er kommunens overordnede strategiske styringsdokument og inneholder m\u00e5l og [&hellip;]<\/p>\n","protected":false},"author":2,"featured_media":0,"parent":27,"menu_order":11,"comment_status":"closed","ping_status":"closed","template":"","meta":[],"acf":[],"_links":{"self":[{"href":"https:\/\/aarsrapport.kristiansund.kommune.no\/2016\/wp-json\/wp\/v2\/pages\/347"}],"collection":[{"href":"https:\/\/aarsrapport.kristiansund.kommune.no\/2016\/wp-json\/wp\/v2\/pages"}],"about":[{"href":"https:\/\/aarsrapport.kristiansund.kommune.no\/2016\/wp-json\/wp\/v2\/types\/page"}],"author":[{"embeddable":true,"href":"https:\/\/aarsrapport.kristiansund.kommune.no\/2016\/wp-json\/wp\/v2\/users\/2"}],"replies":[{"embeddable":true,"href":"https:\/\/aarsrapport.kristiansund.kommune.no\/2016\/wp-json\/wp\/v2\/comments?post=347"}],"version-history":[{"count":0,"href":"https:\/\/aarsrapport.kristiansund.kommune.no\/2016\/wp-json\/wp\/v2\/pages\/347\/revisions"}],"up":[{"embeddable":true,"href":"https:\/\/aarsrapport.kristiansund.kommune.no\/2016\/wp-json\/wp\/v2\/pages\/27"}],"wp:attachment":[{"href":"https:\/\/aarsrapport.kristiansund.kommune.no\/2016\/wp-json\/wp\/v2\/media?parent=347"}],"curies":[{"name":"wp","href":"https:\/\/api.w.org\/{rel}","templated":true}]}}