{"id":111,"date":"2016-05-20T13:02:08","date_gmt":"2016-05-20T11:02:08","guid":{"rendered":"http:\/\/ksu.wpengine.com\/ksu-2\/rammeomrader\/hjemmetjenester\/"},"modified":"2017-05-24T15:15:22","modified_gmt":"2017-05-24T13:15:22","slug":"hjemmetjenester","status":"publish","type":"page","link":"https:\/\/aarsrapport.kristiansund.kommune.no\/2016\/rammeomrader\/hjemmetjenester\/","title":{"rendered":"Hjemmetjenester"},"content":{"rendered":"<h2>Fakta<\/h2>\n<p>Rammeomr\u00e5det omfatter<\/p>\n<ul>\n<li>6 hjemmehjelpsroder<\/li>\n<li>2 bofelleskap<\/li>\n<\/ul>\n<p>Tjenesten skal bidra til at kommunens innbyggere kan bo hjemme s\u00e5 lenge som mulig til tross for sykdom, funksjonshemming eller alderdomssvekkelse.<\/p>\n<h2>M\u00e5l og resultater<\/h2>\n<div class=\"table-explanation\">\n<p>Resultatgrense:<\/p>\n<div class=\"table-explanation-item\">\n<div class=\"teal\">\u2022<\/div>\n<p>\u00d8nsket resultat<\/p>\n<\/div>\n<div class=\"table-explanation-item\">\n<div class=\"orange\">\u2022<\/div>\n<p>Akseptabelt resultat<\/p>\n<\/div>\n<div class=\"table-explanation-item\">\n<div class=\"purple\">\u2022<\/div>\n<p>Uakseptabelt resultat<\/p>\n<\/div>\n<\/div>\n<h4>Unikt m\u00e5lekort &#8211; rammeomr\u00e5de hjemmetjenester &#8211; fokusomr\u00e5de brukere<\/h4>\n<h4>Hovedm\u00e5l &#8211; Gode tjenester med fokus p\u00e5 kvalitet, tilgjengelighet og brukermedvirkning<\/h4>\n<table>\n<thead>\n<tr>\n<th style=\"background-color: #f9f9f9;\" bgcolor=\"#bfbfbf\">Suksessfaktor (delm\u00e5l)<\/th>\n<th style=\"background-color: #f9f9f9; text-align: left;\" bgcolor=\"#bfbfbf\">M\u00e5leindikator<\/th>\n<th style=\"background-color: #f9f9f9;\" bgcolor=\"#bfbfbf\">Resultat-krav<\/th>\n<th style=\"background-color: #f9f9f9;\" bgcolor=\"#bfbfbf\">Resultat 2014<\/th>\n<th style=\"background-color: #f9f9f9;\" bgcolor=\"#bfbfbf\">Resultat 2015<\/th>\n<th style=\"background-color: #f9f9f9;\" bgcolor=\"#bfbfbf\">Resultat 2016<\/th>\n<th style=\"background-color: #f9f9f9; text-align: left;\" bgcolor=\"#bfbfbf\">Kommentar<\/th>\n<\/tr>\n<\/thead>\n<tbody>\n<tr>\n<td rowspan=\"4\">Optimal utnyttelse av hjemmetjenestene<\/td>\n<td style=\"text-align: left;\">Registrert vedtakstid per uke<\/td>\n<td><\/td>\n<td>3 034<\/td>\n<td>4 285<\/td>\n<td>4\u00a0332<\/td>\n<td style=\"text-align: left;\">Vedtakstiden \u00f8kte med 47 timer per uke &#8211; tilsvarer 122 \u00e5rsverk i direkte pasientarbeid. Vi har 107 \u00e5rsverk knyttet<br \/>\ntil direkte pasientarbeid.<\/td>\n<\/tr>\n<tr>\n<td style=\"text-align: left;\"><span class=\"tooltips \" style=\"\" title=\"Brukerstyrt personlig assistent\">BPA<\/span>\u00a0per uke<\/td>\n<td><\/td>\n<td>318<\/td>\n<td>328<\/td>\n<td>607<\/td>\n<td style=\"text-align: left;\">BPA \u00f8kte med 279 timer per uke.<\/td>\n<\/tr>\n<tr>\n<td style=\"text-align: left;\"><span class=\"tooltips \" style=\"\" title=\"Personlig assistent\">PA<\/span> per uker<\/td>\n<td><\/td>\n<td>0<\/td>\n<td>73<\/td>\n<td>144<\/td>\n<td style=\"text-align: left;\">PA \u00f8kte med 71 timer per uke.<\/td>\n<\/tr>\n<tr>\n<td style=\"text-align: left;\">Omsorgsl\u00f8nn per uke<\/td>\n<td><\/td>\n<td>443<\/td>\n<td>535<\/td>\n<td>506<\/td>\n<td style=\"text-align: left;\">Omsorgsl\u00f8nn ble redusert med 29 timer per uke.<\/td>\n<\/tr>\n<tr>\n<td rowspan=\"3\">H\u00f8y faglig kvalitet p\u00e5 alle hjemmetjenester<\/td>\n<td style=\"text-align: left;\">Antall avvik medisinh\u00e5ndtering<\/td>\n<td>100<\/td>\n<td style=\"background-color: #ece9f2;\" bgcolor=\"#d86b77\">520<\/td>\n<td style=\"background-color: #ece9f2;\" bgcolor=\"#d86b77\">392<\/td>\n<td style=\"background-color: #ece9f2;\" bgcolor=\"#d86b77\">335<\/td>\n<td style=\"text-align: left;\">Nedgang i antall registrerte avvik p\u00e5 57, reel nedgang er st\u00f8rre p\u00e5 grunn av \u00f8kt tjenesteomfang. Nytt prosedyresystem<br \/>\nferdigstilles februar 2017 med p\u00e5f\u00f8lgende oppl\u00e6ring alle ansatte.<\/td>\n<\/tr>\n<tr>\n<td style=\"text-align: left;\">Antall legemiddel-gjennomgang ihht veileder<\/td>\n<td>100 %<\/td>\n<td>&#8211;<\/td>\n<td style=\"background-color: #ece9f2;\" bgcolor=\"#d86b77\">57 %<\/td>\n<td style=\"background-color: #ece9f2;\" bgcolor=\"#d86b77\">51\u00a0%<\/td>\n<td style=\"text-align: left;\">51 % har multidose. Prosjektet \u00abSikker legemiddelh\u00e5ndtering\u00bb innf\u00f8res i hele enheten i 2017.<\/td>\n<\/tr>\n<tr>\n<td style=\"text-align: left;\">Tilfredshet<\/td>\n<td>&#8211;<\/td>\n<td>&#8211;<\/td>\n<td>&#8211;<\/td>\n<td>&#8211;<\/td>\n<td style=\"text-align: left;\">Ikke gjennomf\u00f8rt brukerunders\u00f8kelser.<\/td>\n<\/tr>\n<\/tbody>\n<\/table>\n<h2><\/h2>\n<hr \/>\n<h3 style=\"text-align: center;\">Mottakere 67 og eldre<\/h3>\n<div id=\"attachment_858\" style=\"width: 1034px\" class=\"wp-caption alignnone\"><a href=\"http:\/\/aarsrapport.kristiansund.kommune.no\/2016\/wp-content\/uploads\/sites\/9\/2017\/05\/Mottakere-67-ar-og-eldre.png\"><img aria-describedby=\"caption-attachment-858\" decoding=\"async\" loading=\"lazy\" class=\"wp-image-858 size-large\" src=\"http:\/\/aarsrapport.kristiansund.kommune.no\/2016\/wp-content\/uploads\/sites\/9\/2017\/05\/Mottakere-67-ar-og-eldre-1024x650.png\" alt=\"\" width=\"1024\" height=\"650\" srcset=\"https:\/\/aarsrapport.kristiansund.kommune.no\/2016\/wp-content\/uploads\/sites\/9\/2017\/05\/Mottakere-67-ar-og-eldre-1024x650.png 1024w, https:\/\/aarsrapport.kristiansund.kommune.no\/2016\/wp-content\/uploads\/sites\/9\/2017\/05\/Mottakere-67-ar-og-eldre-300x190.png 300w, https:\/\/aarsrapport.kristiansund.kommune.no\/2016\/wp-content\/uploads\/sites\/9\/2017\/05\/Mottakere-67-ar-og-eldre-768x488.png 768w, https:\/\/aarsrapport.kristiansund.kommune.no\/2016\/wp-content\/uploads\/sites\/9\/2017\/05\/Mottakere-67-ar-og-eldre.png 1969w\" sizes=\"(max-width: 1024px) 100vw, 1024px\" \/><\/a><p id=\"caption-attachment-858\" class=\"wp-caption-text\">Mottakere av hjemmetjenester for eldre (67\u00a0\u00e5r\u00a0+) har v\u00e6rt noks\u00e5 stabil i perioden. Halvparten av mottakerne av hjemmetjenester er eldre og disse mottar om lag 40\u00a0% av antall tildelte timer i hjemmetjenesten. Dette er tilsvarende andel som i 2012. Den h\u00f8ye andelen av timer til yngre (0-66 \u00e5r), sees i sammenheng med at kommunen har f\u00e5tt ansvar for \u00e5 yte tjenester til stadig flere yngre brukere som f\u00f8lge av opptrappingsplaner og reformer.<\/p><\/div>\n<h2>Utfordringer og planer<\/h2>\n<p>R\u00e5dmannen vil tilby differensierte tilbud til mennesker med omfattende og komplekse omsorgsbehov.<\/p>\n<p>Det skal<\/p>\n<ul>\n<li>v\u00e6re fokus p\u00e5 tidlig innsats med rehabilitering og mestring i tverrfaglige tilbud for \u00e5 unng\u00e5 innleggelse i sykehjem<\/li>\n<li>gjennomf\u00f8res omfattende innsats knyttet til trygg legemiddelh\u00e5ndtering<\/li>\n<li>startes et arbeid med \u00e5 forbedre tjenestene til hjemmeboende personer med demens i regi av utviklingssenteret og demensteamet<\/li>\n<li>gjennomf\u00f8res et st\u00f8rre arbeid knyttet til \u00ablivets siste dager\u00bb i regi av kreftkoordinator<\/li>\n<\/ul>\n<p>I samhandlingen med helseforetaket skal det arbeides med pasientforl\u00f8pet for den eldre multisyke pasient.<\/p>\n","protected":false},"excerpt":{"rendered":"<p>Fakta Rammeomr\u00e5det omfatter 6 hjemmehjelpsroder 2 bofelleskap Tjenesten skal bidra til at kommunens innbyggere kan bo hjemme s\u00e5 lenge som mulig til tross for sykdom, funksjonshemming eller alderdomssvekkelse. M\u00e5l og resultater Resultatgrense: \u2022 \u00d8nsket resultat \u2022 Akseptabelt resultat \u2022 Uakseptabelt resultat Unikt m\u00e5lekort &#8211; rammeomr\u00e5de hjemmetjenester &#8211; fokusomr\u00e5de brukere Hovedm\u00e5l &#8211; Gode tjenester med fokus [&hellip;]<\/p>\n","protected":false},"author":2,"featured_media":0,"parent":30,"menu_order":43,"comment_status":"closed","ping_status":"closed","template":"","meta":[],"acf":[],"_links":{"self":[{"href":"https:\/\/aarsrapport.kristiansund.kommune.no\/2016\/wp-json\/wp\/v2\/pages\/111"}],"collection":[{"href":"https:\/\/aarsrapport.kristiansund.kommune.no\/2016\/wp-json\/wp\/v2\/pages"}],"about":[{"href":"https:\/\/aarsrapport.kristiansund.kommune.no\/2016\/wp-json\/wp\/v2\/types\/page"}],"author":[{"embeddable":true,"href":"https:\/\/aarsrapport.kristiansund.kommune.no\/2016\/wp-json\/wp\/v2\/users\/2"}],"replies":[{"embeddable":true,"href":"https:\/\/aarsrapport.kristiansund.kommune.no\/2016\/wp-json\/wp\/v2\/comments?post=111"}],"version-history":[{"count":0,"href":"https:\/\/aarsrapport.kristiansund.kommune.no\/2016\/wp-json\/wp\/v2\/pages\/111\/revisions"}],"up":[{"embeddable":true,"href":"https:\/\/aarsrapport.kristiansund.kommune.no\/2016\/wp-json\/wp\/v2\/pages\/30"}],"wp:attachment":[{"href":"https:\/\/aarsrapport.kristiansund.kommune.no\/2016\/wp-json\/wp\/v2\/media?parent=111"}],"curies":[{"name":"wp","href":"https:\/\/api.w.org\/{rel}","templated":true}]}}