{"id":108,"date":"2016-05-20T13:02:08","date_gmt":"2016-05-20T11:02:08","guid":{"rendered":"http:\/\/ksu.wpengine.com\/ksu-2\/rammeomrader\/kultur\/"},"modified":"2017-05-19T13:25:51","modified_gmt":"2017-05-19T11:25:51","slug":"kultur","status":"publish","type":"page","link":"https:\/\/aarsrapport.kristiansund.kommune.no\/2016\/rammeomrader\/kultur\/","title":{"rendered":"Kultur"},"content":{"rendered":"<h2><\/h2>\n<h2><span lang=\"nn-NO\">Fakta<\/span><\/h2>\n<p>Rammeomr\u00e5det omfatter<\/p>\n<ul>\n<li>idrettspark med idrettshall, badeland, kaf\u00e9 og kommunale idrettsanlegg<\/li>\n<li>kulturskole med sang\/musikk, musikkteater og kunst<\/li>\n<li>bibliotek<\/li>\n<li>oppgaver knyttet til\n<ul>\n<li>kommunens kulturoppgaver<\/li>\n<li>kunst \u2013 og kulturformidling<\/li>\n<li>tilskuddsordninger til lag og foreninger og \u00f8vrig frivillig virksomhet<\/li>\n<li>administrasjon av Caroline kino- og konferansesenter, Festiviteten og andre sentrale kultur- og fritidstilbud.<\/li>\n<\/ul>\n<\/li>\n<\/ul>\n<p>Tjenesten skal sikre et godt fritids- og kulturtilbud til det beste for alle innbyggere lokalt og regionalt, i n\u00e6rt samarbeid med idrettslag, friluftsorganisasjoner, kultur og frivilligheten, profesjonelle kulturinstitusjoner og frivillig kulturvirksomhet.<\/p>\n<h2>M\u00e5l og resultater<\/h2>\n<div class=\"table-explanation\">\n<p>Resultatgrense:<\/p>\n<div class=\"table-explanation-item\">\n<div class=\"teal\">\u2022<\/div>\n<p>\u00d8nsket resultat<\/p>\n<\/div>\n<div class=\"table-explanation-item\">\n<div class=\"orange\">\u2022<\/div>\n<p>Akseptabelt resultat<\/p>\n<\/div>\n<div class=\"table-explanation-item\">\n<div class=\"purple\">\u2022<\/div>\n<p>Uakseptabelt resultat<\/p>\n<\/div>\n<\/div>\n<h4>Unikt m\u00e5lekort &#8211; rammeomr\u00e5de kultur &#8211; fokusomr\u00e5de brukere<\/h4>\n<h4>Hovedm\u00e5l &#8211; Gode tjenester med fokus p\u00e5 kvalitet, tilgjengelighet og brukermedvirkning<\/h4>\n<table>\n<thead>\n<tr>\n<th style=\"background-color: #f9f9f9;\">Suksessfaktor (delm\u00e5l)<\/th>\n<th style=\"background-color: #f9f9f9; text-align: left;\">M\u00e5leindikator<\/th>\n<th style=\"background-color: #f9f9f9;\">Resultat-krav<\/th>\n<th style=\"background-color: #f9f9f9; text-align: center;\">Resultat 2014<\/th>\n<th style=\"background-color: #f9f9f9;\">Resultat 2015<\/th>\n<th style=\"background-color: #f9f9f9;\">Resultat 2016<\/th>\n<th style=\"background-color: #f9f9f9; text-align: left;\">Kommentar<\/th>\n<\/tr>\n<\/thead>\n<tbody>\n<tr>\n<td rowspan=\"5\">Variert kulturliv som gir gode opplevelser<\/td>\n<td style=\"text-align: left;\">Tilfredshet &#8211; service bad<\/td>\n<td>70 %<\/td>\n<td style=\"background-color: #f4f9f8; text-align: center;\" >78,5 %<\/td>\n<td style=\"background-color: #f4f9f8;\" >77,7 %<\/td>\n<td style=\"background-color: #f4f9f8;\" >81,0 %<\/td>\n<td style=\"text-align: left;\" rowspan=\"2\">Niv\u00e5 p\u00e5 b\u00e5de service og renhold har \u00f8kt etter tiltak.<\/td>\n<\/tr>\n<tr>\n<td style=\"text-align: left;\">Tilfredshet \u2013 renhold bad<\/td>\n<td>70 %<\/td>\n<td style=\"background-color: #f4f9f8; text-align: center;\" >71,2 %<\/td>\n<td style=\"background-color: #fcf7ee;\" >65,8 %<\/td>\n<td style=\"background-color: #f4f9f8;\" >70,8 %<\/td>\n<\/tr>\n<tr>\n<td style=\"text-align: left;\">Antall bes\u00f8kende &#8211; badeland<\/td>\n<td>\u00d8kende<\/td>\n<td style=\"background-color: #f4f9f8; text-align: center;\" >110 900<\/td>\n<td style=\"background-color: #f4f9f8;\" >117 700<\/td>\n<td style=\"background-color: #fcf7ee;\" >109 600<\/td>\n<td style=\"text-align: left;\">Totale bes\u00f8kstall med skoles\u00f8mming og leietakere var 148\u00a0475.<\/td>\n<\/tr>\n<tr>\n<td style=\"text-align: left;\">Antall bes\u00f8kende &#8211; kino<\/td>\n<td>\u00d8kende<\/td>\n<td style=\"background-color: #ece9f2; text-align: center;\" >54 653<\/td>\n<td style=\"background-color: #f4f9f8;\" >63 568<\/td>\n<td style=\"background-color: #fcf7ee;\" >63 241<\/td>\n<td style=\"text-align: left;\">Bes\u00f8ket noe redusert i forhold til 2015, hovedsakelig knyttet til f\u00e5 storfilmer.<\/td>\n<\/tr>\n<tr>\n<td style=\"text-align: left;\">Antall bes\u00f8kende &#8211; bibliotek<\/td>\n<td>\u00d8kende<\/td>\n<td style=\"background-color: #ece9f2; text-align: center;\" >85 378<\/td>\n<td style=\"background-color: #f4f9f8;\" >85 422<\/td>\n<td style=\"background-color: #fcf7ee;\" >83 664<\/td>\n<td style=\"text-align: left;\">Bes\u00f8ket redusert med 2\u00a0% fra 2015. Biblioteket har hatt 4 timer kortere \u00e5pningstid hver uke i 2016. I tillegg<br \/>\n                var biblioteket stengt 2 uker i april i forbindelse med innf\u00f8ring av selvbetjeningsl\u00f8sning.<\/td>\n<\/tr>\n<tr>\n<td>Aktiv medhjelper i s\u00f8knader om eksterne midler<\/td>\n<td style=\"text-align: left;\">Antall s\u00f8knader, spillemiddeltilskudd<\/td>\n<td>&gt; 18<\/td>\n<td style=\"background-color: #fcf7ee; text-align: center;\" >13<\/td>\n<td style=\"background-color: #f4f9f8;\" >20<\/td>\n<td style=\"background-color: #f4f9f8;\" >21<\/td>\n<td style=\"text-align: left;\">Antall s\u00f8knader \u00f8kte i forhold til 2015. Flere saksbehandlere har ansvar for \u00e5 bist\u00e5 lag og organisasjoner med<br \/>\n                s\u00f8knad om eksterne midler.<\/td>\n<\/tr>\n<tr>\n<td>Ledende kulturby med et mangfoldig tilbud<\/td>\n<td style=\"text-align: left;\">Nytt opera og kulturhus<\/td>\n<td>Realisert<\/td>\n<td style=\"background-color: #ece9f2; text-align: center;\" >Prosjektering<\/td>\n<td style=\"background-color: #fcf7ee;\" >Fornyet s\u00f8knad\n            <\/td>\n<td style=\"background-color: #fcf7ee;\" >Revidert<\/td>\n<td style=\"text-align: left;\">Vedtatt i Kristiansund kommune og M\u00f8re og Romsdal fylkeskommune. Revidert s\u00f8knad om finansiering over statsbudsjettet<br \/>\n                er sendt Kulturdepartementet og fulgt opp med direktearbeid mot sentrale akt\u00f8rer.<\/td>\n<\/tr>\n<\/tbody>\n<\/table>\n<h2>Utfordringer og planer<\/h2>\n<p>R\u00e5dmannen vil bidra til \u00e5 opprettholde et godt og mangfoldig tilbud innen kultur og idrett gjennom riktig fordeling av midler og sikring av tilgang til anlegg for b\u00e5de topp og bredde.<\/p>\n<p>Det skal i 2017 arbeides aktivt med detaljering av planer knyttet til realisering av nytt opera- og kulturhus.<\/p>\n","protected":false},"excerpt":{"rendered":"<p>Fakta Rammeomr\u00e5det omfatter idrettspark med idrettshall, badeland, kaf\u00e9 og kommunale idrettsanlegg kulturskole med sang\/musikk, musikkteater og kunst bibliotek oppgaver knyttet til kommunens kulturoppgaver kunst \u2013 og kulturformidling tilskuddsordninger til lag og foreninger og \u00f8vrig frivillig virksomhet administrasjon av Caroline kino- og konferansesenter, Festiviteten og andre sentrale kultur- og fritidstilbud. Tjenesten skal sikre et godt fritids- [&hellip;]<\/p>\n","protected":false},"author":2,"featured_media":0,"parent":30,"menu_order":40,"comment_status":"closed","ping_status":"closed","template":"","meta":[],"acf":[],"_links":{"self":[{"href":"https:\/\/aarsrapport.kristiansund.kommune.no\/2016\/wp-json\/wp\/v2\/pages\/108"}],"collection":[{"href":"https:\/\/aarsrapport.kristiansund.kommune.no\/2016\/wp-json\/wp\/v2\/pages"}],"about":[{"href":"https:\/\/aarsrapport.kristiansund.kommune.no\/2016\/wp-json\/wp\/v2\/types\/page"}],"author":[{"embeddable":true,"href":"https:\/\/aarsrapport.kristiansund.kommune.no\/2016\/wp-json\/wp\/v2\/users\/2"}],"replies":[{"embeddable":true,"href":"https:\/\/aarsrapport.kristiansund.kommune.no\/2016\/wp-json\/wp\/v2\/comments?post=108"}],"version-history":[{"count":0,"href":"https:\/\/aarsrapport.kristiansund.kommune.no\/2016\/wp-json\/wp\/v2\/pages\/108\/revisions"}],"up":[{"embeddable":true,"href":"https:\/\/aarsrapport.kristiansund.kommune.no\/2016\/wp-json\/wp\/v2\/pages\/30"}],"wp:attachment":[{"href":"https:\/\/aarsrapport.kristiansund.kommune.no\/2016\/wp-json\/wp\/v2\/media?parent=108"}],"curies":[{"name":"wp","href":"https:\/\/api.w.org\/{rel}","templated":true}]}}