{"id":103,"date":"2016-05-20T13:02:08","date_gmt":"2016-05-20T11:02:08","guid":{"rendered":"http:\/\/ksu.wpengine.com\/ksu-2\/rammeomrader\/politisk-styring\/"},"modified":"2017-05-30T16:11:18","modified_gmt":"2017-05-30T14:11:18","slug":"politisk-styring","status":"publish","type":"page","link":"https:\/\/aarsrapport.kristiansund.kommune.no\/2016\/rammeomrader\/politisk-styring\/","title":{"rendered":"Politisk styring"},"content":{"rendered":"<h2>Fakta<\/h2>\n<p>Rammeomr\u00e5det omfatter<\/p>\n<ul>\n<li>politisk sekretariat<\/li>\n<li>kontrollutvalgssekretariat<\/li>\n<\/ul>\n<p>Tjenesten skal tilrettelegge for politiske styringsprosesser og sikre at de folkevalgte har gode arbeidsvilk\u00e5r og gode beslutningsgrunnlag.<\/p>\n<h2>M\u00e5l og resultater<\/h2>\n<div class=\"table-explanation\">\n<p>Resultatgrense:<\/p>\n<div class=\"table-explanation-item\">\n<div class=\"teal\">\u2022<\/div>\n<p>\u00d8nsket resultat<\/p>\n<\/div>\n<div class=\"table-explanation-item\">\n<div class=\"orange\">\u2022<\/div>\n<p>Akseptabelt resultat<\/p>\n<\/div>\n<div class=\"table-explanation-item\">\n<div class=\"purple\">\u2022<\/div>\n<p>Uakseptabelt resultat<\/p>\n<\/div>\n<\/div>\n<h4>Unikt m\u00e5lekort &#8211; rammeomr\u00e5de politisk styring &#8211; fokusomr\u00e5de brukere<\/h4>\n<h4>Hovedm\u00e5l &#8211; Gode tjenester med fokus p\u00e5 kvalitet, tilgjengelighet og brukermedvirkning<\/h4>\n<table>\n<thead>\n<tr>\n<th style=\"background-color: #f9f9f9;\" bgcolor=\"#bfbfbf\">Suksessfaktor (delm\u00e5l)<\/th>\n<th style=\"background-color: #f9f9f9; text-align: left;\" bgcolor=\"#bfbfbf\">M\u00e5leindikator<\/th>\n<th style=\"background-color: #f9f9f9;\" bgcolor=\"#bfbfbf\">Resultat-krav<\/th>\n<th style=\"background-color: #f9f9f9;\" bgcolor=\"#bfbfbf\">Resultat 2014<\/th>\n<th style=\"background-color: #f9f9f9;\" bgcolor=\"#bfbfbf\">Resultat 2015<\/th>\n<th style=\"background-color: #f9f9f9;\" bgcolor=\"#bfbfbf\">Resultat 2016<\/th>\n<th style=\"background-color: #f9f9f9; text-align: left;\" bgcolor=\"#bfbfbf\">Kommentar<\/th>\n<\/tr>\n<\/thead>\n<tbody>\n<tr>\n<td>Godt tilrettelagte arbeids-forhold og god service for folkevalgte<\/td>\n<td style=\"text-align: left;\">M\u00f8teinnkallinger er folkevalgte i hende 7 dager f\u00f8r m\u00f8tedato<\/td>\n<td>\u2265 7 dager<\/td>\n<td style=\"background-color: #fcf7ee;\" bgcolor=\"#ffff66\">6,2 dager<\/td>\n<td style=\"background-color: #fcf7ee;\" bgcolor=\"#ffff66\">6,6 dager<\/td>\n<td style=\"background-color: #fcf7ee;\" bgcolor=\"#ffff66\">6,9 dager<\/td>\n<td style=\"text-align: left;\">\u00d8kt fokus p\u00e5 nyhetsverdien i politiske prosesser. Aktiv p\u00e5 arenaer for erfaringsutveksling. Tekniske utfordringer.<\/td>\n<\/tr>\n<tr>\n<td rowspan=\"2\">Avvikle stortingsvalg, kommunestyre- og fylkestingsvalg p\u00e5 en sikker og effektiv m\u00e5te<\/td>\n<td style=\"text-align: left;\">Offentliggj\u00f8ring av forel\u00f8pig valgresultat<\/td>\n<td>&lt; kl. 2300<\/td>\n<td style=\"text-align: center;\">&#8211;<\/td>\n<td style=\"background-color: #ece9f2;\" bgcolor=\"#d86b77\">kl. 0200<\/td>\n<td style=\"text-align: center;\">&#8211;<\/td>\n<td style=\"text-align: left;\">Ikke valg i 2016.<\/td>\n<\/tr>\n<tr>\n<td style=\"text-align: left;\">Antall u\u00f8nskede hendelser i valglokalene, som behandles av valgstyret<\/td>\n<td>0<\/td>\n<td style=\"text-align: center;\">&#8211;<\/td>\n<td style=\"background-color: #f4f9f8;\" bgcolor=\"#8dc182\">0<\/td>\n<td style=\"text-align: center;\">&#8211;<\/td>\n<td style=\"text-align: left;\">Ikke valg i 2016.<\/td>\n<\/tr>\n<\/tbody>\n<\/table>\n<h4>Politiske m\u00f8ter og saker<\/h4>\n<table cellspacing=\"0\" cellpadding=\"6\">\n<thead>\n<tr>\n<th style=\"background-color: #f9f9f9;\" rowspan=\"2\" bgcolor=\"#f9f9f9\" height=\"2\"><\/th>\n<th style=\"background-color: #f9f9f9;\" colspan=\"2\" bgcolor=\"#f9f9f9\">\n<p align=\"center\">2012<\/p>\n<\/th>\n<th style=\"background-color: #f9f9f9;\" colspan=\"2\" bgcolor=\"#f9f9f9\">\n<p align=\"center\">2013<\/p>\n<\/th>\n<th style=\"background-color: #f9f9f9;\" colspan=\"2\" bgcolor=\"#f9f9f9\">\n<p align=\"center\">2014<\/p>\n<\/th>\n<th style=\"background-color: #f9f9f9;\" colspan=\"2\" bgcolor=\"#f9f9f9\">\n<p align=\"center\">2015<\/p>\n<\/th>\n<th style=\"background-color: #f9f9f9;\" colspan=\"2\" bgcolor=\"#f4f9f8\">\n<p align=\"center\">2016<\/p>\n<\/th>\n<\/tr>\n<tr>\n<th style=\"background-color: #f9f9f9;\" bgcolor=\"#f9f9f9\">\n<p align=\"right\">M\u00f8ter<\/p>\n<\/th>\n<th style=\"background-color: #f9f9f9;\" bgcolor=\"#f9f9f9\">\n<p align=\"right\">Saker<\/p>\n<\/th>\n<th style=\"background-color: #f9f9f9;\" bgcolor=\"#f9f9f9\">\n<p align=\"right\">M\u00f8ter<\/p>\n<\/th>\n<th style=\"background-color: #f9f9f9;\" bgcolor=\"#f9f9f9\">\n<p align=\"right\">Saker<\/p>\n<\/th>\n<th style=\"background-color: #f9f9f9;\" bgcolor=\"#f9f9f9\">\n<p align=\"right\">M\u00f8ter<\/p>\n<\/th>\n<th style=\"background-color: #f9f9f9;\" bgcolor=\"#f9f9f9\">\n<p align=\"right\">Saker<\/p>\n<\/th>\n<th style=\"background-color: #f9f9f9;\" bgcolor=\"#f9f9f9\">\n<p align=\"right\">M\u00f8ter<\/p>\n<\/th>\n<th style=\"background-color: #f9f9f9;\" bgcolor=\"#f9f9f9\">\n<p align=\"right\">Saker<\/p>\n<\/th>\n<th style=\"background-color: #f9f9f9;\" bgcolor=\"#f4f9f8\">\n<p align=\"right\">M\u00f8ter<\/p>\n<\/th>\n<th style=\"background-color: #f9f9f9;\" bgcolor=\"#f4f9f8\">\n<p align=\"right\">Saker<\/p>\n<\/th>\n<\/tr>\n<\/thead>\n<colgroup>\n<col \/>\n<col \/>\n<col \/>\n<col \/>\n<col \/>\n<col \/>\n<col \/>\n<col \/>\n<col \/>\n<col \/>\n<col \/> <\/colgroup>\n<tbody>\n<tr>\n<td height=\"3\">Bystyret<\/td>\n<td>\n<p align=\"right\">10<\/p>\n<\/td>\n<td>\n<p align=\"right\">94<\/p>\n<\/td>\n<td>\n<p align=\"right\">10<\/p>\n<\/td>\n<td>\n<p align=\"right\">107<\/p>\n<\/td>\n<td>\n<p align=\"right\">12<\/p>\n<\/td>\n<td>\n<p align=\"right\">96<\/p>\n<\/td>\n<td>\n<p align=\"right\">10<\/p>\n<\/td>\n<td>\n<p align=\"right\">86<\/p>\n<\/td>\n<td bgcolor=\"#f4f9f8\">\n<p align=\"right\">12<\/p>\n<\/td>\n<td bgcolor=\"#f4f9f8\">\n<p align=\"right\">99<\/p>\n<\/td>\n<\/tr>\n<\/tbody>\n<tbody>\n<tr>\n<td height=\"3\">Formannskapet<\/td>\n<td>\n<p align=\"right\">22<\/p>\n<\/td>\n<td>\n<p align=\"right\">168<\/p>\n<\/td>\n<td>\n<p align=\"right\">20<\/p>\n<\/td>\n<td>\n<p align=\"right\">121<\/p>\n<\/td>\n<td>\n<p align=\"right\">20<\/p>\n<\/td>\n<td>\n<p align=\"right\">124<\/p>\n<\/td>\n<td>\n<p align=\"right\">15<\/p>\n<\/td>\n<td>\n<p align=\"right\">97<\/p>\n<\/td>\n<td bgcolor=\"#f4f9f8\">\n<p align=\"right\">20<\/p>\n<\/td>\n<td bgcolor=\"#f4f9f8\">\n<p align=\"right\">138<\/p>\n<\/td>\n<\/tr>\n<\/tbody>\n<tbody>\n<tr>\n<td height=\"3\">Hovedutvalg<\/td>\n<td>\n<p align=\"right\">36<\/p>\n<\/td>\n<td>\n<p align=\"right\">141<\/p>\n<\/td>\n<td>\n<p align=\"right\">36<\/p>\n<\/td>\n<td>\n<p align=\"right\">130<\/p>\n<\/td>\n<td>\n<p align=\"right\">33<\/p>\n<\/td>\n<td>\n<p align=\"right\">101<\/p>\n<\/td>\n<td>\n<p align=\"right\">29<\/p>\n<\/td>\n<td>\n<p align=\"right\">77<\/p>\n<\/td>\n<td bgcolor=\"#f4f9f8\">\n<p align=\"right\">35<\/p>\n<\/td>\n<td bgcolor=\"#f4f9f8\">\n<p align=\"right\">89<\/p>\n<\/td>\n<\/tr>\n<\/tbody>\n<tbody>\n<tr>\n<td height=\"3\">\u00d8vrige utvalg<\/td>\n<td>\n<p align=\"right\">63<\/p>\n<\/td>\n<td>\n<p align=\"right\">242<\/p>\n<\/td>\n<td>\n<p align=\"right\">66<\/p>\n<\/td>\n<td>\n<p align=\"right\">252<\/p>\n<\/td>\n<td>\n<p align=\"right\">65<\/p>\n<\/td>\n<td>\n<p align=\"right\">240<\/p>\n<\/td>\n<td>\n<p align=\"right\">49<\/p>\n<\/td>\n<td>\n<p align=\"right\">179<\/p>\n<\/td>\n<td bgcolor=\"#f4f9f8\">\n<p align=\"right\">42<\/p>\n<\/td>\n<td bgcolor=\"#f4f9f8\">\n<p align=\"right\">145<\/p>\n<\/td>\n<\/tr>\n<\/tbody>\n<tbody>\n<tr>\n<td bgcolor=\"#f9f9f9\" height=\"2\">SUM<\/td>\n<td bgcolor=\"#f9f9f9\">\n<p align=\"right\">131<\/p>\n<\/td>\n<td bgcolor=\"#f9f9f9\">\n<p align=\"right\">645<\/p>\n<\/td>\n<td bgcolor=\"#f9f9f9\">\n<p align=\"right\">132<\/p>\n<\/td>\n<td bgcolor=\"#f9f9f9\">\n<p align=\"right\">610<\/p>\n<\/td>\n<td bgcolor=\"#f9f9f9\">\n<p align=\"right\">130<\/p>\n<\/td>\n<td bgcolor=\"#f9f9f9\">\n<p align=\"right\">561<\/p>\n<\/td>\n<td bgcolor=\"#f9f9f9\">\n<p align=\"right\">103<\/p>\n<\/td>\n<td bgcolor=\"#f9f9f9\">\n<p align=\"right\">439<\/p>\n<\/td>\n<td bgcolor=\"#f4f9f8\">\n<p align=\"right\">109<\/p>\n<\/td>\n<td bgcolor=\"#f4f9f8\">\n<p align=\"right\">471<\/p>\n<\/td>\n<\/tr>\n<\/tbody>\n<\/table>\n<div class=\"table-description\">\n<p><em>Tiltaket om \u00e5 ta ned den politiske m\u00f8teaktivitet er i utgangspunktet opprettholdt, men aktiviteten er fortsatt gjennomg\u00e5ende h\u00f8y. Formannskapets nye ansvarsomr\u00e5der har gitt behov for flere temabaserte m\u00f8ter. Videre har sentrale f\u00f8ringer for kommunereformen gitt behov for \u00e5 opprette utvidede politiske beslutningsorgan og flere tyngre saker har krevd politisk behandling p\u00e5 tre niv\u00e5.<\/em><\/p>\n<\/div>\n<h4 style=\"text-align: center;\">Oppm\u00f8ter<\/h4>\n<table style=\"width: 270px;\">\n<thead>\n<tr>\n<th style=\"background-color: #f9f9f9; width: 112px;\" rowspan=\"2\" bgcolor=\"#f2f2f2\">\u00a0(prosent)<\/th>\n<th style=\"background-color: #f9f9f9; text-align: center; width: 138px;\" colspan=\"2\" bgcolor=\"#f2f2f2\">2016<\/th>\n<\/tr>\n<tr>\n<th style=\"background-color: #f9f9f9; width: 78px; text-align: right;\" bgcolor=\"#f2f2f2\">Oppm\u00f8te<\/th>\n<th style=\"background-color: #f9f9f9; width: 60px; text-align: right;\" bgcolor=\"#f2f2f2\">Forfall<\/th>\n<\/tr>\n<\/thead>\n<tbody>\n<tr>\n<td style=\"width: 112px;\">Bystyret<\/td>\n<td style=\"width: 78px;\">79,6<\/td>\n<td style=\"width: 60px;\">20,4<\/td>\n<\/tr>\n<tr>\n<td style=\"width: 112px;\">Formannskapet<\/td>\n<td style=\"width: 78px;\">87,5<\/td>\n<td style=\"width: 60px;\">12,5<\/td>\n<\/tr>\n<tr>\n<td style=\"width: 112px;\">Hovedutvalg<\/td>\n<td style=\"width: 78px;\">79,3<\/td>\n<td style=\"width: 60px;\">25,0<\/td>\n<\/tr>\n<tr>\n<td style=\"background-color: #f9f9f9; width: 112px;\" bgcolor=\"#f2f2f2\">Gjennomsnitt<\/td>\n<td style=\"background-color: #f9f9f9; width: 78px;\" bgcolor=\"#f2f2f2\">80,7<\/td>\n<td style=\"background-color: #f9f9f9; width: 60px;\" bgcolor=\"#f2f2f2\">19,2<\/td>\n<\/tr>\n<\/tbody>\n<\/table>\n<h2>Utfordringer og planer<\/h2>\n<p>R\u00e5dmannen vil opptre med respekt og rettferdighet i administrasjonens m\u00f8te med politisk ledelse i bystyret og i andre r\u00e5d og utvalg. Det skal gjennomf\u00f8res politiske vurderinger i alle prinsipielle saker.<\/p>\n<p>Det skal<\/p>\n<ul>\n<li>gjennomf\u00f8res politiske vurderinger i alle prinsipielle saker<\/li>\n<li>gjennomf\u00f8res dialogseminar mellom politikere, enhetsledere og tillitsvalgte<\/li>\n<li>gjennomf\u00f8res folkevalgtunders\u00f8kelser<\/li>\n<li>v\u00e6re overf\u00f8ring av politiske m\u00f8ter i elektroniske kanaler<\/li>\n<\/ul>\n","protected":false},"excerpt":{"rendered":"<p>Fakta Rammeomr\u00e5det omfatter politisk sekretariat kontrollutvalgssekretariat Tjenesten skal tilrettelegge for politiske styringsprosesser og sikre at de folkevalgte har gode arbeidsvilk\u00e5r og gode beslutningsgrunnlag. M\u00e5l og resultater Resultatgrense: \u2022 \u00d8nsket resultat \u2022 Akseptabelt resultat \u2022 Uakseptabelt resultat Unikt m\u00e5lekort &#8211; rammeomr\u00e5de politisk styring &#8211; fokusomr\u00e5de brukere Hovedm\u00e5l &#8211; Gode tjenester med fokus p\u00e5 kvalitet, tilgjengelighet og [&hellip;]<\/p>\n","protected":false},"author":2,"featured_media":0,"parent":30,"menu_order":27,"comment_status":"closed","ping_status":"closed","template":"","meta":[],"acf":[],"_links":{"self":[{"href":"https:\/\/aarsrapport.kristiansund.kommune.no\/2016\/wp-json\/wp\/v2\/pages\/103"}],"collection":[{"href":"https:\/\/aarsrapport.kristiansund.kommune.no\/2016\/wp-json\/wp\/v2\/pages"}],"about":[{"href":"https:\/\/aarsrapport.kristiansund.kommune.no\/2016\/wp-json\/wp\/v2\/types\/page"}],"author":[{"embeddable":true,"href":"https:\/\/aarsrapport.kristiansund.kommune.no\/2016\/wp-json\/wp\/v2\/users\/2"}],"replies":[{"embeddable":true,"href":"https:\/\/aarsrapport.kristiansund.kommune.no\/2016\/wp-json\/wp\/v2\/comments?post=103"}],"version-history":[{"count":0,"href":"https:\/\/aarsrapport.kristiansund.kommune.no\/2016\/wp-json\/wp\/v2\/pages\/103\/revisions"}],"up":[{"embeddable":true,"href":"https:\/\/aarsrapport.kristiansund.kommune.no\/2016\/wp-json\/wp\/v2\/pages\/30"}],"wp:attachment":[{"href":"https:\/\/aarsrapport.kristiansund.kommune.no\/2016\/wp-json\/wp\/v2\/media?parent=103"}],"curies":[{"name":"wp","href":"https:\/\/api.w.org\/{rel}","templated":true}]}}