{"id":111,"date":"2016-05-20T13:02:08","date_gmt":"2016-05-20T11:02:08","guid":{"rendered":"http:\/\/ksu.wpengine.com\/ksu-2\/rammeomrader\/hjemmetjenester\/"},"modified":"2016-06-28T13:28:51","modified_gmt":"2016-06-28T11:28:51","slug":"hjemmetjenester","status":"publish","type":"page","link":"https:\/\/aarsrapport.kristiansund.kommune.no\/2015\/rammeomrader\/hjemmetjenester\/","title":{"rendered":"Hjemmetjenester"},"content":{"rendered":"<h2>Fakta<\/h2>\n<p>Rammeomr\u00e5det omfatter<\/p>\n<ul>\n<li>5 hjemmehjelpsroder<\/li>\n<li>2 bofelleskap<\/li>\n<\/ul>\n<p>Tjenesten skal bidra til at kommunens innbyggere kan bo hjemme s\u00e5 lenge som mulig til tross for sykdom, funksjonshemming eller alderdomssvekkelse.<\/p>\n<h2>M\u00e5l og resultater<\/h2>\n<div class=\"table-explanation\">\n<p>Resultatgrense:<\/p>\n<div class=\"table-explanation-item\">\n<div class=\"teal\">\u2022<\/div>\n<p>\u00d8nsket resultat<\/p>\n<\/div>\n<div class=\"table-explanation-item\">\n<div class=\"orange\">\u2022<\/div>\n<p>Akseptabelt resultat<\/p>\n<\/div>\n<div class=\"table-explanation-item\">\n<div class=\"purple\">\u2022<\/div>\n<p>Uakseptabelt resultat<\/p>\n<\/div>\n<\/div>\n<h4>Unikt m\u00e5lekort &#8211; rammeomr\u00e5de hjemmetjenester &#8211; fokusomr\u00e5de brukere<\/h4>\n<h4>Hovedm\u00e5l &#8211; Gode tjenester med fokus p\u00e5 kvalitet, tilgjengelighet og brukermedvirkning<\/h4>\n<table style=\"width: 100%;\">\n<thead>\n<tr>\n<th style=\"width: 18%; text-align: left;\">Suksessfaktor<br \/>\n(delm\u00e5l)<\/th>\n<th style=\"width: 34%; text-align: left;\">M\u00e5leindikator<\/th>\n<th style=\"width: 12%; text-align: center;\">Resultat\u00adkrav<\/th>\n<th style=\"width: 12%; text-align: right;\">Resultat<br \/>\n2013<\/th>\n<th style=\"width: 12%; text-align: right;\">Resultat<br \/>\n2014<\/th>\n<th style=\"width: 12%; text-align: right;\">Resultat<br \/>\n2015<\/th>\n<\/tr>\n<\/thead>\n<tbody>\n<tr>\n<td style=\"width: 18%; text-align: left;\" rowspan=\"2\">Optimal utnyttelse av hjemme\u00adtjenestene<\/td>\n<td style=\"width: 34%; text-align: left;\"><span class=\"tooltips \" style=\"\" title=\"Kommentar: Vedtakstiden \u00f8kte med 1 251 timer per uke.\">Registrert vedtakstid per uke<\/span><\/td>\n<td style=\"text-align: center; width: 12%;\"><\/td>\n<td style=\"text-align: right; width: 12%;\"><\/td>\n<td style=\"text-align: right; width: 12%;\">3 034<\/td>\n<td style=\"text-align: right; width: 12%;\">4 285<\/td>\n<\/tr>\n<tr>\n<td style=\"width: 34%; text-align: left;\"><span class=\"tooltips \" style=\"\" title=\"&lt;em&gt;Brukerstyrt personlig assistent &lt;\/em&gt;Kommentar: BPA \u00f8kte med 10 timer per uke.\">BPA<\/span>\u00a0per uke<\/td>\n<td style=\"text-align: center; width: 12%;\"><\/td>\n<td style=\"text-align: right; width: 12%;\"><\/td>\n<td style=\"text-align: right; width: 12%;\">318<\/td>\n<td style=\"text-align: right; width: 12%;\">328<\/td>\n<\/tr>\n<tr>\n<td style=\"width: 18%; text-align: left;\">H\u00f8y faglig kvalitet p\u00e5 alle hjemme\u00adtjenester<\/td>\n<td style=\"width: 34%; text-align: left;\"><span class=\"tooltips \" style=\"\" title=\"Kommentar: Nedgang i antall registrerte avvik p\u00e5 128. Forbedringen skyldes innf\u00f8ring av avviksregistrering i kvalitetssystemet 2015 og kompetanseheving.\">Antall avvik medisin\u00adh\u00e5ndtering<\/span><\/td>\n<td style=\"text-align: center; width: 12%;\">100<\/td>\n<td style=\"text-align: right; width: 12%;\"><\/td>\n<td style=\"background-color: #ece9f2; width: 12%; text-align: right;\">520<\/td>\n<td style=\"background-color: #ece9f2; width: 12%; text-align: right;\">392<\/td>\n<\/tr>\n<tr>\n<td style=\"width: 18%; text-align: left;\"><\/td>\n<td style=\"width: 34%; text-align: left;\"><span class=\"tooltips \" style=\"\" title=\"Kommentar: 57 % har multidose.Vi arbeider med pasientsikkerhets-programmet hvor fokus er p\u00e5 sikker medikament-&lt;br \/&gt;\nh\u00e5ndtering.\">Antall legemiddel\u00adgjennom\u00adgang ihht veileder<\/span><\/td>\n<td style=\"text-align: center; width: 12%;\">100 %<\/td>\n<td style=\"text-align: right; width: 12%;\"><\/td>\n<td style=\"text-align: right; width: 12%;\"><\/td>\n<td style=\"background-color: #ece9f2; width: 12%; text-align: right;\">57 %<\/td>\n<\/tr>\n<tr>\n<td style=\"width: 18%; text-align: left;\"><\/td>\n<td style=\"width: 34%; text-align: left;\"><span class=\"tooltips \" style=\"\" title=\"Kommentar: Ikke gjennomf\u00f8rt brukerunders\u00f8kelser.\">Tilfredshet<\/span><\/td>\n<td style=\"text-align: center; width: 12%;\"><\/td>\n<td style=\"text-align: right; width: 12%;\"><\/td>\n<td style=\"text-align: right; width: 12%;\"><\/td>\n<td style=\"text-align: right; width: 12%;\"><\/td>\n<\/tr>\n<\/tbody>\n<\/table>\n<h2>Utfordringer og planer<\/h2>\n<p>R\u00e5dmannen vil tilby differensierte tilbud til mennesker med omfattende og komplekse omsorgsbehov. Det skal v\u00e6re fokus p\u00e5 tidlig innsats med rehabilitering og mestring i tverrfaglige tilbud for \u00e5 unng\u00e5 innleggelse i sykehjem.<\/p>\n<p>Det skal v\u00e6re fokus p\u00e5 at den enkelte skal klare seg lengst mulig i eget hjem. Ved bruk av forebyggende tjenester, og metodisk tiln\u00e6rming som for eksempel hverdagsrehabilitering og rehabilitering i hjemmet, forventer en at behovet for tjenester for den enkelte kan reduseres.<\/p>\n<hr \/>\n<h3 style=\"text-align: center;\">Mottakere 67 og eldre<\/h3>\n<div id=\"attachment_494\" style=\"width: 980px\" class=\"wp-caption alignnone\"><img aria-describedby=\"caption-attachment-494\" decoding=\"async\" loading=\"lazy\" class=\"size-full wp-image-494\" src=\"http:\/\/ksu.wpengine.com\/wp-content\/uploads\/sites\/7\/2016\/06\/7.10.jpg\" alt=\"Mottakere 67 \u00e5r og eldre\" width=\"970\" height=\"600\" \/><p id=\"caption-attachment-494\" class=\"wp-caption-text\">Mottakere av hjemmetjenester for eldre (67 \u00e5r +) har v\u00e6rt noks\u00e5 stabil i perioden. Halvparten av mottakerne av hjemmetjenester er eldre og disse mottar om lag 38 % av antall tildelte timer i hjemmetjenesten. Tilsvarende andel i 2011 var 40 %. Nedgangen i perioden, sees i sammenheng med \u00f8kning i antall yngre brukere. Dette skyldes at kommunen har f\u00e5tt ansvar for \u00e5 yte tjenester til stadig flere yngre brukere som f\u00f8lge av opptrappings-planer og reformer.<\/p><\/div>\n","protected":false},"excerpt":{"rendered":"<p>Fakta Rammeomr\u00e5det omfatter 5 hjemmehjelpsroder 2 bofelleskap Tjenesten skal bidra til at kommunens innbyggere kan bo hjemme s\u00e5 lenge som mulig til tross for sykdom, funksjonshemming eller alderdomssvekkelse. M\u00e5l og resultater Resultatgrense: \u2022 \u00d8nsket resultat \u2022 Akseptabelt resultat \u2022 Uakseptabelt resultat Unikt m\u00e5lekort &#8211; rammeomr\u00e5de hjemmetjenester &#8211; fokusomr\u00e5de brukere Hovedm\u00e5l &#8211; Gode tjenester med fokus [&hellip;]<\/p>\n","protected":false},"author":2,"featured_media":0,"parent":30,"menu_order":43,"comment_status":"closed","ping_status":"closed","template":"","meta":[],"acf":[],"_links":{"self":[{"href":"https:\/\/aarsrapport.kristiansund.kommune.no\/2015\/wp-json\/wp\/v2\/pages\/111"}],"collection":[{"href":"https:\/\/aarsrapport.kristiansund.kommune.no\/2015\/wp-json\/wp\/v2\/pages"}],"about":[{"href":"https:\/\/aarsrapport.kristiansund.kommune.no\/2015\/wp-json\/wp\/v2\/types\/page"}],"author":[{"embeddable":true,"href":"https:\/\/aarsrapport.kristiansund.kommune.no\/2015\/wp-json\/wp\/v2\/users\/2"}],"replies":[{"embeddable":true,"href":"https:\/\/aarsrapport.kristiansund.kommune.no\/2015\/wp-json\/wp\/v2\/comments?post=111"}],"version-history":[{"count":0,"href":"https:\/\/aarsrapport.kristiansund.kommune.no\/2015\/wp-json\/wp\/v2\/pages\/111\/revisions"}],"up":[{"embeddable":true,"href":"https:\/\/aarsrapport.kristiansund.kommune.no\/2015\/wp-json\/wp\/v2\/pages\/30"}],"wp:attachment":[{"href":"https:\/\/aarsrapport.kristiansund.kommune.no\/2015\/wp-json\/wp\/v2\/media?parent=111"}],"curies":[{"name":"wp","href":"https:\/\/api.w.org\/{rel}","templated":true}]}}